{"id":7003215,"date":"2021-11-01T19:38:25","date_gmt":"2021-11-01T19:38:25","guid":{"rendered":"https:\/\/gesticonnect.com\/a-propos-de-gesticonnect\/"},"modified":"2021-11-22T15:57:15","modified_gmt":"2021-11-22T15:57:15","slug":"notre-entreprise","status":"publish","type":"page","link":"https:\/\/gesticonnect.com\/fr-ca\/notre-entreprise\/","title":{"rendered":"Notre entreprise"},"content":{"rendered":"<p>[vc_row equal_height=\u00a0\u00bbyes\u00a0\u00bb content_placement=\u00a0\u00bbmiddle\u00a0\u00bb css=\u00a0\u00bb.vc_custom_1633703280747{padding-top: 40px !important;padding-bottom: 40px !important;}\u00a0\u00bb el_class=\u00a0\u00bbdark-heading\u00a0\u00bb][vc_column width=\u00a0\u00bb7\/12&Prime; col_padding=\u00a0\u00bb2&Prime; col_padding_side=\u00a0\u00bbright\u00a0\u00bb][vc_column_text css=\u00a0\u00bb.vc_custom_1636565085100{margin-bottom: 18px !important;}\u00a0\u00bb]<\/p>\n<h3>Chef de file de l\u2019innovation en technologies d\u2019administration des r\u00e9gimes d\u2019assurance collective.<\/h3>\n<p>[\/vc_column_text][vc_column_text font_size=\u00a0\u00bbmedium\u00a0\u00bb]<\/p>\n<p class=\"p1\">Les solutions technologiques de pointe en marque blanche ouvrent des possibilit\u00e9s d\u2019accro\u00eetre les sources de revenus et modernisent l\u2019exp\u00e9rience de l\u2019utilisateur.<\/p>\n<p>[\/vc_column_text][vc_row_inner css=\u00a0\u00bb.vc_custom_1494852056203{padding-top: 20px !important;}\u00a0\u00bb][vc_column_inner width=\u00a0\u00bb1\/2&Prime;][vc_column_text css=\u00a0\u00bb.vc_custom_1635795666025{margin-bottom: 12px !important;}\u00a0\u00bb]<\/p>\n<h5>Administration avanc\u00e9e<\/h5>\n<p>[\/vc_column_text][vc_column_text]<\/p>\n<p class=\"p1\">L\u2019exp\u00e9rience d\u2019administration automatis\u00e9e simplifie les activit\u00e9s administratives, attire des clients fid\u00e8les et en facilite la gestion.<\/p>\n<p>[\/vc_column_text][\/vc_column_inner][vc_column_inner width=\u00a0\u00bb1\/2&Prime;][vc_column_text css=\u00a0\u00bb.vc_custom_1636565305714{margin-bottom: 12px !important;}\u00a0\u00bb]<\/p>\n<h5>Solutions pour les conseillers<\/h5>\n<p>[\/vc_column_text][vc_column_text]<\/p>\n<p class=\"p1\">La plateforme de gestion des relations avec la client\u00e8le (CRM) pour les conseillers rend possibles les analyses en profondeur, ce qui vous aide \u00e0 mieux comprendre et \u00e0 mieux servir votre bassin de clients.<\/p>\n<p>[\/vc_column_text][\/vc_column_inner][\/vc_row_inner][vc_row_inner css=\u00a0\u00bb.vc_custom_1494852056203{padding-top: 20px !important;}\u00a0\u00bb][vc_column_inner width=\u00a0\u00bb1\/2&Prime;][vc_column_text css=\u00a0\u00bb.vc_custom_1635795739791{margin-bottom: 12px !important;}\u00a0\u00bb]<\/p>\n<h5>Adh\u00e9sion en ligne<\/h5>\n<p>[\/vc_column_text][vc_column_text]<\/p>\n<p class=\"p1\">Notre plateforme avant-gardiste et libre-service permet aux employ\u00e9s d\u2019adh\u00e9rer \u00e0 leur r\u00e9gime et de g\u00e9rer leurs protections d\u2019assurance en ligne.<\/p>\n<p><!--La plateforme moderne libre-service permet aux employ\u00e9s d\u2019adh\u00e9rer au programme et de g\u00e9rer leurs protections en ligne.-->[\/vc_column_text][\/vc_column_inner][vc_column_inner width=\u00a0\u00bb1\/2&Prime;][vc_column_text css=\u00a0\u00bb.vc_custom_1635795761752{margin-bottom: 12px !important;}\u00a0\u00bb]<\/p>\n<h5>Conception modulaire<\/h5>\n<p>[\/vc_column_text][vc_column_text]<\/p>\n<p class=\"p1\">Vous avez la flexibilit\u00e9 d\u2019ajouter des modules \u00e0 mesure que les besoins changent, ce qui offre de nouvelles possibilit\u00e9s de revenus.<\/p>\n<p>[\/vc_column_text][\/vc_column_inner][\/vc_row_inner][\/vc_column][vc_column width=\u00a0\u00bb5\/12&Prime; col_padding=\u00a0\u00bb1&Prime; col_padding_side=\u00a0\u00bbleft\u00a0\u00bb][vc_single_image image=\u00a0\u00bb7002842&Prime; img_size=\u00a0\u00bb474&#215;474&Prime; css=\u00a0\u00bb.vc_custom_1634073171840{margin-bottom: 0px !important;}\u00a0\u00bb][\/vc_column][\/vc_row][vc_row full_width=\u00a0\u00bbstretch_row_content_no_spaces\u00a0\u00bb bg_color_pre=\u00a0\u00bbbg-color-accent\u00a0\u00bb bg_overlay=\u00a0\u00bbaccent\u00a0\u00bb css=\u00a0\u00bb.vc_custom_1629382940020{padding-top: 0px !important;background-image: url(http:\/\/www.engage.veented.com\/business\/wp-content\/uploads\/sites\/114\/2017\/08\/business-2.jpg?id=961) !important;}\u00a0\u00bb el_id=\u00a0\u00bbabout-gesticonnectCTA\u00a0\u00bb][vc_column][vc_column_text]<div class=\"vntd-cta cta-text-color-white bg-color-none cta-align-center\"><div class=\"container\"><div class=\"row\"><div class=\"cta-texts\"><h2 class=\"cta-heading\"><span><\/span><\/h2><p class=\"cta-subtitle\">Voyez comment vous pouvez profiter d\u2019une exp\u00e9rience d\u2019avantages sociaux en ligne!<\/p><\/div><div class=\"cta-buttons\"><a href=\"https:\/\/gesticonnect.com\/fr-ca\/nous-joindre\/\" target=\"_blank\" title=\"NOUS JOINDRE\" class=\"btn cta-btn1 btn-outline btn-white btn-hover-white\">NOUS JOINDRE<\/a><\/div><\/div><\/div><\/div>[\/vc_column_text][\/vc_column][\/vc_row]<\/p>\n","protected":false},"excerpt":{"rendered":"<p>[vc_row equal_height=\u00a0\u00bbyes\u00a0\u00bb content_placement=\u00a0\u00bbmiddle\u00a0\u00bb css=\u00a0\u00bb.vc_custom_1633703280747{padding-top: 40px !important;padding-bottom: 40px !important;}\u00a0\u00bb el_class=\u00a0\u00bbdark-heading\u00a0\u00bb][vc_column width=\u00a0\u00bb7\/12&Prime; col_padding=\u00a0\u00bb2&Prime; col_padding_side=\u00a0\u00bbright\u00a0\u00bb][vc_column_text css=\u00a0\u00bb.vc_custom_1636565085100{margin-bottom: 18px !important;}\u00a0\u00bb] Chef de file de l\u2019innovation en technologies d\u2019administration des r\u00e9gimes d\u2019assurance collective. [\/vc_column_text][vc_column_text font_size=\u00a0\u00bbmedium\u00a0\u00bb] Les solutions technologiques de pointe en marque blanche ouvrent des possibilit\u00e9s d\u2019accro\u00eetre les sources de revenus et modernisent l\u2019exp\u00e9rience de l\u2019utilisateur. [&hellip;]<\/p>\n","protected":false},"author":1,"featured_media":0,"parent":0,"menu_order":0,"comment_status":"closed","ping_status":"closed","template":"","meta":{"bgseo_title":"","bgseo_description":"Gesticonnect provides leading technology solutions for benefits processing to transform back office operations for emerging market employers.","bgseo_robots_index":"index","bgseo_robots_follow":"follow","footnotes":""},"class_list":["post-7003215","page","type-page","status-publish","hentry"],"yoast_head":"<!-- This site is optimized with the Yoast SEO plugin v21.7 - https:\/\/yoast.com\/wordpress\/plugins\/seo\/ -->\n<title>Notre entreprise | Gesticonnect<\/title>\n<meta name=\"robots\" content=\"index, follow, max-snippet:-1, max-image-preview:large, max-video-preview:-1\" \/>\n<link rel=\"canonical\" href=\"https:\/\/gesticonnect.com\/fr-ca\/notre-entreprise\/\" \/>\n<meta property=\"og:locale\" content=\"fr_CA\" \/>\n<meta property=\"og:type\" content=\"article\" \/>\n<meta property=\"og:title\" content=\"Notre entreprise - Gesticonnect\" \/>\n<meta property=\"og:description\" content=\"[vc_row equal_height=\u00a0\u00bbyes\u00a0\u00bb content_placement=\u00a0\u00bbmiddle\u00a0\u00bb css=\u00a0\u00bb.vc_custom_1633703280747{padding-top: 40px !important;padding-bottom: 40px !important;}\u00a0\u00bb el_class=\u00a0\u00bbdark-heading\u00a0\u00bb][vc_column width=\u00a0\u00bb7\/12&Prime; col_padding=\u00a0\u00bb2&Prime; col_padding_side=\u00a0\u00bbright\u00a0\u00bb][vc_column_text css=\u00a0\u00bb.vc_custom_1636565085100{margin-bottom: 18px !important;}\u00a0\u00bb] Chef de file de l\u2019innovation en technologies d\u2019administration des r\u00e9gimes d\u2019assurance collective. [\/vc_column_text][vc_column_text font_size=\u00a0\u00bbmedium\u00a0\u00bb] Les solutions technologiques de pointe en marque blanche ouvrent des possibilit\u00e9s d\u2019accro\u00eetre les sources de revenus et modernisent l\u2019exp\u00e9rience de l\u2019utilisateur. [&hellip;]\" \/>\n<meta property=\"og:url\" content=\"https:\/\/gesticonnect.com\/fr-ca\/notre-entreprise\/\" \/>\n<meta property=\"og:site_name\" content=\"Gesticonnect\" \/>\n<meta property=\"article:modified_time\" content=\"2021-11-22T15:57:15+00:00\" \/>\n<meta name=\"twitter:card\" content=\"summary_large_image\" \/>\n<meta name=\"twitter:label1\" content=\"Estimation du temps de lecture\" \/>\n\t<meta name=\"twitter:data1\" content=\"2 minutes\" \/>\n<script type=\"application\/ld+json\" class=\"yoast-schema-graph\">{\"@context\":\"https:\/\/schema.org\",\"@graph\":[{\"@type\":\"WebPage\",\"@id\":\"https:\/\/gesticonnect.com\/fr-ca\/notre-entreprise\/\",\"url\":\"https:\/\/gesticonnect.com\/fr-ca\/notre-entreprise\/\",\"name\":\"Notre entreprise - Gesticonnect\",\"isPartOf\":{\"@id\":\"https:\/\/gesticonnect.com\/#website\"},\"datePublished\":\"2021-11-01T19:38:25+00:00\",\"dateModified\":\"2021-11-22T15:57:15+00:00\",\"breadcrumb\":{\"@id\":\"https:\/\/gesticonnect.com\/fr-ca\/notre-entreprise\/#breadcrumb\"},\"inLanguage\":\"fr-CA\",\"potentialAction\":[{\"@type\":\"ReadAction\",\"target\":[\"https:\/\/gesticonnect.com\/fr-ca\/notre-entreprise\/\"]}]},{\"@type\":\"BreadcrumbList\",\"@id\":\"https:\/\/gesticonnect.com\/fr-ca\/notre-entreprise\/#breadcrumb\",\"itemListElement\":[{\"@type\":\"ListItem\",\"position\":1,\"name\":\"Home\",\"item\":\"https:\/\/gesticonnect.com\/fr-ca\/accueil\/\"},{\"@type\":\"ListItem\",\"position\":2,\"name\":\"Notre entreprise\"}]},{\"@type\":\"WebSite\",\"@id\":\"https:\/\/gesticonnect.com\/#website\",\"url\":\"https:\/\/gesticonnect.com\/\",\"name\":\"Gesticonnect\",\"description\":\"\",\"potentialAction\":[{\"@type\":\"SearchAction\",\"target\":{\"@type\":\"EntryPoint\",\"urlTemplate\":\"https:\/\/gesticonnect.com\/?s={search_term_string}\"},\"query-input\":\"required name=search_term_string\"}],\"inLanguage\":\"fr-CA\"}]}<\/script>\n<!-- \/ Yoast SEO plugin. -->","yoast_head_json":{"title":"Notre entreprise | Gesticonnect","robots":{"index":"index","follow":"follow","max-snippet":"max-snippet:-1","max-image-preview":"max-image-preview:large","max-video-preview":"max-video-preview:-1"},"canonical":"https:\/\/gesticonnect.com\/fr-ca\/notre-entreprise\/","og_locale":"fr_CA","og_type":"article","og_title":"Notre entreprise - Gesticonnect","og_description":"[vc_row equal_height=\u00a0\u00bbyes\u00a0\u00bb content_placement=\u00a0\u00bbmiddle\u00a0\u00bb css=\u00a0\u00bb.vc_custom_1633703280747{padding-top: 40px !important;padding-bottom: 40px !important;}\u00a0\u00bb el_class=\u00a0\u00bbdark-heading\u00a0\u00bb][vc_column width=\u00a0\u00bb7\/12&Prime; col_padding=\u00a0\u00bb2&Prime; col_padding_side=\u00a0\u00bbright\u00a0\u00bb][vc_column_text css=\u00a0\u00bb.vc_custom_1636565085100{margin-bottom: 18px !important;}\u00a0\u00bb] Chef de file de l\u2019innovation en technologies d\u2019administration des r\u00e9gimes d\u2019assurance collective. [\/vc_column_text][vc_column_text font_size=\u00a0\u00bbmedium\u00a0\u00bb] Les solutions technologiques de pointe en marque blanche ouvrent des possibilit\u00e9s d\u2019accro\u00eetre les sources de revenus et modernisent l\u2019exp\u00e9rience de l\u2019utilisateur. [&hellip;]","og_url":"https:\/\/gesticonnect.com\/fr-ca\/notre-entreprise\/","og_site_name":"Gesticonnect","article_modified_time":"2021-11-22T15:57:15+00:00","twitter_card":"summary_large_image","twitter_misc":{"Estimation du temps de lecture":"2 minutes"},"schema":{"@context":"https:\/\/schema.org","@graph":[{"@type":"WebPage","@id":"https:\/\/gesticonnect.com\/fr-ca\/notre-entreprise\/","url":"https:\/\/gesticonnect.com\/fr-ca\/notre-entreprise\/","name":"Notre entreprise - Gesticonnect","isPartOf":{"@id":"https:\/\/gesticonnect.com\/#website"},"datePublished":"2021-11-01T19:38:25+00:00","dateModified":"2021-11-22T15:57:15+00:00","breadcrumb":{"@id":"https:\/\/gesticonnect.com\/fr-ca\/notre-entreprise\/#breadcrumb"},"inLanguage":"fr-CA","potentialAction":[{"@type":"ReadAction","target":["https:\/\/gesticonnect.com\/fr-ca\/notre-entreprise\/"]}]},{"@type":"BreadcrumbList","@id":"https:\/\/gesticonnect.com\/fr-ca\/notre-entreprise\/#breadcrumb","itemListElement":[{"@type":"ListItem","position":1,"name":"Home","item":"https:\/\/gesticonnect.com\/fr-ca\/accueil\/"},{"@type":"ListItem","position":2,"name":"Notre entreprise"}]},{"@type":"WebSite","@id":"https:\/\/gesticonnect.com\/#website","url":"https:\/\/gesticonnect.com\/","name":"Gesticonnect","description":"","potentialAction":[{"@type":"SearchAction","target":{"@type":"EntryPoint","urlTemplate":"https:\/\/gesticonnect.com\/?s={search_term_string}"},"query-input":"required name=search_term_string"}],"inLanguage":"fr-CA"}]}},"jetpack_sharing_enabled":true,"_links":{"self":[{"href":"https:\/\/gesticonnect.com\/fr-ca\/wp-json\/wp\/v2\/pages\/7003215","targetHints":{"allow":["GET"]}}],"collection":[{"href":"https:\/\/gesticonnect.com\/fr-ca\/wp-json\/wp\/v2\/pages"}],"about":[{"href":"https:\/\/gesticonnect.com\/fr-ca\/wp-json\/wp\/v2\/types\/page"}],"author":[{"embeddable":true,"href":"https:\/\/gesticonnect.com\/fr-ca\/wp-json\/wp\/v2\/users\/1"}],"replies":[{"embeddable":true,"href":"https:\/\/gesticonnect.com\/fr-ca\/wp-json\/wp\/v2\/comments?post=7003215"}],"version-history":[{"count":11,"href":"https:\/\/gesticonnect.com\/fr-ca\/wp-json\/wp\/v2\/pages\/7003215\/revisions"}],"predecessor-version":[{"id":7003481,"href":"https:\/\/gesticonnect.com\/fr-ca\/wp-json\/wp\/v2\/pages\/7003215\/revisions\/7003481"}],"wp:attachment":[{"href":"https:\/\/gesticonnect.com\/fr-ca\/wp-json\/wp\/v2\/media?parent=7003215"}],"curies":[{"name":"wp","href":"https:\/\/api.w.org\/{rel}","templated":true}]}}