{"id":7002953,"date":"2021-10-29T16:04:14","date_gmt":"2021-10-29T16:04:14","guid":{"rendered":"https:\/\/gesticonnect.com\/administration-des-prestations\/flexplus-connect\/"},"modified":"2021-11-11T21:27:10","modified_gmt":"2021-11-11T21:27:10","slug":"flexplus-connect","status":"publish","type":"page","link":"https:\/\/gesticonnect.com\/fr-ca\/nos-solutions\/administration-des-avantages-sociaux\/flexplus-connect\/","title":{"rendered":"FlexPlus CONNECT"},"content":{"rendered":"<p>[vc_row equal_height=\u00a0\u00bbyes\u00a0\u00bb content_placement=\u00a0\u00bbmiddle\u00a0\u00bb css=\u00a0\u00bb.vc_custom_1631815484230{padding-top: 20px !important;padding-bottom: 20px !important;background-color: #ffffff !important;background-position: center !important;background-repeat: no-repeat !important;background-size: cover !important;}\u00a0\u00bb el_id=\u00a0\u00bblanding-page-vdo\u00a0\u00bb el_class=\u00a0\u00bbFP-Connect-Video-sec\u00a0\u00bb][vc_column width=\u00a0\u00bb1\/2&Prime; col_padding=\u00a0\u00bb3&Prime; col_padding_side=\u00a0\u00bbright\u00a0\u00bb]<div class=\"video-lightbox color-scheme-white video-lightbox-img\"><div class=\"video-lightbox-inner\"><a href=\"https:\/\/vimeo.com\/567157913\" class=\"video-link mp-video\"><div class=\"video-lightbox-image-holder video-lightbox-round\" style=\"background-image:url(https:\/\/i0.wp.com\/gesticonnect.com\/wp-content\/uploads\/2021\/09\/FP-Connect-vplaceholder-Final.jpg?fit=600%2C400&#038;ssl=1)\"><div class=\"bg-overlay bg-overlay-dark20\"><\/div><div class=\"video-lightbox-image-icon\"><i class=\"engage-icon-icon engage-icon-triangle-right-17\"><\/i><\/div><\/div><\/a><\/div><\/div>[\/vc_column][vc_column width=\u00a0\u00bb1\/2&Prime; col_padding=\u00a0\u00bb3&Prime; col_padding_side=\u00a0\u00bbleft\u00a0\u00bb el_class=\u00a0\u00bbdark-heading\u00a0\u00bb][vc_custom_heading text=\u00a0\u00bbInt\u00e9gration de tous les services avec authentification unique\u00a0\u00bb font_container=\u00a0\u00bbtag:h2|font_size:34px|text_align:left\u00a0\u00bb use_theme_fonts=\u00a0\u00bbyes\u00a0\u00bb css=\u00a0\u00bb.vc_custom_1635783417125{margin-bottom: 20px !important;}\u00a0\u00bb][vc_column_text font_size=\u00a0\u00bblarge\u00a0\u00bb]<\/p>\n<div class=\"FP-prod-desc\">Un pratique guichet unique qui pr\u00e9sente de multiples sites et services couramment utilis\u00e9s par les employeurs et leurs employ\u00e9s. Facilement personnalisable en y ajoutant votre marque d\u2019entreprise, FlexPlus CONNECT permet aux employ\u00e9s d\u2019acc\u00e9der en toute s\u00e9curit\u00e9 \u00e0 vos sites de confiance, en tout lieu, \u00e0 tout moment et sur n\u2019importe quel appareil\u2026 avec UN SEUL mot de passe.<\/div>\n<p>[\/vc_column_text]<div class=\"btn-holder btn-align-left btn-inline\"><a href=\"https:\/\/gesticonnect.com\/fr-ca\/nous-joindre\/\" title=\"Contact\" class=\"btn btn-regular btn-solid  btn-dark btn-hover-opacity  download-brochure-btn\" target=\"\">DEMANDER UNE D\u00c9MO<\/a><\/div>[\/vc_column][\/vc_row][vc_row equal_height=\u00a0\u00bbyes\u00a0\u00bb content_placement=\u00a0\u00bbmiddle\u00a0\u00bb css=\u00a0\u00bb.vc_custom_1631815496600{padding-top: 70px !important;padding-bottom: 70px !important;background-color: #ffffff !important;background-position: center !important;background-repeat: no-repeat !important;background-size: cover !important;}\u00a0\u00bb el_id=\u00a0\u00bblanding-page-vdo-small\u00a0\u00bb el_class=\u00a0\u00bbFP-Connect-Video-sec\u00a0\u00bb][vc_column col_padding=\u00a0\u00bb3&Prime; col_padding_side=\u00a0\u00bbright\u00a0\u00bb el_class=\u00a0\u00bbdark-heading\u00a0\u00bb][vc_custom_heading text=\u00a0\u00bbInt\u00e9gration de tous les services avec authentification unique\u00a0\u00bb font_container=\u00a0\u00bbtag:h2|font_size:30px|text_align:left\u00a0\u00bb use_theme_fonts=\u00a0\u00bbyes\u00a0\u00bb css=\u00a0\u00bb.vc_custom_1635783422578{margin-bottom: 20px !important;}\u00a0\u00bb]<div class=\"video-lightbox color-scheme-white video-lightbox-img\"><div class=\"video-lightbox-inner\"><a href=\"https:\/\/player.vimeo.com\/video\/567190870?badge=0&amp;autopause=0&amp;player_id=0&amp;app_id=58479\" class=\"video-link mp-video\"><div class=\"video-lightbox-image-holder video-lightbox-round\" style=\"background-image:url(https:\/\/i0.wp.com\/gesticonnect.com\/wp-content\/uploads\/2021\/09\/FP-Connect-vplaceholder-Final.jpg?fit=600%2C400&#038;ssl=1)\"><div class=\"bg-overlay bg-overlay-dark20\"><\/div><div class=\"video-lightbox-image-icon\"><i class=\"engage-icon-icon engage-icon-triangle-right-17\"><\/i><\/div><\/div><\/a><\/div><\/div>[vc_column_text font_size=\u00a0\u00bblarge\u00a0\u00bb css=\u00a0\u00bb.vc_custom_1635783477490{padding-top: 30px !important;}\u00a0\u00bb]Un pratique guichet unique qui pr\u00e9sente de multiples sites et services couramment utilis\u00e9s par les employeurs et leurs employ\u00e9s. Facilement personnalisable en y ajoutant votre marque d\u2019entreprise, FlexPlus CONNECT permet aux employ\u00e9s d\u2019acc\u00e9der en toute s\u00e9curit\u00e9 \u00e0 vos sites de confiance, en tout lieu, \u00e0 tout moment et sur n\u2019importe quel appareil\u2026 avec UN SEUL mot de passe.[\/vc_column_text]<div class=\"btn-holder btn-align-left btn-inline\"><a href=\"https:\/\/gesticonnect.com\/fr-ca\/nous-joindre\/\" title=\"Contact\" class=\"btn btn-regular btn-solid  btn-dark btn-hover-opacity  download-brochure-btn\" target=\"\">DEMANDER UNE D\u00c9MO<\/a><\/div>[\/vc_column][\/vc_row][vc_row css=\u00a0\u00bb.vc_custom_1631135167000{padding-top: 35px !important;padding-bottom: 35px !important;background-color: #f8f8f8 !important;}\u00a0\u00bb el_id=\u00a0\u00bbdiscover-core-features\u00a0\u00bb el_class=\u00a0\u00bbfp-connect-corefunctions\u00a0\u00bb][vc_column el_class=\u00a0\u00bbdark-heading\u00a0\u00bb]<div class=\"special-heading vntd-heading heading-no-border heading-align-center\"style=\"margin-bottom:45px;\"><h3 class=\"special-heading-title\">Principales caract\u00e9ristiques<\/h3><p class=\"special-heading-subtitle\">Des solutions d\u2019administration des avantages sociaux collectifs, automatis\u00e9es et flexibles.<\/p><\/div>[vc_row_inner el_class=\u00a0\u00bbFP-Connect-Features\u00a0\u00bb el_id=\u00a0\u00bbFP-Connect-Features\u00a0\u00bb][vc_column_inner width=\u00a0\u00bb1\/4&Prime; css=\u00a0\u00bb.vc_custom_1631134569468{padding-top: 35px !important;}\u00a0\u00bb]<div class=\"vntd-icon-box vntd-content-element box-aligned-right-outline box-aligned box-aligned-right\"style=\"margin-bottom:45px;\";><div class=\"icon-box-icon color-gray\"><i class=\"vc_li vc_li-display\"><\/i><\/div><div class=\"icon-box-content\"><h5 class=\"icon-box-title\">Production automatis\u00e9e des relev\u00e9s de r\u00e9mun\u00e9ration globale<\/h5><p class=\"icon-description\">Tableau de bord et relev\u00e9 personnalis\u00e9 qui mettent en \u00e9vidence la valeur r\u00e9elle de votre programme d\u2019avantages sociaux.<\/p><\/div><\/div><div class=\"vntd-icon-box vntd-content-element box-aligned-right-outline box-aligned box-aligned-right\"style=\"margin-bottom:45px;\";><div class=\"icon-box-icon color-gray\"><i class=\"vc_li vc_li-params\"><\/i><\/div><div class=\"icon-box-content\"><h5 class=\"icon-box-title\">Technologie puissante<\/h5><p class=\"icon-description\">Authentification unique s\u00e9curis\u00e9e rendant possible l\u2019int\u00e9gration avec des applications tierces, notamment des solutions RH, de paie, d\u2019avantages sociaux, de retraite et de planification financi\u00e8re, ainsi que des programmes d\u2019aide aux employ\u00e9s (PAE).<\/p><\/div><\/div>[\/vc_column_inner][vc_column_inner width=\u00a0\u00bb1\/2&Prime; el_id=\u00a0\u00bbFP-Connect-img\u00a0\u00bb][vc_single_image image=\u00a0\u00bb7003361&Prime; alignment=\u00a0\u00bbcenter\u00a0\u00bb][\/vc_column_inner][vc_column_inner width=\u00a0\u00bb1\/4&Prime; css=\u00a0\u00bb.vc_custom_1631134582532{padding-top: 35px !important;}\u00a0\u00bb]<div class=\"vntd-icon-box vntd-content-element box-aligned-left-outline box-aligned box-aligned-left\"style=\"margin-bottom:45px;\";><div class=\"icon-box-icon color-gray\"><i class=\"vc_li vc_li-star\"><\/i><\/div><div class=\"icon-box-content\"><h5 class=\"icon-box-title\">Service am\u00e9lior\u00e9<\/h5><p class=\"icon-description\">Plateforme novatrice simple \u00e0 utiliser pouvant \u00eatre personnalis\u00e9e en y ajoutant votre marque d\u2019entreprise; permet une administration compl\u00e8te et procure une enti\u00e8re flexibilit\u00e9 dans l\u2019exp\u00e9rience d\u2019avantages sociaux des administrateurs et des employ\u00e9s.<\/p><\/div><\/div><div class=\"vntd-icon-box vntd-content-element box-aligned-left-outline box-aligned box-aligned-left\"style=\"margin-bottom:45px;\";><div class=\"icon-box-icon color-gray\"><i class=\"vc_li vc_li-pen\"><\/i><\/div><div class=\"icon-box-content\"><h5 class=\"icon-box-title\">Site Web r\u00e9actif<\/h5><p class=\"icon-description\">Adaptation automatique \u00e0 votre appareil pr\u00e9f\u00e9r\u00e9.<\/p><\/div><\/div>[\/vc_column_inner][\/vc_row_inner][\/vc_column][\/vc_row][vc_row css=\u00a0\u00bb.vc_custom_1629742303911{padding-top: 75px !important;padding-bottom: 70px !important;background-color: #f8f8f8 !important;}\u00a0\u00bb el_id=\u00a0\u00bbdiscover-core-features-small\u00a0\u00bb el_class=\u00a0\u00bbfp-connect-corefunctions\u00a0\u00bb][vc_column el_class=\u00a0\u00bbdark-heading\u00a0\u00bb]<div class=\"special-heading vntd-heading heading-no-border heading-align-center\"style=\"margin-bottom:45px;\"><h3 class=\"special-heading-title\">Principales caract\u00e9ristiques<\/h3><p class=\"special-heading-subtitle\">Des solutions d\u2019administration des avantages sociaux collectifs, automatis\u00e9es et flexibles.<\/p><\/div>[vc_row_inner css=\u00a0\u00bb.vc_custom_1493912815556{padding-top: 20px !important;}\u00a0\u00bb][vc_column_inner][vc_single_image image=\u00a0\u00bb7003361&Prime; alignment=\u00a0\u00bbcenter\u00a0\u00bb][\/vc_column_inner][\/vc_row_inner][vc_row_inner css=\u00a0\u00bb.vc_custom_1633703807133{padding-top: 20px !important;}\u00a0\u00bb el_class=\u00a0\u00bbdark-heading\u00a0\u00bb][vc_column_inner width=\u00a0\u00bb1\/2&Prime; css=\u00a0\u00bb.vc_custom_1629744226266{padding-top: 20px !important;}\u00a0\u00bb]<div class=\"vntd-icon-box vntd-content-element box-aligned-right-outline box-aligned box-aligned-right\"style=\"margin-bottom:45px;\";><div class=\"icon-box-icon color-gray\"><i class=\"vc_li vc_li-display\"><\/i><\/div><div class=\"icon-box-content\"><h5 class=\"icon-box-title\">Production automatis\u00e9e des relev\u00e9s de r\u00e9mun\u00e9ration globale<\/h5><p class=\"icon-description\">Tableau de bord et relev\u00e9 personnalis\u00e9 qui mettent en \u00e9vidence la valeur r\u00e9elle de votre programme d\u2019avantages sociaux.<\/p><\/div><\/div><div class=\"vntd-icon-box vntd-content-element box-aligned-left-outline box-aligned box-aligned-left\"style=\"margin-bottom:45px;\";><div class=\"icon-box-icon color-gray\"><i class=\"vc_li vc_li-params\"><\/i><\/div><div class=\"icon-box-content\"><h5 class=\"icon-box-title\">Technologie puissante<\/h5><p class=\"icon-description\">Authentification unique s\u00e9curis\u00e9e rendant possible l\u2019int\u00e9gration avec des applications tierces, notamment des solutions RH, de paie, d\u2019avantages sociaux, de retraite et de planification financi\u00e8re, ainsi que des programmes d\u2019aide aux employ\u00e9s (PAE).<\/p><\/div><\/div>[\/vc_column_inner][vc_column_inner width=\u00a0\u00bb1\/2&Prime; css=\u00a0\u00bb.vc_custom_1629745678285{padding-top: 20px !important;}\u00a0\u00bb el_id=\u00a0\u00bbdiscover-core-features-coltwo\u00a0\u00bb]<div class=\"vntd-icon-box vntd-content-element box-aligned-left-outline box-aligned box-aligned-left\"style=\"margin-bottom:45px;\";><div class=\"icon-box-icon color-gray\"><i class=\"vc_li vc_li-star\"><\/i><\/div><div class=\"icon-box-content\"><h5 class=\"icon-box-title\">Service am\u00e9lior\u00e9<\/h5><p class=\"icon-description\">Plateforme novatrice simple \u00e0 utiliser pouvant \u00eatre personnalis\u00e9e en y ajoutant votre marque d\u2019entreprise; permet une administration compl\u00e8te et procure une enti\u00e8re flexibilit\u00e9 dans l\u2019exp\u00e9rience d\u2019avantages sociaux des administrateurs et des employ\u00e9s.<\/p><\/div><\/div><div class=\"vntd-icon-box vntd-content-element box-aligned-left-outline box-aligned box-aligned-left\"style=\"margin-bottom:45px;\";><div class=\"icon-box-icon color-gray\"><i class=\"vc_li vc_li-pen\"><\/i><\/div><div class=\"icon-box-content\"><h5 class=\"icon-box-title\">Site Web r\u00e9actif<\/h5><p class=\"icon-description\">Adaptation automatique \u00e0 votre appareil pr\u00e9f\u00e9r\u00e9.<\/p><\/div><\/div>[\/vc_column_inner][\/vc_row_inner][\/vc_column][\/vc_row]<\/p>\n","protected":false},"excerpt":{"rendered":"<p>[vc_row equal_height=\u00a0\u00bbyes\u00a0\u00bb content_placement=\u00a0\u00bbmiddle\u00a0\u00bb css=\u00a0\u00bb.vc_custom_1631815484230{padding-top: 20px !important;padding-bottom: 20px !important;background-color: #ffffff !important;background-position: center !important;background-repeat: no-repeat !important;background-size: cover !important;}\u00a0\u00bb el_id=\u00a0\u00bblanding-page-vdo\u00a0\u00bb el_class=\u00a0\u00bbFP-Connect-Video-sec\u00a0\u00bb][vc_column width=\u00a0\u00bb1\/2&Prime; col_padding=\u00a0\u00bb3&Prime; col_padding_side=\u00a0\u00bbright\u00a0\u00bb][\/vc_column][vc_column width=\u00a0\u00bb1\/2&Prime; col_padding=\u00a0\u00bb3&Prime; col_padding_side=\u00a0\u00bbleft\u00a0\u00bb el_class=\u00a0\u00bbdark-heading\u00a0\u00bb][vc_custom_heading text=\u00a0\u00bbInt\u00e9gration de tous les services avec authentification unique\u00a0\u00bb font_container=\u00a0\u00bbtag:h2|font_size:34px|text_align:left\u00a0\u00bb use_theme_fonts=\u00a0\u00bbyes\u00a0\u00bb css=\u00a0\u00bb.vc_custom_1635783417125{margin-bottom: 20px !important;}\u00a0\u00bb][vc_column_text font_size=\u00a0\u00bblarge\u00a0\u00bb] Un pratique guichet unique qui pr\u00e9sente de multiples sites et services [&hellip;]<\/p>\n","protected":false},"author":1,"featured_media":0,"parent":7002902,"menu_order":0,"comment_status":"closed","ping_status":"closed","template":"","meta":{"bgseo_title":"","bgseo_description":"","bgseo_robots_index":"index","bgseo_robots_follow":"follow","footnotes":""},"class_list":["post-7002953","page","type-page","status-publish","hentry"],"yoast_head":"<!-- This site is optimized with the Yoast SEO plugin v21.7 - https:\/\/yoast.com\/wordpress\/plugins\/seo\/ -->\n<title>FlexPlus CONNECT | Gesticonnect<\/title>\n<meta name=\"robots\" content=\"index, follow, max-snippet:-1, max-image-preview:large, max-video-preview:-1\" \/>\n<link rel=\"canonical\" href=\"https:\/\/gesticonnect.com\/fr-ca\/nos-solutions\/administration-des-avantages-sociaux\/flexplus-connect\/\" \/>\n<meta property=\"og:locale\" content=\"fr_CA\" \/>\n<meta property=\"og:type\" content=\"article\" \/>\n<meta property=\"og:title\" content=\"FlexPlus CONNECT - Gesticonnect\" \/>\n<meta property=\"og:description\" content=\"[vc_row equal_height=\u00a0\u00bbyes\u00a0\u00bb content_placement=\u00a0\u00bbmiddle\u00a0\u00bb css=\u00a0\u00bb.vc_custom_1631815484230{padding-top: 20px !important;padding-bottom: 20px !important;background-color: #ffffff !important;background-position: center !important;background-repeat: no-repeat !important;background-size: cover !important;}\u00a0\u00bb el_id=\u00a0\u00bblanding-page-vdo\u00a0\u00bb el_class=\u00a0\u00bbFP-Connect-Video-sec\u00a0\u00bb][vc_column width=\u00a0\u00bb1\/2&Prime; col_padding=\u00a0\u00bb3&Prime; col_padding_side=\u00a0\u00bbright\u00a0\u00bb][\/vc_column][vc_column width=\u00a0\u00bb1\/2&Prime; col_padding=\u00a0\u00bb3&Prime; col_padding_side=\u00a0\u00bbleft\u00a0\u00bb el_class=\u00a0\u00bbdark-heading\u00a0\u00bb][vc_custom_heading text=\u00a0\u00bbInt\u00e9gration de tous les services avec authentification unique\u00a0\u00bb font_container=\u00a0\u00bbtag:h2|font_size:34px|text_align:left\u00a0\u00bb use_theme_fonts=\u00a0\u00bbyes\u00a0\u00bb css=\u00a0\u00bb.vc_custom_1635783417125{margin-bottom: 20px !important;}\u00a0\u00bb][vc_column_text font_size=\u00a0\u00bblarge\u00a0\u00bb] Un pratique guichet unique qui pr\u00e9sente de multiples sites et services [&hellip;]\" \/>\n<meta property=\"og:url\" content=\"https:\/\/gesticonnect.com\/fr-ca\/nos-solutions\/administration-des-avantages-sociaux\/flexplus-connect\/\" \/>\n<meta property=\"og:site_name\" content=\"Gesticonnect\" \/>\n<meta property=\"article:modified_time\" content=\"2021-11-11T21:27:10+00:00\" \/>\n<meta name=\"twitter:card\" content=\"summary_large_image\" \/>\n<meta name=\"twitter:label1\" content=\"Estimation du temps de lecture\" \/>\n\t<meta name=\"twitter:data1\" content=\"5 minutes\" \/>\n<script type=\"application\/ld+json\" class=\"yoast-schema-graph\">{\"@context\":\"https:\/\/schema.org\",\"@graph\":[{\"@type\":\"WebPage\",\"@id\":\"https:\/\/gesticonnect.com\/fr-ca\/nos-solutions\/administration-des-avantages-sociaux\/flexplus-connect\/\",\"url\":\"https:\/\/gesticonnect.com\/fr-ca\/nos-solutions\/administration-des-avantages-sociaux\/flexplus-connect\/\",\"name\":\"FlexPlus CONNECT - Gesticonnect\",\"isPartOf\":{\"@id\":\"https:\/\/gesticonnect.com\/#website\"},\"datePublished\":\"2021-10-29T16:04:14+00:00\",\"dateModified\":\"2021-11-11T21:27:10+00:00\",\"breadcrumb\":{\"@id\":\"https:\/\/gesticonnect.com\/fr-ca\/nos-solutions\/administration-des-avantages-sociaux\/flexplus-connect\/#breadcrumb\"},\"inLanguage\":\"fr-CA\",\"potentialAction\":[{\"@type\":\"ReadAction\",\"target\":[\"https:\/\/gesticonnect.com\/fr-ca\/nos-solutions\/administration-des-avantages-sociaux\/flexplus-connect\/\"]}]},{\"@type\":\"BreadcrumbList\",\"@id\":\"https:\/\/gesticonnect.com\/fr-ca\/nos-solutions\/administration-des-avantages-sociaux\/flexplus-connect\/#breadcrumb\",\"itemListElement\":[{\"@type\":\"ListItem\",\"position\":1,\"name\":\"Home\",\"item\":\"https:\/\/gesticonnect.com\/fr-ca\/accueil\/\"},{\"@type\":\"ListItem\",\"position\":2,\"name\":\"Nos solutions\",\"item\":\"https:\/\/gesticonnect.com\/fr-ca\/nos-solutions\/\"},{\"@type\":\"ListItem\",\"position\":3,\"name\":\"Administration des r\u00e9gimes d\u2019assurance collective\",\"item\":\"https:\/\/gesticonnect.com\/fr-ca\/nos-solutions\/administration-des-avantages-sociaux\/\"},{\"@type\":\"ListItem\",\"position\":4,\"name\":\"FlexPlus CONNECT\"}]},{\"@type\":\"WebSite\",\"@id\":\"https:\/\/gesticonnect.com\/#website\",\"url\":\"https:\/\/gesticonnect.com\/\",\"name\":\"Gesticonnect\",\"description\":\"\",\"potentialAction\":[{\"@type\":\"SearchAction\",\"target\":{\"@type\":\"EntryPoint\",\"urlTemplate\":\"https:\/\/gesticonnect.com\/?s={search_term_string}\"},\"query-input\":\"required name=search_term_string\"}],\"inLanguage\":\"fr-CA\"}]}<\/script>\n<!-- \/ Yoast SEO plugin. -->","yoast_head_json":{"title":"FlexPlus CONNECT | Gesticonnect","robots":{"index":"index","follow":"follow","max-snippet":"max-snippet:-1","max-image-preview":"max-image-preview:large","max-video-preview":"max-video-preview:-1"},"canonical":"https:\/\/gesticonnect.com\/fr-ca\/nos-solutions\/administration-des-avantages-sociaux\/flexplus-connect\/","og_locale":"fr_CA","og_type":"article","og_title":"FlexPlus CONNECT - Gesticonnect","og_description":"[vc_row equal_height=\u00a0\u00bbyes\u00a0\u00bb content_placement=\u00a0\u00bbmiddle\u00a0\u00bb css=\u00a0\u00bb.vc_custom_1631815484230{padding-top: 20px !important;padding-bottom: 20px !important;background-color: #ffffff !important;background-position: center !important;background-repeat: no-repeat !important;background-size: cover !important;}\u00a0\u00bb el_id=\u00a0\u00bblanding-page-vdo\u00a0\u00bb el_class=\u00a0\u00bbFP-Connect-Video-sec\u00a0\u00bb][vc_column width=\u00a0\u00bb1\/2&Prime; col_padding=\u00a0\u00bb3&Prime; col_padding_side=\u00a0\u00bbright\u00a0\u00bb][\/vc_column][vc_column width=\u00a0\u00bb1\/2&Prime; col_padding=\u00a0\u00bb3&Prime; col_padding_side=\u00a0\u00bbleft\u00a0\u00bb el_class=\u00a0\u00bbdark-heading\u00a0\u00bb][vc_custom_heading text=\u00a0\u00bbInt\u00e9gration de tous les services avec authentification unique\u00a0\u00bb font_container=\u00a0\u00bbtag:h2|font_size:34px|text_align:left\u00a0\u00bb use_theme_fonts=\u00a0\u00bbyes\u00a0\u00bb css=\u00a0\u00bb.vc_custom_1635783417125{margin-bottom: 20px !important;}\u00a0\u00bb][vc_column_text font_size=\u00a0\u00bblarge\u00a0\u00bb] Un pratique guichet unique qui pr\u00e9sente de multiples sites et services [&hellip;]","og_url":"https:\/\/gesticonnect.com\/fr-ca\/nos-solutions\/administration-des-avantages-sociaux\/flexplus-connect\/","og_site_name":"Gesticonnect","article_modified_time":"2021-11-11T21:27:10+00:00","twitter_card":"summary_large_image","twitter_misc":{"Estimation du temps de lecture":"5 minutes"},"schema":{"@context":"https:\/\/schema.org","@graph":[{"@type":"WebPage","@id":"https:\/\/gesticonnect.com\/fr-ca\/nos-solutions\/administration-des-avantages-sociaux\/flexplus-connect\/","url":"https:\/\/gesticonnect.com\/fr-ca\/nos-solutions\/administration-des-avantages-sociaux\/flexplus-connect\/","name":"FlexPlus CONNECT - Gesticonnect","isPartOf":{"@id":"https:\/\/gesticonnect.com\/#website"},"datePublished":"2021-10-29T16:04:14+00:00","dateModified":"2021-11-11T21:27:10+00:00","breadcrumb":{"@id":"https:\/\/gesticonnect.com\/fr-ca\/nos-solutions\/administration-des-avantages-sociaux\/flexplus-connect\/#breadcrumb"},"inLanguage":"fr-CA","potentialAction":[{"@type":"ReadAction","target":["https:\/\/gesticonnect.com\/fr-ca\/nos-solutions\/administration-des-avantages-sociaux\/flexplus-connect\/"]}]},{"@type":"BreadcrumbList","@id":"https:\/\/gesticonnect.com\/fr-ca\/nos-solutions\/administration-des-avantages-sociaux\/flexplus-connect\/#breadcrumb","itemListElement":[{"@type":"ListItem","position":1,"name":"Home","item":"https:\/\/gesticonnect.com\/fr-ca\/accueil\/"},{"@type":"ListItem","position":2,"name":"Nos solutions","item":"https:\/\/gesticonnect.com\/fr-ca\/nos-solutions\/"},{"@type":"ListItem","position":3,"name":"Administration des r\u00e9gimes d\u2019assurance collective","item":"https:\/\/gesticonnect.com\/fr-ca\/nos-solutions\/administration-des-avantages-sociaux\/"},{"@type":"ListItem","position":4,"name":"FlexPlus CONNECT"}]},{"@type":"WebSite","@id":"https:\/\/gesticonnect.com\/#website","url":"https:\/\/gesticonnect.com\/","name":"Gesticonnect","description":"","potentialAction":[{"@type":"SearchAction","target":{"@type":"EntryPoint","urlTemplate":"https:\/\/gesticonnect.com\/?s={search_term_string}"},"query-input":"required name=search_term_string"}],"inLanguage":"fr-CA"}]}},"jetpack_sharing_enabled":true,"_links":{"self":[{"href":"https:\/\/gesticonnect.com\/fr-ca\/wp-json\/wp\/v2\/pages\/7002953","targetHints":{"allow":["GET"]}}],"collection":[{"href":"https:\/\/gesticonnect.com\/fr-ca\/wp-json\/wp\/v2\/pages"}],"about":[{"href":"https:\/\/gesticonnect.com\/fr-ca\/wp-json\/wp\/v2\/types\/page"}],"author":[{"embeddable":true,"href":"https:\/\/gesticonnect.com\/fr-ca\/wp-json\/wp\/v2\/users\/1"}],"replies":[{"embeddable":true,"href":"https:\/\/gesticonnect.com\/fr-ca\/wp-json\/wp\/v2\/comments?post=7002953"}],"version-history":[{"count":7,"href":"https:\/\/gesticonnect.com\/fr-ca\/wp-json\/wp\/v2\/pages\/7002953\/revisions"}],"predecessor-version":[{"id":7003429,"href":"https:\/\/gesticonnect.com\/fr-ca\/wp-json\/wp\/v2\/pages\/7002953\/revisions\/7003429"}],"up":[{"embeddable":true,"href":"https:\/\/gesticonnect.com\/fr-ca\/wp-json\/wp\/v2\/pages\/7002902"}],"wp:attachment":[{"href":"https:\/\/gesticonnect.com\/fr-ca\/wp-json\/wp\/v2\/media?parent=7002953"}],"curies":[{"name":"wp","href":"https:\/\/api.w.org\/{rel}","templated":true}]}}