{"id":7002951,"date":"2021-10-29T16:04:12","date_gmt":"2021-10-29T16:04:12","guid":{"rendered":"https:\/\/gesticonnect.com\/nos-solutions\/echange-flexplus\/"},"modified":"2021-11-11T21:30:42","modified_gmt":"2021-11-11T21:30:42","slug":"flexplus-exchange","status":"publish","type":"page","link":"https:\/\/gesticonnect.com\/fr-ca\/nos-solutions\/flexplus-exchange\/","title":{"rendered":"FlexPlus EXCHANGE"},"content":{"rendered":"<p>[vc_row equal_height=\u00a0\u00bbyes\u00a0\u00bb content_placement=\u00a0\u00bbmiddle\u00a0\u00bb css=\u00a0\u00bb.vc_custom_1631815484230{padding-top: 20px !important;padding-bottom: 20px !important;background-color: #ffffff !important;background-position: center !important;background-repeat: no-repeat !important;background-size: cover !important;}\u00a0\u00bb el_id=\u00a0\u00bblanding-page-vdo\u00a0\u00bb el_class=\u00a0\u00bbFP-Connect-Video-sec\u00a0\u00bb][vc_column width=\u00a0\u00bb1\/2&Prime; col_padding=\u00a0\u00bb3&Prime; col_padding_side=\u00a0\u00bbright\u00a0\u00bb][vc_single_image image=\u00a0\u00bb7002840&Prime;][\/vc_column][vc_column width=\u00a0\u00bb1\/2&Prime; col_padding=\u00a0\u00bb3&Prime; col_padding_side=\u00a0\u00bbleft\u00a0\u00bb el_class=\u00a0\u00bbdark-heading\u00a0\u00bb][vc_custom_heading text=\u00a0\u00bbUne solution qui place les conseillers en assurance collective aux commandes\u00a0\u00bb][vc_column_text font_size=\u00a0\u00bblarge\u00a0\u00bb]<\/p>\n<div class=\"FP-prod-desc\">\n<p style=\"padding-right: 10px;\">Un puissant portail de gestion des relations avec la client\u00e8le (CRM) pour les conseillers en assurance collective qui leur permet de se d\u00e9marquer quand vient le temps de g\u00e9rer des comptes d\u2019assurances collectives.<\/p>\n<\/div>\n<p>[\/vc_column_text]<div class=\"btn-holder btn-align-left btn-inline\"><a href=\"https:\/\/gesticonnect.com\/fr-ca\/nous-joindre\/\" title=\"Contact\" class=\"btn btn-regular btn-solid  btn-dark btn-hover-opacity  download-brochure-btn\" target=\"\">DEMANDER UNE D\u00c9MO<\/a><\/div><div class=\"btn-holder btn-align-left btn-inline\"><a href=\"https:\/\/gesticonnect.com\/wp-content\/uploads\/2021\/11\/FR-2021-Gesticonnect-FlexPlus-Enterprise-And-Exchange-Brochure.pdf\" title=\"\" class=\"btn btn-regular btn-solid  btn-dark btn-hover-opacity  download-brochure-btn\" target=\"_blank\">T\u00c9L\u00c9CHARGER LA BROCHURE<\/a><\/div>[\/vc_column][\/vc_row][vc_row equal_height=\u00a0\u00bbyes\u00a0\u00bb content_placement=\u00a0\u00bbmiddle\u00a0\u00bb css=\u00a0\u00bb.vc_custom_1631815496600{padding-top: 70px !important;padding-bottom: 70px !important;background-color: #ffffff !important;background-position: center !important;background-repeat: no-repeat !important;background-size: cover !important;}\u00a0\u00bb el_id=\u00a0\u00bblanding-page-vdo-small\u00a0\u00bb el_class=\u00a0\u00bbFP-Connect-Video-sec\u00a0\u00bb][vc_column col_padding=\u00a0\u00bb3&Prime; col_padding_side=\u00a0\u00bbright\u00a0\u00bb el_class=\u00a0\u00bbdark-heading\u00a0\u00bb][vc_custom_heading text=\u00a0\u00bbUne solution qui place les conseillers en assurance collective aux commandes\u00a0\u00bb][vc_single_image image=\u00a0\u00bb7002840&Prime;][vc_column_text font_size=\u00a0\u00bblarge\u00a0\u00bb]<\/p>\n<div class=\"FP-prod-desc\">Un puissant portail de gestion des relations avec la client\u00e8le (CRM) pour les conseillers en assurance collective qui leur permet de se d\u00e9marquer quand vient le temps de g\u00e9rer des comptes d\u2019assurances collectives.<\/div>\n<p>[\/vc_column_text]<div class=\"btn-holder btn-align-left btn-inline\"><a href=\"https:\/\/gesticonnect.com\/fr-ca\/nous-joindre\/\" title=\"Nous joindre\" class=\"btn btn-regular btn-solid  btn-dark btn-hover-opacity  download-brochure-btn\" target=\"\">DEMANDER UNE D\u00c9MO<\/a><\/div><div class=\"btn-holder btn-align-left btn-inline\"><a href=\"\" title=\"\" class=\"btn btn-regular btn-solid  btn-dark btn-hover-opacity  download-brochure-btn\" target=\"\">T\u00c9L\u00c9CHARGER LA BROCHURE<\/a><\/div>[\/vc_column][\/vc_row][vc_row css=\u00a0\u00bb.vc_custom_1631135167000{padding-top: 35px !important;padding-bottom: 35px !important;background-color: #f8f8f8 !important;}\u00a0\u00bb el_id=\u00a0\u00bbdiscover-core-features\u00a0\u00bb el_class=\u00a0\u00bbfp-connect-corefunctions\u00a0\u00bb][vc_column el_class=\u00a0\u00bbdark-heading\u00a0\u00bb]<div class=\"special-heading vntd-heading heading-no-border heading-align-center\"style=\"margin-bottom:45px;\"><h3 class=\"special-heading-title\">Principales caract\u00e9ristiques<\/h3><p class=\"special-heading-subtitle\">Des solutions pour les conseillers en assurance collective, automatis\u00e9es et flexibles.<\/p><\/div>[vc_row_inner el_class=\u00a0\u00bbFP-Connect-Features\u00a0\u00bb el_id=\u00a0\u00bbFP-Connect-Features\u00a0\u00bb][vc_column_inner width=\u00a0\u00bb1\/4&Prime; css=\u00a0\u00bb.vc_custom_1631134569468{padding-top: 35px !important;}\u00a0\u00bb]<div class=\"vntd-icon-box vntd-content-element box-aligned-right-outline box-aligned box-aligned-right\"style=\"margin-bottom:45px;\";><div class=\"icon-box-icon color-gray\"><i class=\"vc_li vc_li-display\"><\/i><\/div><div class=\"icon-box-content\"><h5 class=\"icon-box-title\">Technologie puissante<\/h5><p class=\"icon-description\">Solution enti\u00e8rement int\u00e9gr\u00e9e et adaptable, bas\u00e9e sur l\u2019infonuagique, permettant aux conseillers en assurance collective de bien \u00e9valuer et de mieux g\u00e9rer le portefeuille des clients.<\/p><\/div><\/div><div class=\"vntd-icon-box vntd-content-element box-aligned-right-outline box-aligned box-aligned-right\"style=\"margin-bottom:45px;\";><div class=\"icon-box-icon color-gray\"><i class=\"vc_li vc_li-pen\"><\/i><\/div><div class=\"icon-box-content\"><h5 class=\"icon-box-title\">Communications avec le client personnalis\u00e9es<\/h5><p class=\"icon-description\">Communication efficace avec les clients favorisant vos projets de croissance.<\/p><\/div><\/div>[\/vc_column_inner][vc_column_inner width=\u00a0\u00bb1\/2&Prime; el_id=\u00a0\u00bbFP-Connect-img\u00a0\u00bb][vc_single_image image=\u00a0\u00bb7002870&Prime; alignment=\u00a0\u00bbcenter\u00a0\u00bb][\/vc_column_inner][vc_column_inner width=\u00a0\u00bb1\/4&Prime; css=\u00a0\u00bb.vc_custom_1631134582532{padding-top: 35px !important;}\u00a0\u00bb]<div class=\"vntd-icon-box vntd-content-element box-aligned-left-outline box-aligned box-aligned-left\"style=\"margin-bottom:45px;\";><div class=\"icon-box-icon color-gray\"><i class=\"vc_li vc_li-params\"><\/i><\/div><div class=\"icon-box-content\"><h5 class=\"icon-box-title\">Gestion des commissions<\/h5><p class=\"icon-description\">Solution avanc\u00e9e et enti\u00e8rement conforme rendant possible la gestion des commissions des conseillers, incluant la production de rapports.<\/p><\/div><\/div><div class=\"vntd-icon-box vntd-content-element box-aligned-left-outline box-aligned box-aligned-left\"style=\"margin-bottom:45px;\";><div class=\"icon-box-icon color-gray\"><i class=\"vc_li vc_li-star\"><\/i><\/div><div class=\"icon-box-content\"><h5 class=\"icon-box-title\">March\u00e9 num\u00e9rique<\/h5><p class=\"icon-description\">Acc\u00e8s \u00e0 une gamme de produits d\u2019assurances collectives, num\u00e9rique et moderne, qui bonifie l\u2019offre aux clients tout en vous donnant de nouvelles occasions d\u2019accro\u00eetre vos revenus.<\/p><\/div><\/div>[\/vc_column_inner][\/vc_row_inner][\/vc_column][\/vc_row][vc_row css=\u00a0\u00bb.vc_custom_1629742303911{padding-top: 75px !important;padding-bottom: 70px !important;background-color: #f8f8f8 !important;}\u00a0\u00bb el_id=\u00a0\u00bbdiscover-core-features-small\u00a0\u00bb el_class=\u00a0\u00bbfp-connect-corefunctions\u00a0\u00bb][vc_column el_class=\u00a0\u00bbdark-heading\u00a0\u00bb]<div class=\"special-heading vntd-heading heading-no-border heading-align-center\"style=\"margin-bottom:45px;\"><h3 class=\"special-heading-title\">Principales caract\u00e9ristiques<\/h3><p class=\"special-heading-subtitle\">Des solutions pour les courtiers, automatis\u00e9es et flexibles.<\/p><\/div>[vc_row_inner css=\u00a0\u00bb.vc_custom_1493912815556{padding-top: 20px !important;}\u00a0\u00bb][vc_column_inner][vc_single_image image=\u00a0\u00bb7002870&Prime; alignment=\u00a0\u00bbcenter\u00a0\u00bb][\/vc_column_inner][\/vc_row_inner][vc_row_inner css=\u00a0\u00bb.vc_custom_1633702733735{padding-top: 20px !important;}\u00a0\u00bb el_class=\u00a0\u00bbdark-heading\u00a0\u00bb][vc_column_inner width=\u00a0\u00bb1\/2&Prime; css=\u00a0\u00bb.vc_custom_1629744226266{padding-top: 20px !important;}\u00a0\u00bb]<div class=\"vntd-icon-box vntd-content-element box-aligned-right-outline box-aligned box-aligned-right\"style=\"margin-bottom:45px;\";><div class=\"icon-box-icon color-gray\"><i class=\"vc_li vc_li-display\"><\/i><\/div><div class=\"icon-box-content\"><h5 class=\"icon-box-title\">Technologie puissante<\/h5><p class=\"icon-description\">Solution enti\u00e8rement int\u00e9gr\u00e9e et adaptable, bas\u00e9e sur l\u2019infonuagique, permettant aux conseillers en assurance collective de bien \u00e9valuer et de mieux g\u00e9rer le portefeuille des clients.<\/p><\/div><\/div><div class=\"vntd-icon-box vntd-content-element box-aligned-right-outline box-aligned box-aligned-right\"style=\"margin-bottom:45px;\";><div class=\"icon-box-icon color-gray\"><i class=\"vc_li vc_li-pen\"><\/i><\/div><div class=\"icon-box-content\"><h5 class=\"icon-box-title\">Communications avec le client personnalis\u00e9es<\/h5><p class=\"icon-description\">Communication efficace avec les clients favorisant vos projets de croissance.<\/p><\/div><\/div>[\/vc_column_inner][vc_column_inner width=\u00a0\u00bb1\/2&Prime; css=\u00a0\u00bb.vc_custom_1629745678285{padding-top: 20px !important;}\u00a0\u00bb el_id=\u00a0\u00bbdiscover-core-features-coltwo\u00a0\u00bb]<div class=\"vntd-icon-box vntd-content-element box-aligned-left-outline box-aligned box-aligned-left\"style=\"margin-bottom:45px;\";><div class=\"icon-box-icon color-gray\"><i class=\"vc_li vc_li-params\"><\/i><\/div><div class=\"icon-box-content\"><h5 class=\"icon-box-title\">Gestion des commissions<\/h5><p class=\"icon-description\">Solution avanc\u00e9e et enti\u00e8rement conforme rendant possible la gestion des commissions des conseillers, incluant la production de rapports.<\/p><\/div><\/div><div class=\"vntd-icon-box vntd-content-element box-aligned-left-outline box-aligned box-aligned-left\"style=\"margin-bottom:45px;\";><div class=\"icon-box-icon color-gray\"><i class=\"vc_li vc_li-star\"><\/i><\/div><div class=\"icon-box-content\"><h5 class=\"icon-box-title\">March\u00e9 num\u00e9rique<\/h5><p class=\"icon-description\">Acc\u00e8s \u00e0 une gamme de produits d\u2019assurances collectives, num\u00e9rique et moderne, qui bonifie l\u2019offre aux clients tout en vous donnant de nouvelles occasions d\u2019accro\u00eetre vos revenus.<\/p><\/div><\/div>[\/vc_column_inner][\/vc_row_inner][\/vc_column][\/vc_row]<\/p>\n","protected":false},"excerpt":{"rendered":"<p>[vc_row equal_height=\u00a0\u00bbyes\u00a0\u00bb content_placement=\u00a0\u00bbmiddle\u00a0\u00bb css=\u00a0\u00bb.vc_custom_1631815484230{padding-top: 20px !important;padding-bottom: 20px !important;background-color: #ffffff !important;background-position: center !important;background-repeat: no-repeat !important;background-size: cover !important;}\u00a0\u00bb el_id=\u00a0\u00bblanding-page-vdo\u00a0\u00bb el_class=\u00a0\u00bbFP-Connect-Video-sec\u00a0\u00bb][vc_column width=\u00a0\u00bb1\/2&Prime; col_padding=\u00a0\u00bb3&Prime; col_padding_side=\u00a0\u00bbright\u00a0\u00bb][vc_single_image image=\u00a0\u00bb7002840&Prime;][\/vc_column][vc_column width=\u00a0\u00bb1\/2&Prime; col_padding=\u00a0\u00bb3&Prime; col_padding_side=\u00a0\u00bbleft\u00a0\u00bb el_class=\u00a0\u00bbdark-heading\u00a0\u00bb][vc_custom_heading text=\u00a0\u00bbUne solution qui place les conseillers en assurance collective aux commandes\u00a0\u00bb][vc_column_text font_size=\u00a0\u00bblarge\u00a0\u00bb] Un puissant portail de gestion des relations avec la client\u00e8le (CRM) pour [&hellip;]<\/p>\n","protected":false},"author":1,"featured_media":0,"parent":7002913,"menu_order":0,"comment_status":"closed","ping_status":"closed","template":"","meta":{"bgseo_title":"","bgseo_description":"","bgseo_robots_index":"index","bgseo_robots_follow":"follow","footnotes":""},"class_list":["post-7002951","page","type-page","status-publish","hentry"],"yoast_head":"<!-- This site is optimized with the Yoast SEO plugin v21.7 - https:\/\/yoast.com\/wordpress\/plugins\/seo\/ -->\n<title>FlexPlus EXCHANGE | Gesticonnect<\/title>\n<meta name=\"robots\" content=\"index, follow, max-snippet:-1, max-image-preview:large, max-video-preview:-1\" \/>\n<link rel=\"canonical\" href=\"https:\/\/gesticonnect.com\/fr-ca\/nos-solutions\/flexplus-exchange\/\" \/>\n<meta property=\"og:locale\" content=\"fr_CA\" \/>\n<meta property=\"og:type\" content=\"article\" \/>\n<meta property=\"og:title\" content=\"FlexPlus EXCHANGE - Gesticonnect\" \/>\n<meta property=\"og:description\" content=\"[vc_row equal_height=\u00a0\u00bbyes\u00a0\u00bb content_placement=\u00a0\u00bbmiddle\u00a0\u00bb css=\u00a0\u00bb.vc_custom_1631815484230{padding-top: 20px !important;padding-bottom: 20px !important;background-color: #ffffff !important;background-position: center !important;background-repeat: no-repeat !important;background-size: cover !important;}\u00a0\u00bb el_id=\u00a0\u00bblanding-page-vdo\u00a0\u00bb el_class=\u00a0\u00bbFP-Connect-Video-sec\u00a0\u00bb][vc_column width=\u00a0\u00bb1\/2&Prime; col_padding=\u00a0\u00bb3&Prime; col_padding_side=\u00a0\u00bbright\u00a0\u00bb][vc_single_image image=\u00a0\u00bb7002840&Prime;][\/vc_column][vc_column width=\u00a0\u00bb1\/2&Prime; col_padding=\u00a0\u00bb3&Prime; col_padding_side=\u00a0\u00bbleft\u00a0\u00bb el_class=\u00a0\u00bbdark-heading\u00a0\u00bb][vc_custom_heading text=\u00a0\u00bbUne solution qui place les conseillers en assurance collective aux commandes\u00a0\u00bb][vc_column_text font_size=\u00a0\u00bblarge\u00a0\u00bb] Un puissant portail de gestion des relations avec la client\u00e8le (CRM) pour [&hellip;]\" \/>\n<meta property=\"og:url\" content=\"https:\/\/gesticonnect.com\/fr-ca\/nos-solutions\/flexplus-exchange\/\" \/>\n<meta property=\"og:site_name\" content=\"Gesticonnect\" \/>\n<meta property=\"article:modified_time\" content=\"2021-11-11T21:30:42+00:00\" \/>\n<meta name=\"twitter:card\" content=\"summary_large_image\" \/>\n<meta name=\"twitter:label1\" content=\"Estimation du temps de lecture\" \/>\n\t<meta name=\"twitter:data1\" content=\"5 minutes\" \/>\n<script type=\"application\/ld+json\" class=\"yoast-schema-graph\">{\"@context\":\"https:\/\/schema.org\",\"@graph\":[{\"@type\":\"WebPage\",\"@id\":\"https:\/\/gesticonnect.com\/fr-ca\/nos-solutions\/flexplus-exchange\/\",\"url\":\"https:\/\/gesticonnect.com\/fr-ca\/nos-solutions\/flexplus-exchange\/\",\"name\":\"FlexPlus EXCHANGE - Gesticonnect\",\"isPartOf\":{\"@id\":\"https:\/\/gesticonnect.com\/#website\"},\"datePublished\":\"2021-10-29T16:04:12+00:00\",\"dateModified\":\"2021-11-11T21:30:42+00:00\",\"breadcrumb\":{\"@id\":\"https:\/\/gesticonnect.com\/fr-ca\/nos-solutions\/flexplus-exchange\/#breadcrumb\"},\"inLanguage\":\"fr-CA\",\"potentialAction\":[{\"@type\":\"ReadAction\",\"target\":[\"https:\/\/gesticonnect.com\/fr-ca\/nos-solutions\/flexplus-exchange\/\"]}]},{\"@type\":\"BreadcrumbList\",\"@id\":\"https:\/\/gesticonnect.com\/fr-ca\/nos-solutions\/flexplus-exchange\/#breadcrumb\",\"itemListElement\":[{\"@type\":\"ListItem\",\"position\":1,\"name\":\"Home\",\"item\":\"https:\/\/gesticonnect.com\/fr-ca\/accueil\/\"},{\"@type\":\"ListItem\",\"position\":2,\"name\":\"Nos solutions\",\"item\":\"https:\/\/gesticonnect.com\/fr-ca\/nos-solutions\/\"},{\"@type\":\"ListItem\",\"position\":3,\"name\":\"FlexPlus EXCHANGE\"}]},{\"@type\":\"WebSite\",\"@id\":\"https:\/\/gesticonnect.com\/#website\",\"url\":\"https:\/\/gesticonnect.com\/\",\"name\":\"Gesticonnect\",\"description\":\"\",\"potentialAction\":[{\"@type\":\"SearchAction\",\"target\":{\"@type\":\"EntryPoint\",\"urlTemplate\":\"https:\/\/gesticonnect.com\/?s={search_term_string}\"},\"query-input\":\"required name=search_term_string\"}],\"inLanguage\":\"fr-CA\"}]}<\/script>\n<!-- \/ Yoast SEO plugin. -->","yoast_head_json":{"title":"FlexPlus EXCHANGE | Gesticonnect","robots":{"index":"index","follow":"follow","max-snippet":"max-snippet:-1","max-image-preview":"max-image-preview:large","max-video-preview":"max-video-preview:-1"},"canonical":"https:\/\/gesticonnect.com\/fr-ca\/nos-solutions\/flexplus-exchange\/","og_locale":"fr_CA","og_type":"article","og_title":"FlexPlus EXCHANGE - Gesticonnect","og_description":"[vc_row equal_height=\u00a0\u00bbyes\u00a0\u00bb content_placement=\u00a0\u00bbmiddle\u00a0\u00bb css=\u00a0\u00bb.vc_custom_1631815484230{padding-top: 20px !important;padding-bottom: 20px !important;background-color: #ffffff !important;background-position: center !important;background-repeat: no-repeat !important;background-size: cover !important;}\u00a0\u00bb el_id=\u00a0\u00bblanding-page-vdo\u00a0\u00bb el_class=\u00a0\u00bbFP-Connect-Video-sec\u00a0\u00bb][vc_column width=\u00a0\u00bb1\/2&Prime; col_padding=\u00a0\u00bb3&Prime; col_padding_side=\u00a0\u00bbright\u00a0\u00bb][vc_single_image image=\u00a0\u00bb7002840&Prime;][\/vc_column][vc_column width=\u00a0\u00bb1\/2&Prime; col_padding=\u00a0\u00bb3&Prime; col_padding_side=\u00a0\u00bbleft\u00a0\u00bb el_class=\u00a0\u00bbdark-heading\u00a0\u00bb][vc_custom_heading text=\u00a0\u00bbUne solution qui place les conseillers en assurance collective aux commandes\u00a0\u00bb][vc_column_text font_size=\u00a0\u00bblarge\u00a0\u00bb] Un puissant portail de gestion des relations avec la client\u00e8le (CRM) pour [&hellip;]","og_url":"https:\/\/gesticonnect.com\/fr-ca\/nos-solutions\/flexplus-exchange\/","og_site_name":"Gesticonnect","article_modified_time":"2021-11-11T21:30:42+00:00","twitter_card":"summary_large_image","twitter_misc":{"Estimation du temps de lecture":"5 minutes"},"schema":{"@context":"https:\/\/schema.org","@graph":[{"@type":"WebPage","@id":"https:\/\/gesticonnect.com\/fr-ca\/nos-solutions\/flexplus-exchange\/","url":"https:\/\/gesticonnect.com\/fr-ca\/nos-solutions\/flexplus-exchange\/","name":"FlexPlus EXCHANGE - Gesticonnect","isPartOf":{"@id":"https:\/\/gesticonnect.com\/#website"},"datePublished":"2021-10-29T16:04:12+00:00","dateModified":"2021-11-11T21:30:42+00:00","breadcrumb":{"@id":"https:\/\/gesticonnect.com\/fr-ca\/nos-solutions\/flexplus-exchange\/#breadcrumb"},"inLanguage":"fr-CA","potentialAction":[{"@type":"ReadAction","target":["https:\/\/gesticonnect.com\/fr-ca\/nos-solutions\/flexplus-exchange\/"]}]},{"@type":"BreadcrumbList","@id":"https:\/\/gesticonnect.com\/fr-ca\/nos-solutions\/flexplus-exchange\/#breadcrumb","itemListElement":[{"@type":"ListItem","position":1,"name":"Home","item":"https:\/\/gesticonnect.com\/fr-ca\/accueil\/"},{"@type":"ListItem","position":2,"name":"Nos solutions","item":"https:\/\/gesticonnect.com\/fr-ca\/nos-solutions\/"},{"@type":"ListItem","position":3,"name":"FlexPlus EXCHANGE"}]},{"@type":"WebSite","@id":"https:\/\/gesticonnect.com\/#website","url":"https:\/\/gesticonnect.com\/","name":"Gesticonnect","description":"","potentialAction":[{"@type":"SearchAction","target":{"@type":"EntryPoint","urlTemplate":"https:\/\/gesticonnect.com\/?s={search_term_string}"},"query-input":"required name=search_term_string"}],"inLanguage":"fr-CA"}]}},"jetpack_sharing_enabled":true,"_links":{"self":[{"href":"https:\/\/gesticonnect.com\/fr-ca\/wp-json\/wp\/v2\/pages\/7002951","targetHints":{"allow":["GET"]}}],"collection":[{"href":"https:\/\/gesticonnect.com\/fr-ca\/wp-json\/wp\/v2\/pages"}],"about":[{"href":"https:\/\/gesticonnect.com\/fr-ca\/wp-json\/wp\/v2\/types\/page"}],"author":[{"embeddable":true,"href":"https:\/\/gesticonnect.com\/fr-ca\/wp-json\/wp\/v2\/users\/1"}],"replies":[{"embeddable":true,"href":"https:\/\/gesticonnect.com\/fr-ca\/wp-json\/wp\/v2\/comments?post=7002951"}],"version-history":[{"count":8,"href":"https:\/\/gesticonnect.com\/fr-ca\/wp-json\/wp\/v2\/pages\/7002951\/revisions"}],"predecessor-version":[{"id":7003431,"href":"https:\/\/gesticonnect.com\/fr-ca\/wp-json\/wp\/v2\/pages\/7002951\/revisions\/7003431"}],"up":[{"embeddable":true,"href":"https:\/\/gesticonnect.com\/fr-ca\/wp-json\/wp\/v2\/pages\/7002913"}],"wp:attachment":[{"href":"https:\/\/gesticonnect.com\/fr-ca\/wp-json\/wp\/v2\/media?parent=7002951"}],"curies":[{"name":"wp","href":"https:\/\/api.w.org\/{rel}","templated":true}]}}