{"id":7002940,"date":"2021-10-29T16:04:07","date_gmt":"2021-10-29T16:04:07","guid":{"rendered":"https:\/\/gesticonnect.com\/administration-des-prestations\/flexplus-pay\/"},"modified":"2021-11-11T21:28:12","modified_gmt":"2021-11-11T21:28:12","slug":"flexplus-paiement","status":"publish","type":"page","link":"https:\/\/gesticonnect.com\/fr-ca\/nos-solutions\/administration-des-avantages-sociaux\/flexplus-paiement\/","title":{"rendered":"FlexPlus PAIEMENT"},"content":{"rendered":"<p>[vc_row equal_height=\u00a0\u00bbyes\u00a0\u00bb content_placement=\u00a0\u00bbmiddle\u00a0\u00bb css=\u00a0\u00bb.vc_custom_1631816878768{padding-top: 30px !important;padding-bottom: 30px !important;background-color: #ffffff !important;background-position: center !important;background-repeat: no-repeat !important;background-size: cover !important;}\u00a0\u00bb el_id=\u00a0\u00bblanding-page-vdo\u00a0\u00bb el_class=\u00a0\u00bbFP-Pay-Video-sec\u00a0\u00bb][vc_column width=\u00a0\u00bb1\/2&Prime; col_padding=\u00a0\u00bb3&Prime; col_padding_side=\u00a0\u00bbright\u00a0\u00bb]<div class=\"video-lightbox color-scheme-white video-lightbox-img\"><div class=\"video-lightbox-inner\"><a href=\"https:\/\/vimeo.com\/513167593\" class=\"video-link mp-video\"><div class=\"video-lightbox-image-holder video-lightbox-round\" style=\"background-image:url(https:\/\/i0.wp.com\/gesticonnect.com\/wp-content\/uploads\/2021\/09\/FP-pay-overlay-final.png?fit=600%2C400&#038;ssl=1)\"><div class=\"bg-overlay bg-overlay-dark20\"><\/div><div class=\"video-lightbox-image-icon\"><i class=\"engage-icon-icon engage-icon-triangle-right-17\"><\/i><\/div><\/div><\/a><\/div><\/div>[\/vc_column][vc_column width=\u00a0\u00bb1\/2&Prime; col_padding=\u00a0\u00bb3&Prime; col_padding_side=\u00a0\u00bbleft\u00a0\u00bb el_class=\u00a0\u00bbdark-heading\u00a0\u00bb][vc_custom_heading text=\u00a0\u00bbVous en avez assez des ch\u00e8ques?\u00a0\u00bb font_container=\u00a0\u00bbtag:h2|font_size:34px|text_align:left\u00a0\u00bb use_theme_fonts=\u00a0\u00bbyes\u00a0\u00bb css=\u00a0\u00bb.vc_custom_1635782668206{margin-bottom: 20px !important;}\u00a0\u00bb][vc_column_text font_size=\u00a0\u00bblarge\u00a0\u00bb]<\/p>\n<div class=\"FP-prod-desc\">\n<p>D\u00e9couvrez comment votre entreprise peut automatiser la perception de paiements aupr\u00e8s d\u2019employ\u00e9s qui ne font pas l\u2019objet de retenues salariales r\u00e9guli\u00e8res. Dites adieu au papier!<\/p><\/div>\n<p>[\/vc_column_text]<div class=\"btn-holder btn-align-left btn-inline\"><a href=\"https:\/\/gesticonnect.com\/fr-ca\/nous-joindre\/\" title=\"Contact Us\" class=\"btn btn-regular btn-solid  btn-dark btn-hover-opacity  download-brochure-btn\" target=\"\">DEMANDER UNE D\u00c9MO<\/a><\/div>[\/vc_column][\/vc_row][vc_row el_id=\u00a0\u00bblanding-page-vdo-small\u00a0\u00bb css=\u00a0\u00bb.vc_custom_1631816912065{padding-top: 30px !important;padding-bottom: 30px !important;}\u00a0\u00bb el_class=\u00a0\u00bbFP-Pay-Video-sec\u00a0\u00bb][vc_column el_class=\u00a0\u00bbdark-heading\u00a0\u00bb][vc_custom_heading text=\u00a0\u00bbVous en avez assez des ch\u00e8ques?\u00a0\u00bb font_container=\u00a0\u00bbtag:h2|font_size:30px|text_align:left\u00a0\u00bb use_theme_fonts=\u00a0\u00bbyes\u00a0\u00bb css=\u00a0\u00bb.vc_custom_1635782751380{margin-bottom: 20px !important;}\u00a0\u00bb]<div class=\"video-lightbox color-scheme-white video-lightbox-img\"><div class=\"video-lightbox-inner\"><a href=\"https:\/\/player.vimeo.com\/video\/499660467?autoplay=0&amp;muted=0\" class=\"video-link mp-video\"><div class=\"video-lightbox-image-holder video-lightbox-round\" style=\"background-image:url(https:\/\/i0.wp.com\/gesticonnect.com\/wp-content\/uploads\/2021\/09\/FP-pay-overlay-final.png?fit=600%2C400&#038;ssl=1)\"><div class=\"bg-overlay bg-overlay-dark20\"><\/div><div class=\"video-lightbox-image-icon\"><i class=\"engage-icon-icon engage-icon-triangle-right-17\"><\/i><\/div><\/div><\/a><\/div><\/div>[vc_column_text font_size=\u00a0\u00bblarge\u00a0\u00bb css=\u00a0\u00bb.vc_custom_1635782741363{padding-top: 30px !important;}\u00a0\u00bb]<\/p>\n<div class=\"FP-prod-desc\">\n<p>D\u00e9couvrez comment votre entreprise peut automatiser la perception de paiements aupr\u00e8s d\u2019employ\u00e9s qui ne font pas l\u2019objet de retenues salariales r\u00e9guli\u00e8res. Dites adieu au papier!<\/p><\/div>\n<p>[\/vc_column_text]<div class=\"btn-holder btn-align-left btn-inline\"><a href=\"https:\/\/gesticonnect.com\/fr-ca\/nous-joindre\/\" title=\"Contact\" class=\"btn btn-regular btn-solid  btn-dark btn-hover-opacity  download-brochure-btn\" target=\"\">DEMANDER UNE D\u00c9MO<\/a><\/div>[\/vc_column][\/vc_row][vc_row css=\u00a0\u00bb.vc_custom_1631816932300{padding-top: 30px !important;padding-bottom: 30px !important;background-color: #f8f8f8 !important;}\u00a0\u00bb el_id=\u00a0\u00bbdiscover-core-features\u00a0\u00bb][vc_column el_class=\u00a0\u00bbdark-heading\u00a0\u00bb]<div class=\"special-heading vntd-heading heading-no-border heading-align-center\"style=\"margin-bottom:45px;\"><h3 class=\"special-heading-title\">Principales caract\u00e9ristiques<\/h3><p class=\"special-heading-subtitle\">Des solutions de paiement automatis\u00e9es et flexibles.<\/p><\/div>[vc_row_inner css=\u00a0\u00bb.vc_custom_1633703922973{padding-top: 20px !important;}\u00a0\u00bb el_class=\u00a0\u00bbdark-heading\u00a0\u00bb][vc_column_inner el_class=\u00a0\u00bbdiscover-core-features-left\u00a0\u00bb width=\u00a0\u00bb1\/3&Prime; css=\u00a0\u00bb.vc_custom_1633114790380{padding-top: 15px !important;padding-bottom: 20px !important;}\u00a0\u00bb]<div class=\"vntd-icon-box vntd-content-element box-aligned-right-outline box-aligned box-aligned-right\"style=\"margin-bottom:30px;\";><div class=\"icon-box-icon color-gray\"><i class=\"vc_li vc_li-display\"><\/i><\/div><div class=\"icon-box-content\"><h5 class=\"icon-box-title\">Transactions an argent automatis\u00e9es<\/h5><p class=\"icon-description\">Perception de paiements li\u00e9s aux avantages sociaux aupr\u00e8s d\u2019employ\u00e9s non actifs (en cong\u00e9 ou retrait\u00e9s).<\/p><\/div><\/div><div class=\"vntd-icon-box vntd-content-element box-aligned-right-outline box-aligned box-aligned-right\"style=\"margin-bottom:30px;\";><div class=\"icon-box-icon color-gray\"><i class=\"vc_li vc_li-params\"><\/i><\/div><div class=\"icon-box-content\"><h5 class=\"icon-box-title\">S\u00e9curit\u00e9 et conformit\u00e9<\/h5><p class=\"icon-description\">S\u00e9curit\u00e9 et enti\u00e8re conformit\u00e9 rendant possibles la num\u00e9risation et l\u2019automatisation d\u2019un processus manuel autrefois laborieux.<\/p><\/div><\/div><div class=\"vntd-icon-box vntd-content-element box-aligned-right-outline box-aligned box-aligned-right\"style=\"margin-bottom:30px;\";><div class=\"icon-box-icon color-gray\"><i class=\"vc_li vc_li-pen\"><\/i><\/div><div class=\"icon-box-content\"><h5 class=\"icon-box-title\">Exp\u00e9rience en ligne<\/h5><p class=\"icon-description\">Employ\u00e9s avis\u00e9s de mettre en place leurs retraits bancaires automatiques pour le paiement des primes, vous simplifiant la t\u00e2che.<\/p><\/div><\/div>[\/vc_column_inner][vc_column_inner width=\u00a0\u00bb1\/3&Prime;][vc_single_image image=\u00a0\u00bb7003377&Prime; alignment=\u00a0\u00bbcenter\u00a0\u00bb][\/vc_column_inner][vc_column_inner el_class=\u00a0\u00bbdiscover-core-features-right\u00a0\u00bb width=\u00a0\u00bb1\/3&Prime; css=\u00a0\u00bb.vc_custom_1633114803782{border-bottom-width: 20px !important;padding-top: 15px !important;}\u00a0\u00bb]<div class=\"vntd-icon-box vntd-content-element box-aligned-left-outline box-aligned box-aligned-left\"style=\"margin-bottom:30px;\";><div class=\"icon-box-icon color-gray\"><i class=\"vc_li vc_li-star\"><\/i><\/div><div class=\"icon-box-content\"><h5 class=\"icon-box-title\">Administration avanc\u00e9e<\/h5><p class=\"icon-description\">Tableau de bord pr\u00e9sentant l\u2019historique de facturation en temps r\u00e9el. Les changements des montants des primes, les paiements en retard et les comptes en souffrance sont g\u00e9r\u00e9s d\u2019une mani\u00e8re fluide sans intervention manuelle.<\/p><\/div><\/div><div class=\"vntd-icon-box vntd-content-element box-aligned-left-outline box-aligned box-aligned-left\"style=\"margin-bottom:30px;\";><div class=\"icon-box-icon color-gray\"><i class=\"vc_li vc_li-pen\"><\/i><\/div><div class=\"icon-box-content\"><h5 class=\"icon-box-title\">Rapports et analyses<\/h5><p class=\"icon-description\">Possibilit\u00e9 pour les participants de voir les d\u00e9tails de leurs paiements et d\u2019en faire le suivi en temps r\u00e9el.<\/p><\/div><\/div><div class=\"vntd-icon-box vntd-content-element box-aligned-left-outline box-aligned box-aligned-left\"style=\"margin-bottom:30px;\";><div class=\"icon-box-icon color-gray\"><i class=\"vc_li vc_li-star\"><\/i><\/div><div class=\"icon-box-content\"><h5 class=\"icon-box-title\">Site Web r\u00e9actif<\/h5><p class=\"icon-description\">Adaptation automatique \u00e0 votre appareil pr\u00e9f\u00e9r\u00e9, gr\u00e2ce \u00e0 une conception intuitive.<\/p><\/div><\/div>[\/vc_column_inner][\/vc_row_inner][\/vc_column][\/vc_row][vc_row css=\u00a0\u00bb.vc_custom_1631816972260{padding-top: 30px !important;padding-bottom: 30px !important;background-color: #f8f8f8 !important;}\u00a0\u00bb el_id=\u00a0\u00bbdiscover-core-features-small\u00a0\u00bb][vc_column el_class=\u00a0\u00bbdark-heading\u00a0\u00bb]<div class=\"special-heading vntd-heading heading-no-border heading-align-center\"style=\"margin-bottom:45px;\"><h3 class=\"special-heading-title\">Principales caract\u00e9ristiques<\/h3><p class=\"special-heading-subtitle\">Des solutions de paiement automatis\u00e9es et flexibles.<\/p><\/div>[vc_row_inner css=\u00a0\u00bb.vc_custom_1633703948245{padding-top: 20px !important;}\u00a0\u00bb el_class=\u00a0\u00bbdark-heading\u00a0\u00bb][vc_column_inner width=\u00a0\u00bb1\/2&Prime;][vc_single_image image=\u00a0\u00bb7003377&Prime; alignment=\u00a0\u00bbcenter\u00a0\u00bb][\/vc_column_inner][vc_column_inner width=\u00a0\u00bb1\/2&Prime;]<div class=\"vntd-icon-box vntd-content-element box-aligned-left-outline box-aligned box-aligned-left\"style=\"margin-bottom:45px;\";><div class=\"icon-box-icon color-gray\"><i class=\"vc_li vc_li-display\"><\/i><\/div><div class=\"icon-box-content\"><h5 class=\"icon-box-title\">Transactions an argent automatis\u00e9es<\/h5><p class=\"icon-description\">Perception de paiements li\u00e9s aux avantages sociaux aupr\u00e8s d\u2019employ\u00e9s non actifs (en cong\u00e9 ou retrait\u00e9s).<\/p><\/div><\/div><div class=\"vntd-icon-box vntd-content-element box-aligned-left-outline box-aligned box-aligned-left\"style=\"margin-bottom:45px;\";><div class=\"icon-box-icon color-gray\"><i class=\"vc_li vc_li-pen\"><\/i><\/div><div class=\"icon-box-content\"><h5 class=\"icon-box-title\">S\u00e9curit\u00e9 et conformit\u00e9<\/h5><p class=\"icon-description\">S\u00e9curit\u00e9 et enti\u00e8re conformit\u00e9 rendant possibles la num\u00e9risation et l\u2019automatisation d\u2019un processus manuel autrefois laborieux.<\/p><\/div><\/div><div class=\"vntd-icon-box vntd-content-element box-aligned-left-outline box-aligned box-aligned-left\"style=\"margin-bottom:45px;\";><div class=\"icon-box-icon color-gray\"><i class=\"vc_li vc_li-pen\"><\/i><\/div><div class=\"icon-box-content\"><h5 class=\"icon-box-title\">Exp\u00e9rience en ligne<\/h5><p class=\"icon-description\">Employ\u00e9s avis\u00e9s de mettre en place leurs retraits bancaires automatiques pour le paiement des primes, vous simplifiant la t\u00e2che.<\/p><\/div><\/div><div class=\"vntd-icon-box vntd-content-element box-aligned-left-outline box-aligned box-aligned-left\"style=\"margin-bottom:45px;\";><div class=\"icon-box-icon color-gray\"><i class=\"vc_li vc_li-pen\"><\/i><\/div><div class=\"icon-box-content\"><h5 class=\"icon-box-title\">Administration avanc\u00e9e<\/h5><p class=\"icon-description\">Tableau de bord pr\u00e9sentant l\u2019historique de facturation en temps r\u00e9el. Les changements des montants des primes, les paiements en retard et les comptes en souffrance sont g\u00e9r\u00e9s d\u2019une mani\u00e8re fluide sans intervention manuelle.<\/p><\/div><\/div><div class=\"vntd-icon-box vntd-content-element box-aligned-left-outline box-aligned box-aligned-left\"style=\"margin-bottom:45px;\";><div class=\"icon-box-icon color-gray\"><i class=\"vc_li vc_li-display\"><\/i><\/div><div class=\"icon-box-content\"><h5 class=\"icon-box-title\">Rapports et analyses<\/h5><p class=\"icon-description\">Possibilit\u00e9 pour les participants de voir les d\u00e9tails de leurs paiements et d\u2019en faire le suivi en temps r\u00e9el.<\/p><\/div><\/div><div class=\"vntd-icon-box vntd-content-element box-aligned-left-outline box-aligned box-aligned-left\"style=\"margin-bottom:45px;\";><div class=\"icon-box-icon color-gray\"><i class=\"vc_li vc_li-diamond\"><\/i><\/div><div class=\"icon-box-content\"><h5 class=\"icon-box-title\">Site Web r\u00e9actif<\/h5><p class=\"icon-description\">Adaptation automatique \u00e0 votre appareil pr\u00e9f\u00e9r\u00e9, gr\u00e2ce \u00e0 une conception intuitive.<\/p><\/div><\/div>[\/vc_column_inner][\/vc_row_inner][\/vc_column][\/vc_row]<\/p>\n","protected":false},"excerpt":{"rendered":"<p>[vc_row equal_height=\u00a0\u00bbyes\u00a0\u00bb content_placement=\u00a0\u00bbmiddle\u00a0\u00bb css=\u00a0\u00bb.vc_custom_1631816878768{padding-top: 30px !important;padding-bottom: 30px !important;background-color: #ffffff !important;background-position: center !important;background-repeat: no-repeat !important;background-size: cover !important;}\u00a0\u00bb el_id=\u00a0\u00bblanding-page-vdo\u00a0\u00bb el_class=\u00a0\u00bbFP-Pay-Video-sec\u00a0\u00bb][vc_column width=\u00a0\u00bb1\/2&Prime; col_padding=\u00a0\u00bb3&Prime; col_padding_side=\u00a0\u00bbright\u00a0\u00bb][\/vc_column][vc_column width=\u00a0\u00bb1\/2&Prime; col_padding=\u00a0\u00bb3&Prime; col_padding_side=\u00a0\u00bbleft\u00a0\u00bb el_class=\u00a0\u00bbdark-heading\u00a0\u00bb][vc_custom_heading text=\u00a0\u00bbVous en avez assez des ch\u00e8ques?\u00a0\u00bb font_container=\u00a0\u00bbtag:h2|font_size:34px|text_align:left\u00a0\u00bb use_theme_fonts=\u00a0\u00bbyes\u00a0\u00bb css=\u00a0\u00bb.vc_custom_1635782668206{margin-bottom: 20px !important;}\u00a0\u00bb][vc_column_text font_size=\u00a0\u00bblarge\u00a0\u00bb] D\u00e9couvrez comment votre entreprise peut automatiser la perception de paiements aupr\u00e8s d\u2019employ\u00e9s qui [&hellip;]<\/p>\n","protected":false},"author":1,"featured_media":0,"parent":7002902,"menu_order":0,"comment_status":"closed","ping_status":"closed","template":"","meta":{"bgseo_title":"","bgseo_description":"","bgseo_robots_index":"index","bgseo_robots_follow":"follow","footnotes":""},"class_list":["post-7002940","page","type-page","status-publish","hentry"],"yoast_head":"<!-- This site is optimized with the Yoast SEO plugin v21.7 - https:\/\/yoast.com\/wordpress\/plugins\/seo\/ -->\n<title>FlexPlus PAIEMENT | Gesticonnect<\/title>\n<meta name=\"robots\" content=\"index, follow, max-snippet:-1, max-image-preview:large, max-video-preview:-1\" \/>\n<link rel=\"canonical\" href=\"https:\/\/gesticonnect.com\/fr-ca\/nos-solutions\/administration-des-avantages-sociaux\/flexplus-paiement\/\" \/>\n<meta property=\"og:locale\" content=\"fr_CA\" \/>\n<meta property=\"og:type\" content=\"article\" \/>\n<meta property=\"og:title\" content=\"FlexPlus PAIEMENT - Gesticonnect\" \/>\n<meta property=\"og:description\" content=\"[vc_row equal_height=\u00a0\u00bbyes\u00a0\u00bb content_placement=\u00a0\u00bbmiddle\u00a0\u00bb css=\u00a0\u00bb.vc_custom_1631816878768{padding-top: 30px !important;padding-bottom: 30px !important;background-color: #ffffff !important;background-position: center !important;background-repeat: no-repeat !important;background-size: cover !important;}\u00a0\u00bb el_id=\u00a0\u00bblanding-page-vdo\u00a0\u00bb el_class=\u00a0\u00bbFP-Pay-Video-sec\u00a0\u00bb][vc_column width=\u00a0\u00bb1\/2&Prime; col_padding=\u00a0\u00bb3&Prime; col_padding_side=\u00a0\u00bbright\u00a0\u00bb][\/vc_column][vc_column width=\u00a0\u00bb1\/2&Prime; col_padding=\u00a0\u00bb3&Prime; col_padding_side=\u00a0\u00bbleft\u00a0\u00bb el_class=\u00a0\u00bbdark-heading\u00a0\u00bb][vc_custom_heading text=\u00a0\u00bbVous en avez assez des ch\u00e8ques?\u00a0\u00bb font_container=\u00a0\u00bbtag:h2|font_size:34px|text_align:left\u00a0\u00bb use_theme_fonts=\u00a0\u00bbyes\u00a0\u00bb css=\u00a0\u00bb.vc_custom_1635782668206{margin-bottom: 20px !important;}\u00a0\u00bb][vc_column_text font_size=\u00a0\u00bblarge\u00a0\u00bb] D\u00e9couvrez comment votre entreprise peut automatiser la perception de paiements aupr\u00e8s d\u2019employ\u00e9s qui [&hellip;]\" \/>\n<meta property=\"og:url\" content=\"https:\/\/gesticonnect.com\/fr-ca\/nos-solutions\/administration-des-avantages-sociaux\/flexplus-paiement\/\" \/>\n<meta property=\"og:site_name\" content=\"Gesticonnect\" \/>\n<meta property=\"article:modified_time\" content=\"2021-11-11T21:28:12+00:00\" \/>\n<meta name=\"twitter:card\" content=\"summary_large_image\" \/>\n<meta name=\"twitter:label1\" content=\"Estimation du temps de lecture\" \/>\n\t<meta name=\"twitter:data1\" content=\"5 minutes\" \/>\n<script type=\"application\/ld+json\" class=\"yoast-schema-graph\">{\"@context\":\"https:\/\/schema.org\",\"@graph\":[{\"@type\":\"WebPage\",\"@id\":\"https:\/\/gesticonnect.com\/fr-ca\/nos-solutions\/administration-des-avantages-sociaux\/flexplus-paiement\/\",\"url\":\"https:\/\/gesticonnect.com\/fr-ca\/nos-solutions\/administration-des-avantages-sociaux\/flexplus-paiement\/\",\"name\":\"FlexPlus PAIEMENT - Gesticonnect\",\"isPartOf\":{\"@id\":\"https:\/\/gesticonnect.com\/#website\"},\"datePublished\":\"2021-10-29T16:04:07+00:00\",\"dateModified\":\"2021-11-11T21:28:12+00:00\",\"breadcrumb\":{\"@id\":\"https:\/\/gesticonnect.com\/fr-ca\/nos-solutions\/administration-des-avantages-sociaux\/flexplus-paiement\/#breadcrumb\"},\"inLanguage\":\"fr-CA\",\"potentialAction\":[{\"@type\":\"ReadAction\",\"target\":[\"https:\/\/gesticonnect.com\/fr-ca\/nos-solutions\/administration-des-avantages-sociaux\/flexplus-paiement\/\"]}]},{\"@type\":\"BreadcrumbList\",\"@id\":\"https:\/\/gesticonnect.com\/fr-ca\/nos-solutions\/administration-des-avantages-sociaux\/flexplus-paiement\/#breadcrumb\",\"itemListElement\":[{\"@type\":\"ListItem\",\"position\":1,\"name\":\"Home\",\"item\":\"https:\/\/gesticonnect.com\/fr-ca\/accueil\/\"},{\"@type\":\"ListItem\",\"position\":2,\"name\":\"Nos solutions\",\"item\":\"https:\/\/gesticonnect.com\/fr-ca\/nos-solutions\/\"},{\"@type\":\"ListItem\",\"position\":3,\"name\":\"Administration des r\u00e9gimes d\u2019assurance collective\",\"item\":\"https:\/\/gesticonnect.com\/fr-ca\/nos-solutions\/administration-des-avantages-sociaux\/\"},{\"@type\":\"ListItem\",\"position\":4,\"name\":\"FlexPlus PAIEMENT\"}]},{\"@type\":\"WebSite\",\"@id\":\"https:\/\/gesticonnect.com\/#website\",\"url\":\"https:\/\/gesticonnect.com\/\",\"name\":\"Gesticonnect\",\"description\":\"\",\"potentialAction\":[{\"@type\":\"SearchAction\",\"target\":{\"@type\":\"EntryPoint\",\"urlTemplate\":\"https:\/\/gesticonnect.com\/?s={search_term_string}\"},\"query-input\":\"required name=search_term_string\"}],\"inLanguage\":\"fr-CA\"}]}<\/script>\n<!-- \/ Yoast SEO plugin. -->","yoast_head_json":{"title":"FlexPlus PAIEMENT | Gesticonnect","robots":{"index":"index","follow":"follow","max-snippet":"max-snippet:-1","max-image-preview":"max-image-preview:large","max-video-preview":"max-video-preview:-1"},"canonical":"https:\/\/gesticonnect.com\/fr-ca\/nos-solutions\/administration-des-avantages-sociaux\/flexplus-paiement\/","og_locale":"fr_CA","og_type":"article","og_title":"FlexPlus PAIEMENT - Gesticonnect","og_description":"[vc_row equal_height=\u00a0\u00bbyes\u00a0\u00bb content_placement=\u00a0\u00bbmiddle\u00a0\u00bb css=\u00a0\u00bb.vc_custom_1631816878768{padding-top: 30px !important;padding-bottom: 30px !important;background-color: #ffffff !important;background-position: center !important;background-repeat: no-repeat !important;background-size: cover !important;}\u00a0\u00bb el_id=\u00a0\u00bblanding-page-vdo\u00a0\u00bb el_class=\u00a0\u00bbFP-Pay-Video-sec\u00a0\u00bb][vc_column width=\u00a0\u00bb1\/2&Prime; col_padding=\u00a0\u00bb3&Prime; col_padding_side=\u00a0\u00bbright\u00a0\u00bb][\/vc_column][vc_column width=\u00a0\u00bb1\/2&Prime; col_padding=\u00a0\u00bb3&Prime; col_padding_side=\u00a0\u00bbleft\u00a0\u00bb el_class=\u00a0\u00bbdark-heading\u00a0\u00bb][vc_custom_heading text=\u00a0\u00bbVous en avez assez des ch\u00e8ques?\u00a0\u00bb font_container=\u00a0\u00bbtag:h2|font_size:34px|text_align:left\u00a0\u00bb use_theme_fonts=\u00a0\u00bbyes\u00a0\u00bb css=\u00a0\u00bb.vc_custom_1635782668206{margin-bottom: 20px !important;}\u00a0\u00bb][vc_column_text font_size=\u00a0\u00bblarge\u00a0\u00bb] D\u00e9couvrez comment votre entreprise peut automatiser la perception de paiements aupr\u00e8s d\u2019employ\u00e9s qui [&hellip;]","og_url":"https:\/\/gesticonnect.com\/fr-ca\/nos-solutions\/administration-des-avantages-sociaux\/flexplus-paiement\/","og_site_name":"Gesticonnect","article_modified_time":"2021-11-11T21:28:12+00:00","twitter_card":"summary_large_image","twitter_misc":{"Estimation du temps de lecture":"5 minutes"},"schema":{"@context":"https:\/\/schema.org","@graph":[{"@type":"WebPage","@id":"https:\/\/gesticonnect.com\/fr-ca\/nos-solutions\/administration-des-avantages-sociaux\/flexplus-paiement\/","url":"https:\/\/gesticonnect.com\/fr-ca\/nos-solutions\/administration-des-avantages-sociaux\/flexplus-paiement\/","name":"FlexPlus PAIEMENT - Gesticonnect","isPartOf":{"@id":"https:\/\/gesticonnect.com\/#website"},"datePublished":"2021-10-29T16:04:07+00:00","dateModified":"2021-11-11T21:28:12+00:00","breadcrumb":{"@id":"https:\/\/gesticonnect.com\/fr-ca\/nos-solutions\/administration-des-avantages-sociaux\/flexplus-paiement\/#breadcrumb"},"inLanguage":"fr-CA","potentialAction":[{"@type":"ReadAction","target":["https:\/\/gesticonnect.com\/fr-ca\/nos-solutions\/administration-des-avantages-sociaux\/flexplus-paiement\/"]}]},{"@type":"BreadcrumbList","@id":"https:\/\/gesticonnect.com\/fr-ca\/nos-solutions\/administration-des-avantages-sociaux\/flexplus-paiement\/#breadcrumb","itemListElement":[{"@type":"ListItem","position":1,"name":"Home","item":"https:\/\/gesticonnect.com\/fr-ca\/accueil\/"},{"@type":"ListItem","position":2,"name":"Nos solutions","item":"https:\/\/gesticonnect.com\/fr-ca\/nos-solutions\/"},{"@type":"ListItem","position":3,"name":"Administration des r\u00e9gimes d\u2019assurance collective","item":"https:\/\/gesticonnect.com\/fr-ca\/nos-solutions\/administration-des-avantages-sociaux\/"},{"@type":"ListItem","position":4,"name":"FlexPlus PAIEMENT"}]},{"@type":"WebSite","@id":"https:\/\/gesticonnect.com\/#website","url":"https:\/\/gesticonnect.com\/","name":"Gesticonnect","description":"","potentialAction":[{"@type":"SearchAction","target":{"@type":"EntryPoint","urlTemplate":"https:\/\/gesticonnect.com\/?s={search_term_string}"},"query-input":"required name=search_term_string"}],"inLanguage":"fr-CA"}]}},"jetpack_sharing_enabled":true,"_links":{"self":[{"href":"https:\/\/gesticonnect.com\/fr-ca\/wp-json\/wp\/v2\/pages\/7002940","targetHints":{"allow":["GET"]}}],"collection":[{"href":"https:\/\/gesticonnect.com\/fr-ca\/wp-json\/wp\/v2\/pages"}],"about":[{"href":"https:\/\/gesticonnect.com\/fr-ca\/wp-json\/wp\/v2\/types\/page"}],"author":[{"embeddable":true,"href":"https:\/\/gesticonnect.com\/fr-ca\/wp-json\/wp\/v2\/users\/1"}],"replies":[{"embeddable":true,"href":"https:\/\/gesticonnect.com\/fr-ca\/wp-json\/wp\/v2\/comments?post=7002940"}],"version-history":[{"count":8,"href":"https:\/\/gesticonnect.com\/fr-ca\/wp-json\/wp\/v2\/pages\/7002940\/revisions"}],"predecessor-version":[{"id":7003430,"href":"https:\/\/gesticonnect.com\/fr-ca\/wp-json\/wp\/v2\/pages\/7002940\/revisions\/7003430"}],"up":[{"embeddable":true,"href":"https:\/\/gesticonnect.com\/fr-ca\/wp-json\/wp\/v2\/pages\/7002902"}],"wp:attachment":[{"href":"https:\/\/gesticonnect.com\/fr-ca\/wp-json\/wp\/v2\/media?parent=7002940"}],"curies":[{"name":"wp","href":"https:\/\/api.w.org\/{rel}","templated":true}]}}