{"id":7002926,"date":"2021-10-29T16:03:57","date_gmt":"2021-10-29T16:03:57","guid":{"rendered":"https:\/\/gesticonnect.com\/administration-des-prestations\/facturation-electronique-flexplus\/"},"modified":"2021-11-05T21:21:32","modified_gmt":"2021-11-05T21:21:32","slug":"flexplus-remboursement","status":"publish","type":"page","link":"https:\/\/gesticonnect.com\/fr-ca\/nos-solutions\/administration-des-avantages-sociaux\/flexplus-remboursement\/","title":{"rendered":"FlexPlus REMBOURSEMENT"},"content":{"rendered":"<p>[vc_row equal_height=\u00a0\u00bbyes\u00a0\u00bb content_placement=\u00a0\u00bbmiddle\u00a0\u00bb css=\u00a0\u00bb.vc_custom_1631816878768{padding-top: 30px !important;padding-bottom: 30px !important;background-color: #ffffff !important;background-position: center !important;background-repeat: no-repeat !important;background-size: cover !important;}\u00a0\u00bb el_id=\u00a0\u00bblanding-page-vdo\u00a0\u00bb el_class=\u00a0\u00bbFP-Pay-Video-sec\u00a0\u00bb][vc_column width=\u00a0\u00bb1\/2&Prime; col_padding=\u00a0\u00bb3&Prime; col_padding_side=\u00a0\u00bbright\u00a0\u00bb][vc_single_image image=\u00a0\u00bb7002841&Prime; img_size=\u00a0\u00bb506&#215;337&Prime;][\/vc_column][vc_column width=\u00a0\u00bb1\/2&Prime; col_padding=\u00a0\u00bb3&Prime; col_padding_side=\u00a0\u00bbleft\u00a0\u00bb el_class=\u00a0\u00bbdark-heading\u00a0\u00bb][vc_custom_heading text=\u00a0\u00bbRembourser un employ\u00e9 ne devrait pas \u00eatre si difficile.\u00a0\u00bb font_container=\u00a0\u00bbtag:h2|font_size:34px|text_align:left\u00a0\u00bb use_theme_fonts=\u00a0\u00bbyes\u00a0\u00bb css=\u00a0\u00bb.vc_custom_1635781942184{margin-bottom: 20px !important;}\u00a0\u00bb][vc_column_text font_size=\u00a0\u00bblarge\u00a0\u00bb]<\/p>\n<div class=\"FP-prod-desc\">\n<p>Une solution simple pour automatiser les paiements compliqu\u00e9s vers\u00e9s aux employ\u00e9s non actifs.<\/p>\n<\/div>\n<p>[\/vc_column_text]<div class=\"btn-holder btn-align-left btn-inline\"><a href=\"https:\/\/gesticonnect.com\/fr-ca\/nous-joindre\/\" title=\"Contact\" class=\"btn btn-regular btn-solid  btn-dark btn-hover-opacity  download-brochure-btn\" target=\"\">DEMANDER UNE D\u00c9MO<\/a><\/div>[\/vc_column][\/vc_row][vc_row el_id=\u00a0\u00bblanding-page-vdo-small\u00a0\u00bb css=\u00a0\u00bb.vc_custom_1631816912065{padding-top: 30px !important;padding-bottom: 30px !important;}\u00a0\u00bb el_class=\u00a0\u00bbFP-Pay-Video-sec\u00a0\u00bb][vc_column el_class=\u00a0\u00bbdark-heading\u00a0\u00bb][vc_custom_heading text=\u00a0\u00bbRembourser un employ\u00e9 ne devrait pas \u00eatre si difficile.\u00a0\u00bb font_container=\u00a0\u00bbtag:h2|font_size:30px|text_align:left\u00a0\u00bb use_theme_fonts=\u00a0\u00bbyes\u00a0\u00bb css=\u00a0\u00bb.vc_custom_1635782090058{margin-bottom: 20px !important;}\u00a0\u00bb][vc_single_image image=\u00a0\u00bb7002841&Prime;][vc_column_text font_size=\u00a0\u00bblarge\u00a0\u00bb css=\u00a0\u00bb.vc_custom_1635782078874{padding-top: 30px !important;}\u00a0\u00bb]<\/p>\n<div class=\"FP-prod-desc\">\n<p>Une solution simple pour automatiser les paiements compliqu\u00e9s vers\u00e9s aux employ\u00e9s non actifs.<\/p>\n<\/div>\n<p>[\/vc_column_text]<div class=\"btn-holder btn-align-left btn-inline\"><a href=\"https:\/\/gesticonnect.com\/fr-ca\/nous-joindre\/\" title=\"Contact\" class=\"btn btn-regular btn-solid  btn-dark btn-hover-opacity  download-brochure-btn\" target=\"\">DEMANDER UNE D\u00c9MO<\/a><\/div>[\/vc_column][\/vc_row][vc_row css=\u00a0\u00bb.vc_custom_1631816932300{padding-top: 30px !important;padding-bottom: 30px !important;background-color: #f8f8f8 !important;}\u00a0\u00bb el_id=\u00a0\u00bbdiscover-core-features\u00a0\u00bb][vc_column el_class=\u00a0\u00bbdark-heading\u00a0\u00bb]<div class=\"special-heading vntd-heading heading-no-border heading-align-center\"style=\"margin-bottom:45px;\"><h3 class=\"special-heading-title\">Principales caract\u00e9ristiques<\/h3><p class=\"special-heading-subtitle\">Des solutions de paiement automatis\u00e9es et flexibles.<\/p><\/div>[vc_row_inner css=\u00a0\u00bb.vc_custom_1633704085053{padding-top: 20px !important;}\u00a0\u00bb el_class=\u00a0\u00bbdark-heading\u00a0\u00bb][vc_column_inner el_class=\u00a0\u00bbdiscover-core-features-left\u00a0\u00bb width=\u00a0\u00bb1\/3&Prime;]<div class=\"vntd-icon-box vntd-content-element box-aligned-right-outline box-aligned box-aligned-right\"style=\"margin-bottom:30px;\";><div class=\"icon-box-icon color-gray\"><i class=\"vc_li vc_li-display\"><\/i><\/div><div class=\"icon-box-content\"><h5 class=\"icon-box-title\">Transactions an argent automatis\u00e9es<\/h5><p class=\"icon-description\">Transferts faciles de fonds aux employ\u00e9s, dont les droits de scolarit\u00e9, mesures de bien-\u00eatre et primes aux ventes.<\/p><\/div><\/div><div class=\"vntd-icon-box vntd-content-element box-aligned-right-outline box-aligned box-aligned-right\"style=\"margin-bottom:30px;\";><div class=\"icon-box-icon color-gray\"><i class=\"vc_li vc_li-pen\"><\/i><\/div><div class=\"icon-box-content\"><h5 class=\"icon-box-title\">Exp\u00e9rience en ligne<\/h5><p class=\"icon-description\">Ajout des donn\u00e9es bancaires et t\u00e9l\u00e9versement des preuves de paiement par les employ\u00e9s, rendant possible l\u2019automatisation des processus d\u2019approbation et de paiement.<\/p><\/div><\/div><div class=\"vntd-icon-box vntd-content-element box-aligned-right-outline box-aligned box-aligned-right\"style=\"margin-bottom:30px;\";><div class=\"icon-box-icon color-gray\"><i class=\"vc_li vc_li-pen\"><\/i><\/div><div class=\"icon-box-content\"><h5 class=\"icon-box-title\">Rapports et analyses<\/h5><p class=\"icon-description\">Possibilit\u00e9 pour les participants de voir les d\u00e9tails de leurs paiements et d\u2019en faire le suivi en temps r\u00e9el.<\/p><\/div><\/div>[\/vc_column_inner][vc_column_inner width=\u00a0\u00bb1\/3&Prime;][vc_single_image image=\u00a0\u00bb7003380&Prime; alignment=\u00a0\u00bbcenter\u00a0\u00bb][\/vc_column_inner][vc_column_inner el_class=\u00a0\u00bbdiscover-core-features-right\u00a0\u00bb width=\u00a0\u00bb1\/3&Prime;]<div class=\"vntd-icon-box vntd-content-element box-aligned-left-outline box-aligned box-aligned-left\"style=\"margin-bottom:30px;\";><div class=\"icon-box-icon color-gray\"><i class=\"vc_li vc_li-star\"><\/i><\/div><div class=\"icon-box-content\"><h5 class=\"icon-box-title\">Administration avanc\u00e9e<\/h5><p class=\"icon-description\">Tableau de bord pr\u00e9sentant des donn\u00e9es d\u2019analyse en temps r\u00e9el. Activation simple des fournisseurs de services approuv\u00e9s auxquels peuvent acc\u00e9der les employ\u00e9s.<\/p><\/div><\/div><div class=\"vntd-icon-box vntd-content-element box-aligned-left-outline box-aligned box-aligned-left\"style=\"margin-bottom:30px;\";><div class=\"icon-box-icon color-gray\"><i class=\"vc_li vc_li-params\"><\/i><\/div><div class=\"icon-box-content\"><h5 class=\"icon-box-title\">S\u00e9curit\u00e9 et conformit\u00e9<\/h5><p class=\"icon-description\">S\u00e9curit\u00e9 et enti\u00e8re conformit\u00e9 rendant possibles la num\u00e9risation et l\u2019automatisation d\u2019un processus manuel laborieux.<\/p><\/div><\/div><div class=\"vntd-icon-box vntd-content-element box-aligned-left-outline box-aligned box-aligned-left\"style=\"margin-bottom:30px;\";><div class=\"icon-box-icon color-gray\"><i class=\"vc_li vc_li-star\"><\/i><\/div><div class=\"icon-box-content\"><h5 class=\"icon-box-title\">Site Web r\u00e9actif<\/h5><p class=\"icon-description\">Adaptation automatique \u00e0 votre appareil pr\u00e9f\u00e9r\u00e9, gr\u00e2ce \u00e0 une conception intuitive.<\/p><\/div><\/div>[\/vc_column_inner][\/vc_row_inner][\/vc_column][\/vc_row][vc_row css=\u00a0\u00bb.vc_custom_1631816972260{padding-top: 30px !important;padding-bottom: 30px !important;background-color: #f8f8f8 !important;}\u00a0\u00bb el_id=\u00a0\u00bbdiscover-core-features-small\u00a0\u00bb][vc_column el_class=\u00a0\u00bbdark-heading\u00a0\u00bb]<div class=\"special-heading vntd-heading heading-no-border heading-align-center\"style=\"margin-bottom:45px;\"><h3 class=\"special-heading-title\">Principales caract\u00e9ristiques<\/h3><p class=\"special-heading-subtitle\">Des solutions de paiement automatis\u00e9es et flexibles.<\/p><\/div>[vc_row_inner css=\u00a0\u00bb.vc_custom_1633704106157{padding-top: 20px !important;}\u00a0\u00bb el_class=\u00a0\u00bbdark-heading\u00a0\u00bb][vc_column_inner width=\u00a0\u00bb1\/2&Prime;][vc_single_image image=\u00a0\u00bb7003380&Prime; alignment=\u00a0\u00bbcenter\u00a0\u00bb][\/vc_column_inner][vc_column_inner width=\u00a0\u00bb1\/2&Prime;]<div class=\"vntd-icon-box vntd-content-element box-aligned-left-outline box-aligned box-aligned-left\"style=\"margin-bottom:45px;\";><div class=\"icon-box-icon color-gray\"><i class=\"vc_li vc_li-display\"><\/i><\/div><div class=\"icon-box-content\"><h5 class=\"icon-box-title\">Transactions an argent automatis\u00e9es<\/h5><p class=\"icon-description\">Transferts faciles de fonds aux employ\u00e9s, dont les droits de scolarit\u00e9, mesures de bien-\u00eatre et primes aux ventes.<\/p><\/div><\/div><div class=\"vntd-icon-box vntd-content-element box-aligned-left-outline box-aligned box-aligned-left\"style=\"margin-bottom:45px;\";><div class=\"icon-box-icon color-gray\"><i class=\"vc_li vc_li-pen\"><\/i><\/div><div class=\"icon-box-content\"><h5 class=\"icon-box-title\">Exp\u00e9rience en ligne<\/h5><p class=\"icon-description\">Ajout des donn\u00e9es bancaires et t\u00e9l\u00e9versement des preuves de paiement par les employ\u00e9s, rendant possible l\u2019automatisation des processus d\u2019approbation et de paiement.<\/p><\/div><\/div><div class=\"vntd-icon-box vntd-content-element box-aligned-left-outline box-aligned box-aligned-left\"style=\"margin-bottom:45px;\";><div class=\"icon-box-icon color-gray\"><i class=\"vc_li vc_li-display\"><\/i><\/div><div class=\"icon-box-content\"><h5 class=\"icon-box-title\">Rapports et analyses<\/h5><p class=\"icon-description\">Possibilit\u00e9 pour les participants de voir les d\u00e9tails de leurs paiements et d\u2019en faire le suivi en temps r\u00e9el.<\/p><\/div><\/div><div class=\"vntd-icon-box vntd-content-element box-aligned-left-outline box-aligned box-aligned-left\"style=\"margin-bottom:45px;\";><div class=\"icon-box-icon color-gray\"><i class=\"vc_li vc_li-pen\"><\/i><\/div><div class=\"icon-box-content\"><h5 class=\"icon-box-title\">Administration avanc\u00e9e<\/h5><p class=\"icon-description\">Tableau de bord pr\u00e9sentant des donn\u00e9es d\u2019analyse en temps r\u00e9el. Activation simple des fournisseurs de services approuv\u00e9s auxquels peuvent acc\u00e9der les employ\u00e9s.<\/p><\/div><\/div><div class=\"vntd-icon-box vntd-content-element box-aligned-left-outline box-aligned box-aligned-left\"style=\"margin-bottom:45px;\";><div class=\"icon-box-icon color-gray\"><i class=\"vc_li vc_li-pen\"><\/i><\/div><div class=\"icon-box-content\"><h5 class=\"icon-box-title\">S\u00e9curit\u00e9 et conformit\u00e9<\/h5><p class=\"icon-description\">S\u00e9curit\u00e9 et enti\u00e8re conformit\u00e9 rendant possibles la num\u00e9risation et l\u2019automatisation d\u2019un processus manuel laborieux.<\/p><\/div><\/div><div class=\"vntd-icon-box vntd-content-element box-aligned-left-outline box-aligned box-aligned-left\"style=\"margin-bottom:45px;\";><div class=\"icon-box-icon color-gray\"><i class=\"vc_li vc_li-diamond\"><\/i><\/div><div class=\"icon-box-content\"><h5 class=\"icon-box-title\">Site Web r\u00e9actif<\/h5><p class=\"icon-description\">Adaptation automatique \u00e0 votre appareil pr\u00e9f\u00e9r\u00e9, gr\u00e2ce \u00e0 une conception intuitive.<\/p><\/div><\/div>[\/vc_column_inner][\/vc_row_inner][\/vc_column][\/vc_row]<\/p>\n","protected":false},"excerpt":{"rendered":"<p>[vc_row equal_height=\u00a0\u00bbyes\u00a0\u00bb content_placement=\u00a0\u00bbmiddle\u00a0\u00bb css=\u00a0\u00bb.vc_custom_1631816878768{padding-top: 30px !important;padding-bottom: 30px !important;background-color: #ffffff !important;background-position: center !important;background-repeat: no-repeat !important;background-size: cover !important;}\u00a0\u00bb el_id=\u00a0\u00bblanding-page-vdo\u00a0\u00bb el_class=\u00a0\u00bbFP-Pay-Video-sec\u00a0\u00bb][vc_column width=\u00a0\u00bb1\/2&Prime; col_padding=\u00a0\u00bb3&Prime; col_padding_side=\u00a0\u00bbright\u00a0\u00bb][vc_single_image image=\u00a0\u00bb7002841&Prime; img_size=\u00a0\u00bb506&#215;337&Prime;][\/vc_column][vc_column width=\u00a0\u00bb1\/2&Prime; col_padding=\u00a0\u00bb3&Prime; col_padding_side=\u00a0\u00bbleft\u00a0\u00bb el_class=\u00a0\u00bbdark-heading\u00a0\u00bb][vc_custom_heading text=\u00a0\u00bbRembourser un employ\u00e9 ne devrait pas \u00eatre si difficile.\u00a0\u00bb font_container=\u00a0\u00bbtag:h2|font_size:34px|text_align:left\u00a0\u00bb use_theme_fonts=\u00a0\u00bbyes\u00a0\u00bb css=\u00a0\u00bb.vc_custom_1635781942184{margin-bottom: 20px !important;}\u00a0\u00bb][vc_column_text font_size=\u00a0\u00bblarge\u00a0\u00bb] Une solution simple pour automatiser les paiements compliqu\u00e9s [&hellip;]<\/p>\n","protected":false},"author":1,"featured_media":0,"parent":7002902,"menu_order":0,"comment_status":"closed","ping_status":"closed","template":"","meta":{"bgseo_title":"","bgseo_description":"Complicated off-payroll payments? Reimbursing employees should not be so difficult. An automated payment solution to simplify these transactions.","bgseo_robots_index":"index","bgseo_robots_follow":"follow","footnotes":""},"class_list":["post-7002926","page","type-page","status-publish","hentry"],"yoast_head":"<!-- This site is optimized with the Yoast SEO plugin v21.7 - https:\/\/yoast.com\/wordpress\/plugins\/seo\/ -->\n<title>FlexPlus REMBOURSEMENT | Gesticonnect<\/title>\n<meta name=\"robots\" content=\"index, follow, max-snippet:-1, max-image-preview:large, max-video-preview:-1\" \/>\n<link rel=\"canonical\" href=\"https:\/\/gesticonnect.com\/fr-ca\/nos-solutions\/administration-des-avantages-sociaux\/flexplus-remboursement\/\" \/>\n<meta property=\"og:locale\" content=\"fr_CA\" \/>\n<meta property=\"og:type\" content=\"article\" \/>\n<meta property=\"og:title\" content=\"FlexPlus REMBOURSEMENT - Gesticonnect\" \/>\n<meta property=\"og:description\" content=\"[vc_row equal_height=\u00a0\u00bbyes\u00a0\u00bb content_placement=\u00a0\u00bbmiddle\u00a0\u00bb css=\u00a0\u00bb.vc_custom_1631816878768{padding-top: 30px !important;padding-bottom: 30px !important;background-color: #ffffff !important;background-position: center !important;background-repeat: no-repeat !important;background-size: cover !important;}\u00a0\u00bb el_id=\u00a0\u00bblanding-page-vdo\u00a0\u00bb el_class=\u00a0\u00bbFP-Pay-Video-sec\u00a0\u00bb][vc_column width=\u00a0\u00bb1\/2&Prime; col_padding=\u00a0\u00bb3&Prime; col_padding_side=\u00a0\u00bbright\u00a0\u00bb][vc_single_image image=\u00a0\u00bb7002841&Prime; img_size=\u00a0\u00bb506&#215;337&Prime;][\/vc_column][vc_column width=\u00a0\u00bb1\/2&Prime; col_padding=\u00a0\u00bb3&Prime; col_padding_side=\u00a0\u00bbleft\u00a0\u00bb el_class=\u00a0\u00bbdark-heading\u00a0\u00bb][vc_custom_heading text=\u00a0\u00bbRembourser un employ\u00e9 ne devrait pas \u00eatre si difficile.\u00a0\u00bb font_container=\u00a0\u00bbtag:h2|font_size:34px|text_align:left\u00a0\u00bb use_theme_fonts=\u00a0\u00bbyes\u00a0\u00bb css=\u00a0\u00bb.vc_custom_1635781942184{margin-bottom: 20px !important;}\u00a0\u00bb][vc_column_text font_size=\u00a0\u00bblarge\u00a0\u00bb] Une solution simple pour automatiser les paiements compliqu\u00e9s [&hellip;]\" \/>\n<meta property=\"og:url\" content=\"https:\/\/gesticonnect.com\/fr-ca\/nos-solutions\/administration-des-avantages-sociaux\/flexplus-remboursement\/\" \/>\n<meta property=\"og:site_name\" content=\"Gesticonnect\" \/>\n<meta property=\"article:modified_time\" content=\"2021-11-05T21:21:32+00:00\" \/>\n<meta name=\"twitter:card\" content=\"summary_large_image\" \/>\n<meta name=\"twitter:label1\" content=\"Estimation du temps de lecture\" \/>\n\t<meta name=\"twitter:data1\" content=\"5 minutes\" \/>\n<script type=\"application\/ld+json\" class=\"yoast-schema-graph\">{\"@context\":\"https:\/\/schema.org\",\"@graph\":[{\"@type\":\"WebPage\",\"@id\":\"https:\/\/gesticonnect.com\/fr-ca\/nos-solutions\/administration-des-avantages-sociaux\/flexplus-remboursement\/\",\"url\":\"https:\/\/gesticonnect.com\/fr-ca\/nos-solutions\/administration-des-avantages-sociaux\/flexplus-remboursement\/\",\"name\":\"FlexPlus REMBOURSEMENT - Gesticonnect\",\"isPartOf\":{\"@id\":\"https:\/\/gesticonnect.com\/#website\"},\"datePublished\":\"2021-10-29T16:03:57+00:00\",\"dateModified\":\"2021-11-05T21:21:32+00:00\",\"breadcrumb\":{\"@id\":\"https:\/\/gesticonnect.com\/fr-ca\/nos-solutions\/administration-des-avantages-sociaux\/flexplus-remboursement\/#breadcrumb\"},\"inLanguage\":\"fr-CA\",\"potentialAction\":[{\"@type\":\"ReadAction\",\"target\":[\"https:\/\/gesticonnect.com\/fr-ca\/nos-solutions\/administration-des-avantages-sociaux\/flexplus-remboursement\/\"]}]},{\"@type\":\"BreadcrumbList\",\"@id\":\"https:\/\/gesticonnect.com\/fr-ca\/nos-solutions\/administration-des-avantages-sociaux\/flexplus-remboursement\/#breadcrumb\",\"itemListElement\":[{\"@type\":\"ListItem\",\"position\":1,\"name\":\"Home\",\"item\":\"https:\/\/gesticonnect.com\/fr-ca\/accueil\/\"},{\"@type\":\"ListItem\",\"position\":2,\"name\":\"Nos solutions\",\"item\":\"https:\/\/gesticonnect.com\/fr-ca\/nos-solutions\/\"},{\"@type\":\"ListItem\",\"position\":3,\"name\":\"Administration des r\u00e9gimes d\u2019assurance collective\",\"item\":\"https:\/\/gesticonnect.com\/fr-ca\/nos-solutions\/administration-des-avantages-sociaux\/\"},{\"@type\":\"ListItem\",\"position\":4,\"name\":\"FlexPlus REMBOURSEMENT\"}]},{\"@type\":\"WebSite\",\"@id\":\"https:\/\/gesticonnect.com\/#website\",\"url\":\"https:\/\/gesticonnect.com\/\",\"name\":\"Gesticonnect\",\"description\":\"\",\"potentialAction\":[{\"@type\":\"SearchAction\",\"target\":{\"@type\":\"EntryPoint\",\"urlTemplate\":\"https:\/\/gesticonnect.com\/?s={search_term_string}\"},\"query-input\":\"required name=search_term_string\"}],\"inLanguage\":\"fr-CA\"}]}<\/script>\n<!-- \/ Yoast SEO plugin. -->","yoast_head_json":{"title":"FlexPlus REMBOURSEMENT | Gesticonnect","robots":{"index":"index","follow":"follow","max-snippet":"max-snippet:-1","max-image-preview":"max-image-preview:large","max-video-preview":"max-video-preview:-1"},"canonical":"https:\/\/gesticonnect.com\/fr-ca\/nos-solutions\/administration-des-avantages-sociaux\/flexplus-remboursement\/","og_locale":"fr_CA","og_type":"article","og_title":"FlexPlus REMBOURSEMENT - Gesticonnect","og_description":"[vc_row equal_height=\u00a0\u00bbyes\u00a0\u00bb content_placement=\u00a0\u00bbmiddle\u00a0\u00bb css=\u00a0\u00bb.vc_custom_1631816878768{padding-top: 30px !important;padding-bottom: 30px !important;background-color: #ffffff !important;background-position: center !important;background-repeat: no-repeat !important;background-size: cover !important;}\u00a0\u00bb el_id=\u00a0\u00bblanding-page-vdo\u00a0\u00bb el_class=\u00a0\u00bbFP-Pay-Video-sec\u00a0\u00bb][vc_column width=\u00a0\u00bb1\/2&Prime; col_padding=\u00a0\u00bb3&Prime; col_padding_side=\u00a0\u00bbright\u00a0\u00bb][vc_single_image image=\u00a0\u00bb7002841&Prime; img_size=\u00a0\u00bb506&#215;337&Prime;][\/vc_column][vc_column width=\u00a0\u00bb1\/2&Prime; col_padding=\u00a0\u00bb3&Prime; col_padding_side=\u00a0\u00bbleft\u00a0\u00bb el_class=\u00a0\u00bbdark-heading\u00a0\u00bb][vc_custom_heading text=\u00a0\u00bbRembourser un employ\u00e9 ne devrait pas \u00eatre si difficile.\u00a0\u00bb font_container=\u00a0\u00bbtag:h2|font_size:34px|text_align:left\u00a0\u00bb use_theme_fonts=\u00a0\u00bbyes\u00a0\u00bb css=\u00a0\u00bb.vc_custom_1635781942184{margin-bottom: 20px !important;}\u00a0\u00bb][vc_column_text font_size=\u00a0\u00bblarge\u00a0\u00bb] Une solution simple pour automatiser les paiements compliqu\u00e9s [&hellip;]","og_url":"https:\/\/gesticonnect.com\/fr-ca\/nos-solutions\/administration-des-avantages-sociaux\/flexplus-remboursement\/","og_site_name":"Gesticonnect","article_modified_time":"2021-11-05T21:21:32+00:00","twitter_card":"summary_large_image","twitter_misc":{"Estimation du temps de lecture":"5 minutes"},"schema":{"@context":"https:\/\/schema.org","@graph":[{"@type":"WebPage","@id":"https:\/\/gesticonnect.com\/fr-ca\/nos-solutions\/administration-des-avantages-sociaux\/flexplus-remboursement\/","url":"https:\/\/gesticonnect.com\/fr-ca\/nos-solutions\/administration-des-avantages-sociaux\/flexplus-remboursement\/","name":"FlexPlus REMBOURSEMENT - Gesticonnect","isPartOf":{"@id":"https:\/\/gesticonnect.com\/#website"},"datePublished":"2021-10-29T16:03:57+00:00","dateModified":"2021-11-05T21:21:32+00:00","breadcrumb":{"@id":"https:\/\/gesticonnect.com\/fr-ca\/nos-solutions\/administration-des-avantages-sociaux\/flexplus-remboursement\/#breadcrumb"},"inLanguage":"fr-CA","potentialAction":[{"@type":"ReadAction","target":["https:\/\/gesticonnect.com\/fr-ca\/nos-solutions\/administration-des-avantages-sociaux\/flexplus-remboursement\/"]}]},{"@type":"BreadcrumbList","@id":"https:\/\/gesticonnect.com\/fr-ca\/nos-solutions\/administration-des-avantages-sociaux\/flexplus-remboursement\/#breadcrumb","itemListElement":[{"@type":"ListItem","position":1,"name":"Home","item":"https:\/\/gesticonnect.com\/fr-ca\/accueil\/"},{"@type":"ListItem","position":2,"name":"Nos solutions","item":"https:\/\/gesticonnect.com\/fr-ca\/nos-solutions\/"},{"@type":"ListItem","position":3,"name":"Administration des r\u00e9gimes d\u2019assurance collective","item":"https:\/\/gesticonnect.com\/fr-ca\/nos-solutions\/administration-des-avantages-sociaux\/"},{"@type":"ListItem","position":4,"name":"FlexPlus REMBOURSEMENT"}]},{"@type":"WebSite","@id":"https:\/\/gesticonnect.com\/#website","url":"https:\/\/gesticonnect.com\/","name":"Gesticonnect","description":"","potentialAction":[{"@type":"SearchAction","target":{"@type":"EntryPoint","urlTemplate":"https:\/\/gesticonnect.com\/?s={search_term_string}"},"query-input":"required name=search_term_string"}],"inLanguage":"fr-CA"}]}},"jetpack_sharing_enabled":true,"_links":{"self":[{"href":"https:\/\/gesticonnect.com\/fr-ca\/wp-json\/wp\/v2\/pages\/7002926","targetHints":{"allow":["GET"]}}],"collection":[{"href":"https:\/\/gesticonnect.com\/fr-ca\/wp-json\/wp\/v2\/pages"}],"about":[{"href":"https:\/\/gesticonnect.com\/fr-ca\/wp-json\/wp\/v2\/types\/page"}],"author":[{"embeddable":true,"href":"https:\/\/gesticonnect.com\/fr-ca\/wp-json\/wp\/v2\/users\/1"}],"replies":[{"embeddable":true,"href":"https:\/\/gesticonnect.com\/fr-ca\/wp-json\/wp\/v2\/comments?post=7002926"}],"version-history":[{"count":9,"href":"https:\/\/gesticonnect.com\/fr-ca\/wp-json\/wp\/v2\/pages\/7002926\/revisions"}],"predecessor-version":[{"id":7003384,"href":"https:\/\/gesticonnect.com\/fr-ca\/wp-json\/wp\/v2\/pages\/7002926\/revisions\/7003384"}],"up":[{"embeddable":true,"href":"https:\/\/gesticonnect.com\/fr-ca\/wp-json\/wp\/v2\/pages\/7002902"}],"wp:attachment":[{"href":"https:\/\/gesticonnect.com\/fr-ca\/wp-json\/wp\/v2\/media?parent=7002926"}],"curies":[{"name":"wp","href":"https:\/\/api.w.org\/{rel}","templated":true}]}}