{"id":7002913,"date":"2021-10-29T16:03:54","date_gmt":"2021-10-29T16:03:54","guid":{"rendered":"https:\/\/gesticonnect.com\/nos-solutions\/"},"modified":"2021-11-22T16:16:56","modified_gmt":"2021-11-22T16:16:56","slug":"nos-solutions","status":"publish","type":"page","link":"https:\/\/gesticonnect.com\/fr-ca\/nos-solutions\/","title":{"rendered":"Nos solutions"},"content":{"rendered":"<p>[vc_row css=\u00a0\u00bb.vc_custom_1631125998883{border-bottom-width: 35px !important;padding-top: 35px !important;}\u00a0\u00bb el_id=\u00a0\u00bbnos-solutions-sec1&Prime;][vc_column][vc_column_text]<\/p>\n<h2>Solutions FlexPlus<sup>MD<\/sup><\/h2>\n<p class=\"p1\" style=\"font-size: 1.1rem;\">Quand vient le temps de g\u00e9rer et de fid\u00e9liser les clients, nos solutions automatis\u00e9es changent la donne pour les conseillers.<\/p>\n<p>[\/vc_column_text][\/vc_column][\/vc_row][vc_row css=\u00a0\u00bb.vc_custom_1631126673354{padding-top: 20px !important;padding-bottom: 20px !important;}\u00a0\u00bb el_id=\u00a0\u00bbnos-solutions-sec2&Prime;][vc_column][vc_row_inner css=\u00a0\u00bb.vc_custom_1510573856638{padding-bottom: 60px !important;}\u00a0\u00bb][vc_column_inner width=\u00a0\u00bb1\/3&Prime; css=\u00a0\u00bb.vc_custom_1510573743642{padding-right: 25px !important;}\u00a0\u00bb][vc_single_image image=\u00a0\u00bb7002823&Prime; img_size=\u00a0\u00bb400&#215;300&Prime;][vc_column_text]<\/p>\n<h5>Administration des r\u00e9gimes d\u2019assurance collective<\/h5>\n<ul>\n<li><a href=\"https:\/\/gesticonnect.com\/fr-ca\/nos-solutions\/administration-des-avantages-sociaux\/flexplus-entreprise\/\">FlexPlus ENTERPRISE<\/a><\/li>\n<li><a href=\"https:\/\/gesticonnect.com\/fr-ca\/nos-solutions\/administration-des-avantages-sociaux\/flexplus-connect\/\">FlexPlus CONNECT<\/a><\/li>\n<li><a href=\"fr-ca\/nos-solutions\/administration-des-avantages-sociaux\/flexplus-paiement\/\">FlexPlus PAIEMENT<\/a><\/li>\n<li><a href=\"https:\/\/gesticonnect.com\/fr-ca\/nos-solutions\/administration-des-avantages-sociaux\/flexplus-remboursement\/\">FlexPlus REMBOURSEMENT<\/a><\/li>\n<\/ul>\n<p><!--\n \t\n\n<li><a href=\"https:\/\/gesticonnect.com\/fr-ca\/nos-solutions\/administration-des-avantages-sociaux\/flexplus-talent\/\">FlexPlus TALENT<\/a><\/li>\n\n\n-->[\/vc_column_text][\/vc_column_inner][vc_column_inner width=\u00a0\u00bb1\/3&Prime; css=\u00a0\u00bb.vc_custom_1510573736062{padding-right: 20px !important;padding-left: 20px !important;}\u00a0\u00bb][vc_single_image image=\u00a0\u00bb7002813&Prime; img_size=\u00a0\u00bb400&#215;300&Prime;][vc_column_text]<\/p>\n<h5>Solutions pour les conseillers<\/h5>\n<ul>\n<li><a href=\"https:\/\/gesticonnect.com\/fr-ca\/nos-solutions\/flexplus-exchange\/\">FlexPlus EXCHANGE<\/a><\/li>\n<\/ul>\n<p>[\/vc_column_text][\/vc_column_inner][vc_column_inner width=\u00a0\u00bb1\/3&Prime; css=\u00a0\u00bb.vc_custom_1510573750269{padding-left: 25px !important;}\u00a0\u00bb][vc_single_image image=\u00a0\u00bb7002824&Prime; img_size=\u00a0\u00bb400&#215;300&Prime;][vc_column_text]<\/p>\n<h5>March\u00e9 num\u00e9rique<\/h5>\n<ul>\n<li><a href=\"\/fr-ca\/?page_id=7002882\">Produits volontaires<\/a><\/li>\n<\/ul>\n<p>[\/vc_column_text][\/vc_column_inner][\/vc_row_inner][\/vc_column][\/vc_row][vc_row equal_height=\u00a0\u00bbyes\u00a0\u00bb content_placement=\u00a0\u00bbmiddle\u00a0\u00bb bg_color_pre=\u00a0\u00bbbg-color-1&Prime; css=\u00a0\u00bb.vc_custom_1633702102484{padding-top: 30px !important;padding-bottom: 30px !important;}\u00a0\u00bb el_class=\u00a0\u00bbdark-heading\u00a0\u00bb][vc_column width=\u00a0\u00bb1\/2&Prime; col_padding=\u00a0\u00bb2&Prime; col_padding_side=\u00a0\u00bbright\u00a0\u00bb][vc_single_image image=\u00a0\u00bb7003226&Prime; img_size=\u00a0\u00bb800&#215;700&Prime; css_animation=\u00a0\u00bbnone\u00a0\u00bb frame=\u00a0\u00bb\u00a0\u00bb css=\u00a0\u00bb.vc_custom_1635796539280{margin-bottom: 0px !important;}\u00a0\u00bb][\/vc_column][vc_column width=\u00a0\u00bb1\/2&Prime; col_padding=\u00a0\u00bb2&Prime; col_padding_side=\u00a0\u00bbleft\u00a0\u00bb][vc_column_text]<\/p>\n<h2>Pourquoi choisir Gesticonnect?<\/h2>\n<p>Gesticonnect est une pionni\u00e8re des solutions technologiques de pointe en mati\u00e8re de traitement des avantages sociaux sur le march\u00e9 canadien.[\/vc_column_text]<div class=\"vntd-icon-list icon-list-simple icon-list-basic icon-list-color-accent\"><ul class=\"icon-list\"><li><i class=\"fas fa-check color-accent\"><\/i>Capacit\u00e9 d\u2019authentification unique<\/li><li><i class=\"fas fa-check color-accent\"><\/i>Exp\u00e9rience d\u2019adh\u00e9sion en ligne<\/li><li><i class=\"fas fa-check color-accent\"><\/i>Automatisation de la prestation d\u2019avantages sociaux<\/li><li><i class=\"fas fa-check color-accent\"><\/i>Conception modulaire flexible<\/li><li><i class=\"fas fa-check color-accent\"><\/i>Retenues salariales automatiques<\/li><li><i class=\"fas fa-check color-accent\"><\/i>Int\u00e9gration fluide avec le service de la paie<\/li><li><i class=\"fas fa-check color-accent\"><\/i>Int\u00e9gration avec les syst\u00e8mes d\u2019information des RH et les assureurs<\/li><\/ul><\/div>[\/vc_column][\/vc_row][vc_row full_width=\u00a0\u00bbstretch_row_content_no_spaces\u00a0\u00bb color_scheme=\u00a0\u00bbwhite\u00a0\u00bb bg_color_pre=\u00a0\u00bbbg-color-accent\u00a0\u00bb bg_overlay=\u00a0\u00bbaccent\u00a0\u00bb css=\u00a0\u00bb.vc_custom_1631123447261{padding-top: 50px !important;padding-bottom: 50px !important;background-image: url(http:\/\/www.engage.veented.com\/business\/wp-content\/uploads\/sites\/114\/2017\/08\/business-main.jpg?id=946) !important;}\u00a0\u00bb][vc_column][vc_column_text]<\/p>\n<div class=\"home-CTA-grp\">\n<h2>Besoin de plus d\u2019information?<\/h2>\n<p>Voyez comment FlexPlus peut transformer votre entreprise!<\/p>\n<\/div>\n<p>[\/vc_column_text]\n<div class=\"wpcf7 no-js\" id=\"wpcf7-f7003094-o1\" lang=\"fr-CA\" dir=\"ltr\">\n<div class=\"screen-reader-response\"><p role=\"status\" aria-live=\"polite\" aria-atomic=\"true\"><\/p> <ul><\/ul><\/div>\n<form action=\"\/fr-ca\/wp-json\/wp\/v2\/pages\/7002913#wpcf7-f7003094-o1\" method=\"post\" class=\"wpcf7-form init\" aria-label=\"Contact form\" novalidate=\"novalidate\" data-status=\"init\">\n<div style=\"display: none;\">\n<input type=\"hidden\" name=\"_wpcf7\" value=\"7003094\" \/>\n<input type=\"hidden\" name=\"_wpcf7_version\" value=\"5.8.5\" \/>\n<input type=\"hidden\" name=\"_wpcf7_locale\" value=\"fr_CA\" \/>\n<input type=\"hidden\" name=\"_wpcf7_unit_tag\" value=\"wpcf7-f7003094-o1\" \/>\n<input type=\"hidden\" name=\"_wpcf7_container_post\" value=\"0\" \/>\n<input type=\"hidden\" name=\"_wpcf7_posted_data_hash\" value=\"\" \/>\n<\/div>\n<div class=\"row home-contact-frm\">\n\t<div class=\"col-lg-6\">\n\t\t<div class=\"form-group\">\n\t\t\t<p><label> Nom complet<\/label><br \/>\n<span class=\"wpcf7-form-control-wrap\" data-name=\"your-name\"><input size=\"40\" class=\"wpcf7-form-control wpcf7-text wpcf7-validates-as-required\" aria-required=\"true\" aria-invalid=\"false\" placeholder=\"Nom complet\" value=\"\" type=\"text\" name=\"your-name\" \/><\/span>\n\t\t\t<\/p>\n\t\t<\/div>\n\t<\/div>\n\t<div class=\"col-lg-6\">\n\t\t<div class=\"form-group\">\n\t\t\t<p><label> Nom de l\u2019entreprise<\/label><br \/>\n<span class=\"wpcf7-form-control-wrap\" data-name=\"company-name\"><input size=\"40\" class=\"wpcf7-form-control wpcf7-text wpcf7-validates-as-required\" aria-required=\"true\" aria-invalid=\"false\" placeholder=\"Nom de l\u2019entreprise\" value=\"\" type=\"text\" name=\"company-name\" \/><\/span>\n\t\t\t<\/p>\n\t\t<\/div>\n\t<\/div>\n\t<div class=\"col-lg-6\">\n\t\t<div class=\"form-group\">\n\t\t\t<p><label> T\u00e9l\u00e9phone<\/label><br \/>\n<span class=\"wpcf7-form-control-wrap\" data-name=\"phone\"><input size=\"40\" class=\"wpcf7-form-control wpcf7-tel wpcf7-validates-as-required wpcf7-text wpcf7-validates-as-tel\" aria-required=\"true\" aria-invalid=\"false\" placeholder=\"T\u00e9l\u00e9phone\" value=\"\" type=\"tel\" name=\"phone\" \/><\/span>\n\t\t\t<\/p>\n\t\t<\/div>\n\t<\/div>\n\t<div class=\"col-lg-6\">\n\t\t<div class=\"form-group\">\n\t\t\t<p><label> Adresse de courriel<\/label><br \/>\n<span class=\"wpcf7-form-control-wrap\" data-name=\"your-email\"><input size=\"40\" class=\"wpcf7-form-control wpcf7-email wpcf7-validates-as-required wpcf7-text wpcf7-validates-as-email\" aria-required=\"true\" aria-invalid=\"false\" placeholder=\"Adresse de courriel\" value=\"\" type=\"email\" name=\"your-email\" \/><\/span>\n\t\t\t<\/p>\n\t\t<\/div>\n\t<\/div>\n\t<div class=\"col-lg-12\">\n\t\t<div class=\"form-group form-btn-wrapper\">\n\t\t\t<p><label> Demander un rappel<\/label><br \/>\n<button class=\"contact-custom-btn\" a=\"\" callback=\"\" original=\"PC9idXR0b24+\">Demander un rappel<\/button>\n\t\t\t<\/p>\n\t\t<\/div>\n\t<\/div>\n<\/div><div class=\"wpcf7-response-output\" aria-hidden=\"true\"><\/div>\n<\/form>\n<\/div>\n[\/vc_column][\/vc_row]<\/p>\n","protected":false},"excerpt":{"rendered":"<p>[vc_row css=\u00a0\u00bb.vc_custom_1631125998883{border-bottom-width: 35px !important;padding-top: 35px !important;}\u00a0\u00bb el_id=\u00a0\u00bbnos-solutions-sec1&Prime;][vc_column][vc_column_text] Solutions FlexPlusMD Quand vient le temps de g\u00e9rer et de fid\u00e9liser les clients, nos solutions automatis\u00e9es changent la donne pour les conseillers. [\/vc_column_text][\/vc_column][\/vc_row][vc_row css=\u00a0\u00bb.vc_custom_1631126673354{padding-top: 20px !important;padding-bottom: 20px !important;}\u00a0\u00bb el_id=\u00a0\u00bbnos-solutions-sec2&Prime;][vc_column][vc_row_inner css=\u00a0\u00bb.vc_custom_1510573856638{padding-bottom: 60px !important;}\u00a0\u00bb][vc_column_inner width=\u00a0\u00bb1\/3&Prime; css=\u00a0\u00bb.vc_custom_1510573743642{padding-right: 25px !important;}\u00a0\u00bb][vc_single_image image=\u00a0\u00bb7002823&Prime; img_size=\u00a0\u00bb400&#215;300&Prime;][vc_column_text] Administration des r\u00e9gimes d\u2019assurance collective [&hellip;]<\/p>\n","protected":false},"author":1,"featured_media":0,"parent":0,"menu_order":0,"comment_status":"closed","ping_status":"closed","template":"","meta":{"bgseo_title":"","bgseo_description":"","bgseo_robots_index":"index","bgseo_robots_follow":"follow","footnotes":""},"class_list":["post-7002913","page","type-page","status-publish","hentry"],"yoast_head":"<!-- This site is optimized with the Yoast SEO plugin v21.7 - https:\/\/yoast.com\/wordpress\/plugins\/seo\/ -->\n<title>Nos solutions | Gesticonnect<\/title>\n<meta name=\"robots\" content=\"index, follow, max-snippet:-1, max-image-preview:large, max-video-preview:-1\" \/>\n<link rel=\"canonical\" href=\"https:\/\/gesticonnect.com\/fr-ca\/nos-solutions\/\" \/>\n<meta property=\"og:locale\" content=\"fr_CA\" \/>\n<meta property=\"og:type\" content=\"article\" \/>\n<meta property=\"og:title\" content=\"Nos solutions - Gesticonnect\" \/>\n<meta property=\"og:description\" content=\"[vc_row css=\u00a0\u00bb.vc_custom_1631125998883{border-bottom-width: 35px !important;padding-top: 35px !important;}\u00a0\u00bb el_id=\u00a0\u00bbnos-solutions-sec1&Prime;][vc_column][vc_column_text] Solutions FlexPlusMD Quand vient le temps de g\u00e9rer et de fid\u00e9liser les clients, nos solutions automatis\u00e9es changent la donne pour les conseillers. [\/vc_column_text][\/vc_column][\/vc_row][vc_row css=\u00a0\u00bb.vc_custom_1631126673354{padding-top: 20px !important;padding-bottom: 20px !important;}\u00a0\u00bb el_id=\u00a0\u00bbnos-solutions-sec2&Prime;][vc_column][vc_row_inner css=\u00a0\u00bb.vc_custom_1510573856638{padding-bottom: 60px !important;}\u00a0\u00bb][vc_column_inner width=\u00a0\u00bb1\/3&Prime; css=\u00a0\u00bb.vc_custom_1510573743642{padding-right: 25px !important;}\u00a0\u00bb][vc_single_image image=\u00a0\u00bb7002823&Prime; img_size=\u00a0\u00bb400&#215;300&Prime;][vc_column_text] Administration des r\u00e9gimes d\u2019assurance collective [&hellip;]\" \/>\n<meta property=\"og:url\" content=\"https:\/\/gesticonnect.com\/fr-ca\/nos-solutions\/\" \/>\n<meta property=\"og:site_name\" content=\"Gesticonnect\" \/>\n<meta property=\"article:modified_time\" content=\"2021-11-22T16:16:56+00:00\" \/>\n<meta name=\"twitter:card\" content=\"summary_large_image\" \/>\n<meta name=\"twitter:label1\" content=\"Estimation du temps de lecture\" \/>\n\t<meta name=\"twitter:data1\" content=\"2 minutes\" \/>\n<script type=\"application\/ld+json\" class=\"yoast-schema-graph\">{\"@context\":\"https:\/\/schema.org\",\"@graph\":[{\"@type\":\"WebPage\",\"@id\":\"https:\/\/gesticonnect.com\/fr-ca\/nos-solutions\/\",\"url\":\"https:\/\/gesticonnect.com\/fr-ca\/nos-solutions\/\",\"name\":\"Nos solutions - Gesticonnect\",\"isPartOf\":{\"@id\":\"https:\/\/gesticonnect.com\/#website\"},\"datePublished\":\"2021-10-29T16:03:54+00:00\",\"dateModified\":\"2021-11-22T16:16:56+00:00\",\"breadcrumb\":{\"@id\":\"https:\/\/gesticonnect.com\/fr-ca\/nos-solutions\/#breadcrumb\"},\"inLanguage\":\"fr-CA\",\"potentialAction\":[{\"@type\":\"ReadAction\",\"target\":[\"https:\/\/gesticonnect.com\/fr-ca\/nos-solutions\/\"]}]},{\"@type\":\"BreadcrumbList\",\"@id\":\"https:\/\/gesticonnect.com\/fr-ca\/nos-solutions\/#breadcrumb\",\"itemListElement\":[{\"@type\":\"ListItem\",\"position\":1,\"name\":\"Home\",\"item\":\"https:\/\/gesticonnect.com\/fr-ca\/accueil\/\"},{\"@type\":\"ListItem\",\"position\":2,\"name\":\"Nos solutions\"}]},{\"@type\":\"WebSite\",\"@id\":\"https:\/\/gesticonnect.com\/#website\",\"url\":\"https:\/\/gesticonnect.com\/\",\"name\":\"Gesticonnect\",\"description\":\"\",\"potentialAction\":[{\"@type\":\"SearchAction\",\"target\":{\"@type\":\"EntryPoint\",\"urlTemplate\":\"https:\/\/gesticonnect.com\/?s={search_term_string}\"},\"query-input\":\"required name=search_term_string\"}],\"inLanguage\":\"fr-CA\"}]}<\/script>\n<!-- \/ Yoast SEO plugin. -->","yoast_head_json":{"title":"Nos solutions | Gesticonnect","robots":{"index":"index","follow":"follow","max-snippet":"max-snippet:-1","max-image-preview":"max-image-preview:large","max-video-preview":"max-video-preview:-1"},"canonical":"https:\/\/gesticonnect.com\/fr-ca\/nos-solutions\/","og_locale":"fr_CA","og_type":"article","og_title":"Nos solutions - Gesticonnect","og_description":"[vc_row css=\u00a0\u00bb.vc_custom_1631125998883{border-bottom-width: 35px !important;padding-top: 35px !important;}\u00a0\u00bb el_id=\u00a0\u00bbnos-solutions-sec1&Prime;][vc_column][vc_column_text] Solutions FlexPlusMD Quand vient le temps de g\u00e9rer et de fid\u00e9liser les clients, nos solutions automatis\u00e9es changent la donne pour les conseillers. [\/vc_column_text][\/vc_column][\/vc_row][vc_row css=\u00a0\u00bb.vc_custom_1631126673354{padding-top: 20px !important;padding-bottom: 20px !important;}\u00a0\u00bb el_id=\u00a0\u00bbnos-solutions-sec2&Prime;][vc_column][vc_row_inner css=\u00a0\u00bb.vc_custom_1510573856638{padding-bottom: 60px !important;}\u00a0\u00bb][vc_column_inner width=\u00a0\u00bb1\/3&Prime; css=\u00a0\u00bb.vc_custom_1510573743642{padding-right: 25px !important;}\u00a0\u00bb][vc_single_image image=\u00a0\u00bb7002823&Prime; img_size=\u00a0\u00bb400&#215;300&Prime;][vc_column_text] Administration des r\u00e9gimes d\u2019assurance collective [&hellip;]","og_url":"https:\/\/gesticonnect.com\/fr-ca\/nos-solutions\/","og_site_name":"Gesticonnect","article_modified_time":"2021-11-22T16:16:56+00:00","twitter_card":"summary_large_image","twitter_misc":{"Estimation du temps de lecture":"2 minutes"},"schema":{"@context":"https:\/\/schema.org","@graph":[{"@type":"WebPage","@id":"https:\/\/gesticonnect.com\/fr-ca\/nos-solutions\/","url":"https:\/\/gesticonnect.com\/fr-ca\/nos-solutions\/","name":"Nos solutions - Gesticonnect","isPartOf":{"@id":"https:\/\/gesticonnect.com\/#website"},"datePublished":"2021-10-29T16:03:54+00:00","dateModified":"2021-11-22T16:16:56+00:00","breadcrumb":{"@id":"https:\/\/gesticonnect.com\/fr-ca\/nos-solutions\/#breadcrumb"},"inLanguage":"fr-CA","potentialAction":[{"@type":"ReadAction","target":["https:\/\/gesticonnect.com\/fr-ca\/nos-solutions\/"]}]},{"@type":"BreadcrumbList","@id":"https:\/\/gesticonnect.com\/fr-ca\/nos-solutions\/#breadcrumb","itemListElement":[{"@type":"ListItem","position":1,"name":"Home","item":"https:\/\/gesticonnect.com\/fr-ca\/accueil\/"},{"@type":"ListItem","position":2,"name":"Nos solutions"}]},{"@type":"WebSite","@id":"https:\/\/gesticonnect.com\/#website","url":"https:\/\/gesticonnect.com\/","name":"Gesticonnect","description":"","potentialAction":[{"@type":"SearchAction","target":{"@type":"EntryPoint","urlTemplate":"https:\/\/gesticonnect.com\/?s={search_term_string}"},"query-input":"required name=search_term_string"}],"inLanguage":"fr-CA"}]}},"jetpack_sharing_enabled":true,"_links":{"self":[{"href":"https:\/\/gesticonnect.com\/fr-ca\/wp-json\/wp\/v2\/pages\/7002913","targetHints":{"allow":["GET"]}}],"collection":[{"href":"https:\/\/gesticonnect.com\/fr-ca\/wp-json\/wp\/v2\/pages"}],"about":[{"href":"https:\/\/gesticonnect.com\/fr-ca\/wp-json\/wp\/v2\/types\/page"}],"author":[{"embeddable":true,"href":"https:\/\/gesticonnect.com\/fr-ca\/wp-json\/wp\/v2\/users\/1"}],"replies":[{"embeddable":true,"href":"https:\/\/gesticonnect.com\/fr-ca\/wp-json\/wp\/v2\/comments?post=7002913"}],"version-history":[{"count":12,"href":"https:\/\/gesticonnect.com\/fr-ca\/wp-json\/wp\/v2\/pages\/7002913\/revisions"}],"predecessor-version":[{"id":7003482,"href":"https:\/\/gesticonnect.com\/fr-ca\/wp-json\/wp\/v2\/pages\/7002913\/revisions\/7003482"}],"wp:attachment":[{"href":"https:\/\/gesticonnect.com\/fr-ca\/wp-json\/wp\/v2\/media?parent=7002913"}],"curies":[{"name":"wp","href":"https:\/\/api.w.org\/{rel}","templated":true}]}}