{"id":7002889,"date":"2021-10-29T16:03:46","date_gmt":"2021-10-29T16:03:46","guid":{"rendered":"https:\/\/gesticonnect.com\/personne-ressource\/"},"modified":"2024-03-28T23:07:03","modified_gmt":"2024-03-28T23:07:03","slug":"nous-joindre","status":"publish","type":"page","link":"https:\/\/gesticonnect.com\/fr-ca\/nous-joindre\/","title":{"rendered":"Nous joindre"},"content":{"rendered":"<p>[vc_row css=\u00a0\u00bb.vc_custom_1633531982123{padding-top: 20px !important;padding-bottom: 10px !important;}\u00a0\u00bb][vc_column width=\u00a0\u00bb1\/3&Prime;][vc_icon icon_fontawesome=\u00a0\u00bbfas fa-envelope\u00a0\u00bb color=\u00a0\u00bbwhite\u00a0\u00bb background_style=\u00a0\u00bbrounded\u00a0\u00bb background_color=\u00a0\u00bbblue\u00a0\u00bb align=\u00a0\u00bbcenter\u00a0\u00bb css=\u00a0\u00bb.vc_custom_1633531932803{margin-bottom: 15px !important;}\u00a0\u00bb][vc_column_text css=\u00a0\u00bb.vc_custom_1636564178154{margin-bottom: 8px !important;}\u00a0\u00bb]<\/p>\n<p style=\"text-align: center;\"><strong>Adresses courriel<\/strong><\/p>\n<p>[\/vc_column_text][vc_column_text]<\/p>\n<p style=\"text-align: center;\"><a href=\"mailto:dplante@gesticonnect.com\">dplante@gesticonnect.com<\/a><br \/>\n<a href=\"mailto:Sylvain.Gagne@seb-admin.com\">Sylvain.Gagne@seb-admin.com<\/a><\/p>\n<p>[\/vc_column_text][\/vc_column][vc_column width=\u00a0\u00bb1\/3&Prime;][vc_icon icon_fontawesome=\u00a0\u00bbfas fa-phone\u00a0\u00bb color=\u00a0\u00bbwhite\u00a0\u00bb background_style=\u00a0\u00bbrounded\u00a0\u00bb background_color=\u00a0\u00bbblue\u00a0\u00bb align=\u00a0\u00bbcenter\u00a0\u00bb css=\u00a0\u00bb.vc_custom_1633531958666{margin-bottom: 15px !important;}\u00a0\u00bb][vc_column_text css=\u00a0\u00bb.vc_custom_1635778683935{margin-bottom: 8px !important;}\u00a0\u00bb]<\/p>\n<p style=\"text-align: center;\"><strong>Num\u00e9ros de t\u00e9l\u00e9phone<\/strong><\/p>\n<p>[\/vc_column_text][vc_column_text]<\/p>\n<p style=\"text-align: center;\"><a href=\"tel:4185800123\">+1 418 580 0123<\/a><br \/>\n<!-- <a href=\"tel:5142412813\">+1 514 241 2813<\/a> --><\/p>\n<p>[\/vc_column_text][\/vc_column][vc_column width=\u00a0\u00bb1\/3&Prime;][vc_icon icon_fontawesome=\u00a0\u00bbfas fa-map-marker-alt\u00a0\u00bb color=\u00a0\u00bbwhite\u00a0\u00bb background_style=\u00a0\u00bbrounded\u00a0\u00bb background_color=\u00a0\u00bbblue\u00a0\u00bb align=\u00a0\u00bbcenter\u00a0\u00bb css=\u00a0\u00bb.vc_custom_1633531968469{margin-bottom: 15px !important;}\u00a0\u00bb][vc_column_text css=\u00a0\u00bb.vc_custom_1635778701438{margin-bottom: 8px !important;}\u00a0\u00bb]<\/p>\n<p style=\"text-align: center;\"><strong>Adresse postale<\/strong><\/p>\n<p>[\/vc_column_text][vc_column_text]<\/p>\n<p style=\"text-align: center;\">425 De Maisonneuve Ouest, 9<sup>e<\/sup> \u00e9tage,<br \/>\nMontr\u00e9al, QC, H3A 3G5<\/p>\n<p>[\/vc_column_text][\/vc_column][\/vc_row][vc_row bg_color_pre=\u00a0\u00bbbg-color-1&Prime; css=\u00a0\u00bb.vc_custom_1510578447466{margin-bottom: 0px !important;padding-top: 75px !important;padding-bottom: 40px !important;}\u00a0\u00bb][vc_column width=\u00a0\u00bb1\/6&Prime;][\/vc_column][vc_column width=\u00a0\u00bb2\/3&Prime; col_padding=\u00a0\u00bb2&Prime; col_padding_side=\u00a0\u00bbleft\u00a0\u00bb]<div class=\"special-heading vntd-heading heading-no-border heading-align-center\"><h3 class=\"special-heading-title\">Formulaire de coordonn\u00e9es<\/h3><p class=\"special-heading-subtitle\">Envoyez-nous un courriel en utilisant ce formulaire.<\/p><\/div>\n<div class=\"wpcf7 no-js\" id=\"wpcf7-f7003095-o1\" lang=\"fr-CA\" dir=\"ltr\">\n<div class=\"screen-reader-response\"><p role=\"status\" aria-live=\"polite\" aria-atomic=\"true\"><\/p> <ul><\/ul><\/div>\n<form action=\"\/fr-ca\/wp-json\/wp\/v2\/pages\/7002889#wpcf7-f7003095-o1\" method=\"post\" class=\"wpcf7-form init\" aria-label=\"Contact form\" novalidate=\"novalidate\" data-status=\"init\">\n<div style=\"display: none;\">\n<input type=\"hidden\" name=\"_wpcf7\" value=\"7003095\" \/>\n<input type=\"hidden\" name=\"_wpcf7_version\" value=\"5.8.5\" \/>\n<input type=\"hidden\" name=\"_wpcf7_locale\" value=\"fr_CA\" \/>\n<input type=\"hidden\" name=\"_wpcf7_unit_tag\" value=\"wpcf7-f7003095-o1\" \/>\n<input type=\"hidden\" name=\"_wpcf7_container_post\" value=\"0\" \/>\n<input type=\"hidden\" name=\"_wpcf7_posted_data_hash\" value=\"\" \/>\n<\/div>\n<p><span class=\"wpcf7-form-control-wrap\" data-name=\"full-name\"><input size=\"40\" class=\"wpcf7-form-control wpcf7-text wpcf7-validates-as-required\" aria-required=\"true\" aria-invalid=\"false\" placeholder=\"Nom*\" value=\"\" type=\"text\" name=\"full-name\" \/><\/span><br \/>\n<span class=\"wpcf7-form-control-wrap\" data-name=\"email\"><input size=\"40\" class=\"wpcf7-form-control wpcf7-email wpcf7-validates-as-required wpcf7-text wpcf7-validates-as-email\" aria-required=\"true\" aria-invalid=\"false\" placeholder=\"Courriel*\" value=\"\" type=\"email\" name=\"email\" \/><\/span><br \/>\n<span class=\"wpcf7-form-control-wrap\" data-name=\"phone\"><input size=\"40\" class=\"wpcf7-form-control wpcf7-tel wpcf7-validates-as-required wpcf7-text wpcf7-validates-as-tel\" aria-required=\"true\" aria-invalid=\"false\" placeholder=\"T\u00e9l\u00e9phone*\" value=\"\" type=\"tel\" name=\"phone\" \/><\/span><br \/>\n<span class=\"wpcf7-form-control-wrap\" data-name=\"company-name\"><input size=\"40\" class=\"wpcf7-form-control wpcf7-text wpcf7-validates-as-required\" aria-required=\"true\" aria-invalid=\"false\" placeholder=\"Nom de l\u2019entreprise*\" value=\"\" type=\"text\" name=\"company-name\" \/><\/span><br \/>\n<span class=\"wpcf7-form-control-wrap\" data-name=\"role\"><input size=\"40\" class=\"wpcf7-form-control wpcf7-text wpcf7-validates-as-required\" aria-required=\"true\" aria-invalid=\"false\" placeholder=\"R\u00f4le*\" value=\"\" type=\"text\" name=\"role\" \/><\/span><br \/>\nNombre d\u2019employ\u00e9s<br \/>\n<span class=\"wpcf7-form-control-wrap\" data-name=\"employees\"><span class=\"wpcf7-form-control wpcf7-radio form-style\" id=\"no-of-employees\"><span class=\"wpcf7-list-item first\"><input type=\"radio\" name=\"employees\" value=\"1-10\" checked=\"checked\" \/><span class=\"wpcf7-list-item-label\">1-10<\/span><\/span><span class=\"wpcf7-list-item\"><input type=\"radio\" name=\"employees\" value=\"11-50\" \/><span class=\"wpcf7-list-item-label\">11-50<\/span><\/span><span class=\"wpcf7-list-item\"><input type=\"radio\" name=\"employees\" value=\"51-200\" \/><span class=\"wpcf7-list-item-label\">51-200<\/span><\/span><span class=\"wpcf7-list-item\"><input type=\"radio\" name=\"employees\" value=\"201-500\" \/><span class=\"wpcf7-list-item-label\">201-500<\/span><\/span><span class=\"wpcf7-list-item last\"><input type=\"radio\" name=\"employees\" value=\"Plus de 500\" \/><span class=\"wpcf7-list-item-label\">Plus de 500<\/span><\/span><\/span><\/span><br \/>\nVous \u00eates un ?<br \/>\n<span class=\"wpcf7-form-control-wrap\" data-name=\"bet\"><span class=\"wpcf7-form-control wpcf7-radio form-style\" id=\"BET\"><span class=\"wpcf7-list-item first\"><input type=\"radio\" name=\"bet\" value=\"Conseiller en assurance collective\" checked=\"checked\" \/><span class=\"wpcf7-list-item-label\">Conseiller en assurance collective<\/span><\/span><span class=\"wpcf7-list-item\"><input type=\"radio\" name=\"bet\" value=\"Agent g\u00e9n\u00e9ral\" \/><span class=\"wpcf7-list-item-label\">Agent g\u00e9n\u00e9ral<\/span><\/span><span class=\"wpcf7-list-item\"><input type=\"radio\" name=\"bet\" value=\"TPA\" \/><span class=\"wpcf7-list-item-label\">TPA<\/span><\/span><span class=\"wpcf7-list-item last\"><input type=\"radio\" name=\"bet\" value=\"Employeur\" \/><span class=\"wpcf7-list-item-label\">Employeur<\/span><\/span><\/span><\/span><br \/>\nPour quelle solution souhaitez-vous recevoir plus d\u2019informations ?<br \/>\n<span class=\"wpcf7-form-control-wrap\" data-name=\"solutions\"><span class=\"wpcf7-form-control wpcf7-radio form-style\" id=\"interested\"><span class=\"wpcf7-list-item first\"><input type=\"radio\" name=\"solutions\" value=\"Solutions pour les courtiers\" checked=\"checked\" \/><span class=\"wpcf7-list-item-label\">Solutions pour les courtiers<\/span><\/span><span class=\"wpcf7-list-item\"><input type=\"radio\" name=\"solutions\" value=\"Services pour les TPA\" \/><span class=\"wpcf7-list-item-label\">Services pour les TPA<\/span><\/span><span class=\"wpcf7-list-item last\"><input type=\"radio\" name=\"solutions\" value=\"Produits facultatifs\" \/><span class=\"wpcf7-list-item-label\">Produits facultatifs<\/span><\/span><\/span><\/span><br \/>\n<input class=\"wpcf7-form-control wpcf7-submit has-spinner\" type=\"submit\" value=\"Envoyer\" \/><br \/>\n<span><i class=\"fas fa-info-circle\"><\/i> Les champs marqu\u00e9s d\u2019un * sont obligatoires.<\/span>\n<\/p><div class=\"wpcf7-response-output\" aria-hidden=\"true\"><\/div>\n<\/form>\n<\/div>\n[\/vc_column][vc_column width=\u00a0\u00bb1\/6&Prime;][\/vc_column][\/vc_row][vc_row full_width=\u00a0\u00bbstretch_row_content_no_spaces\u00a0\u00bb el_id=\u00a0\u00bbcontact-googlemap\u00a0\u00bb][vc_column][vc_gmaps link=\u00a0\u00bb#E-8_JTNDaWZyYW1lJTIwc3JjJTNEJTIyaHR0cHMlM0ElMkYlMkZ3d3cuZ29vZ2xlLmNvbSUyRm1hcHMlMkZlbWJlZCUzRnBiJTNEJTIxMW0xOCUyMTFtMTIlMjExbTMlMjExZDI3OTYuMTc2MjU0Njk2NzE0OCUyMTJkLTczLjU3MjI1MTY4NDkyNjQzJTIxM2Q0NS41MDY1MzA0Mzg2Mzk3NyUyMTJtMyUyMTFmMCUyMTJmMCUyMTNmMCUyMTNtMiUyMTFpMTAyNCUyMTJpNzY4JTIxNGYxMy4xJTIxM20zJTIxMW0yJTIxMXMweDRjYzkxYTQ4YWNjYmYyNTMlMjUzQTB4NWJkMGRiNWRmZGUxOTBlMSUyMTJzMzk1JTI1MjBCb3VsZXZhcmQlMjUyMGRlJTI1MjBNYWlzb25uZXV2ZSUyNTIwTyUyNTIwM2UlMjUyMCUyNUMzJTI1QTl0YWdlJTI1MkMlMjUyME1vbnRyJTI1QzMlMjVBOWFsJTI1MkMlMjUyMFFDJTI1MjBIM0ElMjUyMDFMNiUyNTJDJTI1MjBDYW5hZGElMjE1ZTAlMjEzbTIlMjExc2VuJTIxMnNpbiUyMTR2MTYyODAwNjQ0MTIwMSUyMTVtMiUyMTFzZW4lMjEyc2luJTIyJTIwd2lkdGglM0QlMjI2MDAlMjIlMjBoZWlnaHQlM0QlMjI0NTAlMjIlMjBzdHlsZSUzRCUyMmJvcmRlciUzQTAlM0IlMjIlMjBhbGxvd2Z1bGxzY3JlZW4lM0QlMjIlMjIlMjBsb2FkaW5nJTNEJTIybGF6eSUyMiUzRSUzQyUyRmlmcmFtZSUzRQ==\u00a0\u00bb el_id=\u00a0\u00bbcontact-gmapcol\u00a0\u00bb][\/vc_column][\/vc_row]<\/p>\n","protected":false},"excerpt":{"rendered":"<p>[vc_row css=\u00a0\u00bb.vc_custom_1633531982123{padding-top: 20px !important;padding-bottom: 10px !important;}\u00a0\u00bb][vc_column width=\u00a0\u00bb1\/3&Prime;][vc_icon icon_fontawesome=\u00a0\u00bbfas fa-envelope\u00a0\u00bb color=\u00a0\u00bbwhite\u00a0\u00bb background_style=\u00a0\u00bbrounded\u00a0\u00bb background_color=\u00a0\u00bbblue\u00a0\u00bb align=\u00a0\u00bbcenter\u00a0\u00bb css=\u00a0\u00bb.vc_custom_1633531932803{margin-bottom: 15px !important;}\u00a0\u00bb][vc_column_text css=\u00a0\u00bb.vc_custom_1636564178154{margin-bottom: 8px !important;}\u00a0\u00bb] Adresses courriel [\/vc_column_text][vc_column_text] dplante@gesticonnect.com Sylvain.Gagne@seb-admin.com [\/vc_column_text][\/vc_column][vc_column width=\u00a0\u00bb1\/3&Prime;][vc_icon icon_fontawesome=\u00a0\u00bbfas fa-phone\u00a0\u00bb color=\u00a0\u00bbwhite\u00a0\u00bb background_style=\u00a0\u00bbrounded\u00a0\u00bb background_color=\u00a0\u00bbblue\u00a0\u00bb align=\u00a0\u00bbcenter\u00a0\u00bb css=\u00a0\u00bb.vc_custom_1633531958666{margin-bottom: 15px !important;}\u00a0\u00bb][vc_column_text css=\u00a0\u00bb.vc_custom_1635778683935{margin-bottom: 8px !important;}\u00a0\u00bb] Num\u00e9ros de t\u00e9l\u00e9phone [\/vc_column_text][vc_column_text] +1 418 580 0123 [\/vc_column_text][\/vc_column][vc_column width=\u00a0\u00bb1\/3&Prime;][vc_icon icon_fontawesome=\u00a0\u00bbfas fa-map-marker-alt\u00a0\u00bb [&hellip;]<\/p>\n","protected":false},"author":1,"featured_media":0,"parent":0,"menu_order":0,"comment_status":"closed","ping_status":"closed","template":"","meta":{"bgseo_title":"","bgseo_description":"","bgseo_robots_index":"index","bgseo_robots_follow":"follow","footnotes":""},"class_list":["post-7002889","page","type-page","status-publish","hentry"],"yoast_head":"<!-- This site is optimized with the Yoast SEO plugin v21.7 - https:\/\/yoast.com\/wordpress\/plugins\/seo\/ -->\n<title>Nous joindre | Gesticonnect<\/title>\n<meta name=\"robots\" content=\"index, follow, max-snippet:-1, max-image-preview:large, max-video-preview:-1\" \/>\n<link rel=\"canonical\" href=\"https:\/\/gesticonnect.com\/fr-ca\/nous-joindre\/\" \/>\n<meta property=\"og:locale\" content=\"fr_CA\" \/>\n<meta property=\"og:type\" content=\"article\" \/>\n<meta property=\"og:title\" content=\"Nous joindre - Gesticonnect\" \/>\n<meta property=\"og:description\" content=\"[vc_row css=\u00a0\u00bb.vc_custom_1633531982123{padding-top: 20px !important;padding-bottom: 10px !important;}\u00a0\u00bb][vc_column width=\u00a0\u00bb1\/3&Prime;][vc_icon icon_fontawesome=\u00a0\u00bbfas fa-envelope\u00a0\u00bb color=\u00a0\u00bbwhite\u00a0\u00bb background_style=\u00a0\u00bbrounded\u00a0\u00bb background_color=\u00a0\u00bbblue\u00a0\u00bb align=\u00a0\u00bbcenter\u00a0\u00bb css=\u00a0\u00bb.vc_custom_1633531932803{margin-bottom: 15px !important;}\u00a0\u00bb][vc_column_text css=\u00a0\u00bb.vc_custom_1636564178154{margin-bottom: 8px !important;}\u00a0\u00bb] Adresses courriel [\/vc_column_text][vc_column_text] dplante@gesticonnect.com Sylvain.Gagne@seb-admin.com [\/vc_column_text][\/vc_column][vc_column width=\u00a0\u00bb1\/3&Prime;][vc_icon icon_fontawesome=\u00a0\u00bbfas fa-phone\u00a0\u00bb color=\u00a0\u00bbwhite\u00a0\u00bb background_style=\u00a0\u00bbrounded\u00a0\u00bb background_color=\u00a0\u00bbblue\u00a0\u00bb align=\u00a0\u00bbcenter\u00a0\u00bb css=\u00a0\u00bb.vc_custom_1633531958666{margin-bottom: 15px !important;}\u00a0\u00bb][vc_column_text css=\u00a0\u00bb.vc_custom_1635778683935{margin-bottom: 8px !important;}\u00a0\u00bb] Num\u00e9ros de t\u00e9l\u00e9phone [\/vc_column_text][vc_column_text] +1 418 580 0123 [\/vc_column_text][\/vc_column][vc_column width=\u00a0\u00bb1\/3&Prime;][vc_icon icon_fontawesome=\u00a0\u00bbfas fa-map-marker-alt\u00a0\u00bb [&hellip;]\" \/>\n<meta property=\"og:url\" content=\"https:\/\/gesticonnect.com\/fr-ca\/nous-joindre\/\" \/>\n<meta property=\"og:site_name\" content=\"Gesticonnect\" \/>\n<meta property=\"article:modified_time\" content=\"2024-03-28T23:07:03+00:00\" \/>\n<meta name=\"twitter:card\" content=\"summary_large_image\" \/>\n<meta name=\"twitter:label1\" content=\"Estimation du temps de lecture\" \/>\n\t<meta name=\"twitter:data1\" content=\"1 minute\" \/>\n<script type=\"application\/ld+json\" class=\"yoast-schema-graph\">{\"@context\":\"https:\/\/schema.org\",\"@graph\":[{\"@type\":\"WebPage\",\"@id\":\"https:\/\/gesticonnect.com\/fr-ca\/nous-joindre\/\",\"url\":\"https:\/\/gesticonnect.com\/fr-ca\/nous-joindre\/\",\"name\":\"Nous joindre - Gesticonnect\",\"isPartOf\":{\"@id\":\"https:\/\/gesticonnect.com\/#website\"},\"datePublished\":\"2021-10-29T16:03:46+00:00\",\"dateModified\":\"2024-03-28T23:07:03+00:00\",\"breadcrumb\":{\"@id\":\"https:\/\/gesticonnect.com\/fr-ca\/nous-joindre\/#breadcrumb\"},\"inLanguage\":\"fr-CA\",\"potentialAction\":[{\"@type\":\"ReadAction\",\"target\":[\"https:\/\/gesticonnect.com\/fr-ca\/nous-joindre\/\"]}]},{\"@type\":\"BreadcrumbList\",\"@id\":\"https:\/\/gesticonnect.com\/fr-ca\/nous-joindre\/#breadcrumb\",\"itemListElement\":[{\"@type\":\"ListItem\",\"position\":1,\"name\":\"Home\",\"item\":\"https:\/\/gesticonnect.com\/fr-ca\/accueil\/\"},{\"@type\":\"ListItem\",\"position\":2,\"name\":\"Nous joindre\"}]},{\"@type\":\"WebSite\",\"@id\":\"https:\/\/gesticonnect.com\/#website\",\"url\":\"https:\/\/gesticonnect.com\/\",\"name\":\"Gesticonnect\",\"description\":\"\",\"potentialAction\":[{\"@type\":\"SearchAction\",\"target\":{\"@type\":\"EntryPoint\",\"urlTemplate\":\"https:\/\/gesticonnect.com\/?s={search_term_string}\"},\"query-input\":\"required name=search_term_string\"}],\"inLanguage\":\"fr-CA\"}]}<\/script>\n<!-- \/ Yoast SEO plugin. -->","yoast_head_json":{"title":"Nous joindre | Gesticonnect","robots":{"index":"index","follow":"follow","max-snippet":"max-snippet:-1","max-image-preview":"max-image-preview:large","max-video-preview":"max-video-preview:-1"},"canonical":"https:\/\/gesticonnect.com\/fr-ca\/nous-joindre\/","og_locale":"fr_CA","og_type":"article","og_title":"Nous joindre - Gesticonnect","og_description":"[vc_row css=\u00a0\u00bb.vc_custom_1633531982123{padding-top: 20px !important;padding-bottom: 10px !important;}\u00a0\u00bb][vc_column width=\u00a0\u00bb1\/3&Prime;][vc_icon icon_fontawesome=\u00a0\u00bbfas fa-envelope\u00a0\u00bb color=\u00a0\u00bbwhite\u00a0\u00bb background_style=\u00a0\u00bbrounded\u00a0\u00bb background_color=\u00a0\u00bbblue\u00a0\u00bb align=\u00a0\u00bbcenter\u00a0\u00bb css=\u00a0\u00bb.vc_custom_1633531932803{margin-bottom: 15px !important;}\u00a0\u00bb][vc_column_text css=\u00a0\u00bb.vc_custom_1636564178154{margin-bottom: 8px !important;}\u00a0\u00bb] Adresses courriel [\/vc_column_text][vc_column_text] dplante@gesticonnect.com Sylvain.Gagne@seb-admin.com [\/vc_column_text][\/vc_column][vc_column width=\u00a0\u00bb1\/3&Prime;][vc_icon icon_fontawesome=\u00a0\u00bbfas fa-phone\u00a0\u00bb color=\u00a0\u00bbwhite\u00a0\u00bb background_style=\u00a0\u00bbrounded\u00a0\u00bb background_color=\u00a0\u00bbblue\u00a0\u00bb align=\u00a0\u00bbcenter\u00a0\u00bb css=\u00a0\u00bb.vc_custom_1633531958666{margin-bottom: 15px !important;}\u00a0\u00bb][vc_column_text css=\u00a0\u00bb.vc_custom_1635778683935{margin-bottom: 8px !important;}\u00a0\u00bb] Num\u00e9ros de t\u00e9l\u00e9phone [\/vc_column_text][vc_column_text] +1 418 580 0123 [\/vc_column_text][\/vc_column][vc_column width=\u00a0\u00bb1\/3&Prime;][vc_icon icon_fontawesome=\u00a0\u00bbfas fa-map-marker-alt\u00a0\u00bb [&hellip;]","og_url":"https:\/\/gesticonnect.com\/fr-ca\/nous-joindre\/","og_site_name":"Gesticonnect","article_modified_time":"2024-03-28T23:07:03+00:00","twitter_card":"summary_large_image","twitter_misc":{"Estimation du temps de lecture":"1 minute"},"schema":{"@context":"https:\/\/schema.org","@graph":[{"@type":"WebPage","@id":"https:\/\/gesticonnect.com\/fr-ca\/nous-joindre\/","url":"https:\/\/gesticonnect.com\/fr-ca\/nous-joindre\/","name":"Nous joindre - Gesticonnect","isPartOf":{"@id":"https:\/\/gesticonnect.com\/#website"},"datePublished":"2021-10-29T16:03:46+00:00","dateModified":"2024-03-28T23:07:03+00:00","breadcrumb":{"@id":"https:\/\/gesticonnect.com\/fr-ca\/nous-joindre\/#breadcrumb"},"inLanguage":"fr-CA","potentialAction":[{"@type":"ReadAction","target":["https:\/\/gesticonnect.com\/fr-ca\/nous-joindre\/"]}]},{"@type":"BreadcrumbList","@id":"https:\/\/gesticonnect.com\/fr-ca\/nous-joindre\/#breadcrumb","itemListElement":[{"@type":"ListItem","position":1,"name":"Home","item":"https:\/\/gesticonnect.com\/fr-ca\/accueil\/"},{"@type":"ListItem","position":2,"name":"Nous joindre"}]},{"@type":"WebSite","@id":"https:\/\/gesticonnect.com\/#website","url":"https:\/\/gesticonnect.com\/","name":"Gesticonnect","description":"","potentialAction":[{"@type":"SearchAction","target":{"@type":"EntryPoint","urlTemplate":"https:\/\/gesticonnect.com\/?s={search_term_string}"},"query-input":"required name=search_term_string"}],"inLanguage":"fr-CA"}]}},"jetpack_sharing_enabled":true,"_links":{"self":[{"href":"https:\/\/gesticonnect.com\/fr-ca\/wp-json\/wp\/v2\/pages\/7002889","targetHints":{"allow":["GET"]}}],"collection":[{"href":"https:\/\/gesticonnect.com\/fr-ca\/wp-json\/wp\/v2\/pages"}],"about":[{"href":"https:\/\/gesticonnect.com\/fr-ca\/wp-json\/wp\/v2\/types\/page"}],"author":[{"embeddable":true,"href":"https:\/\/gesticonnect.com\/fr-ca\/wp-json\/wp\/v2\/users\/1"}],"replies":[{"embeddable":true,"href":"https:\/\/gesticonnect.com\/fr-ca\/wp-json\/wp\/v2\/comments?post=7002889"}],"version-history":[{"count":18,"href":"https:\/\/gesticonnect.com\/fr-ca\/wp-json\/wp\/v2\/pages\/7002889\/revisions"}],"predecessor-version":[{"id":7004802,"href":"https:\/\/gesticonnect.com\/fr-ca\/wp-json\/wp\/v2\/pages\/7002889\/revisions\/7004802"}],"wp:attachment":[{"href":"https:\/\/gesticonnect.com\/fr-ca\/wp-json\/wp\/v2\/media?parent=7002889"}],"curies":[{"name":"wp","href":"https:\/\/api.w.org\/{rel}","templated":true}]}}