{"id":7002882,"date":"2021-10-29T16:03:45","date_gmt":"2021-10-29T16:03:45","guid":{"rendered":"https:\/\/gesticonnect.com\/marche-numerique\/"},"modified":"2021-11-01T15:27:40","modified_gmt":"2021-11-01T15:27:40","slug":"marche-numerique","status":"publish","type":"page","link":"https:\/\/gesticonnect.com\/fr-ca\/nos-solutions\/marche-numerique\/","title":{"rendered":"March\u00e9 num\u00e9rique"},"content":{"rendered":"<p>[vc_row equal_height=\u00a0\u00bbyes\u00a0\u00bb content_placement=\u00a0\u00bbmiddle\u00a0\u00bb css=\u00a0\u00bb.vc_custom_1633702834283{padding-top: 0px !important;padding-bottom: 20px !important;}\u00a0\u00bb el_class=\u00a0\u00bbdark-heading\u00a0\u00bb][vc_column width=\u00a0\u00bb1\/2&Prime; col_padding=\u00a0\u00bb2&Prime; col_padding_side=\u00a0\u00bbright\u00a0\u00bb][vc_column_text css=\u00a0\u00bb.vc_custom_1635780032771{margin-bottom: 18px !important;}\u00a0\u00bb]<\/p>\n<h3>Une technologie qui vous donne des choix<\/h3>\n<p>[\/vc_column_text][vc_column_text font_size=\u00a0\u00bbmedium\u00a0\u00bb]<\/p>\n<p class=\"p1\">Faites \u00e9quipe avec des fournisseurs qui proposent des outils de pointe s\u2019int\u00e9grant facilement \u00e0 notre technologie pour donner aux employ\u00e9s la tranquillit\u00e9 d\u2019esprit.<\/p>\n<p>[\/vc_column_text][\/vc_column][vc_column width=\u00a0\u00bb1\/2&Prime; col_padding=\u00a0\u00bb1&Prime; col_padding_side=\u00a0\u00bbleft\u00a0\u00bb css=\u00a0\u00bb.vc_custom_1633024017693{padding-top: 25px !important;}\u00a0\u00bb][vc_single_image image=\u00a0\u00bb7002869&Prime; css=\u00a0\u00bb.vc_custom_1634746490029{margin-bottom: 0px !important;}\u00a0\u00bb][\/vc_column][\/vc_row][vc_row equal_height=\u00a0\u00bbyes\u00a0\u00bb content_placement=\u00a0\u00bbmiddle\u00a0\u00bb bg_color_pre=\u00a0\u00bbbg-color-1&Prime; css=\u00a0\u00bb.vc_custom_1633026324576{padding-top: 10px !important;padding-bottom: 20px !important;}\u00a0\u00bb el_id=\u00a0\u00bbgesticonnect-volontaire-produits\u00a0\u00bb][vc_column col_padding_side=\u00a0\u00bbright\u00a0\u00bb css=\u00a0\u00bb.vc_custom_1493057150253{padding-bottom: 15px !important;}\u00a0\u00bb][vc_column_text css=\u00a0\u00bb.vc_custom_1635780067502{padding-top: 20px !important;padding-bottom: 20px !important;}\u00a0\u00bb el_class=\u00a0\u00bbDM-tabs-heading\u00a0\u00bb]<\/p>\n<div style=\"text-align: center;\">\n<p>Gesticonnect peut g\u00e9rer votre gamme de produits facultatifs et y int\u00e9grer des \u00e9l\u00e9ments au besoin.<\/p>\n<\/div>\n<p>[\/vc_column_text][vc_tta_tabs style=\u00a0\u00bbengage_boxed\u00a0\u00bb alignment=\u00a0\u00bbcenter\u00a0\u00bb active_section=\u00a0\u00bb1&Prime; css=\u00a0\u00bb.vc_custom_1634748244378{padding-top: 0px !important;}\u00a0\u00bb el_id=\u00a0\u00bbDM-tabs-sec\u00a0\u00bb][vc_tta_section title=\u00a0\u00bbPRODUITS D\u2019ASSURANCE FACULTATIFS\u00a0\u00bb tab_id=\u00a0\u00bbinsured-vp\u00a0\u00bb][vc_row_inner el_class=\u00a0\u00bbinsured-vol-prod\u00a0\u00bb][vc_column_inner width=\u00a0\u00bb1\/2&Prime;]<div class=\"vntd-icon-box vntd-content-element box-centered-outline icon-size-medium box-centered\"><div class=\"icon-box-icon color-gray\"><i class=\"fas fa-adjust\"><\/i><\/div><div class=\"icon-box-content\"><h5 class=\"icon-box-title\">Assurance maladies graves<\/h5><p class=\"icon-description\"><\/p><\/div><\/div>[vc_single_image image=\u00a0\u00bb7002851&Prime;][vc_single_image image=\u00a0\u00bb7002846&Prime; img_size=\u00a0\u00bbmedium\u00a0\u00bb][\/vc_column_inner][vc_column_inner width=\u00a0\u00bb1\/2&Prime;]<div class=\"vntd-icon-box vntd-content-element box-centered-outline icon-size-medium box-centered\"><div class=\"icon-box-icon color-gray\"><i class=\"fas fa-adjust\"><\/i><\/div><div class=\"icon-box-content\"><h5 class=\"icon-box-title\">Assurance vie<\/h5><p class=\"icon-description\"><\/p><\/div><\/div>[vc_single_image image=\u00a0\u00bb7002868&Prime;][vc_single_image image=\u00a0\u00bb7002849&Prime; img_size=\u00a0\u00bbmedium\u00a0\u00bb][\/vc_column_inner][\/vc_row_inner][vc_row_inner el_class=\u00a0\u00bbinsured-vol-prod\u00a0\u00bb][vc_column_inner width=\u00a0\u00bb1\/2&Prime;]<div class=\"vntd-icon-box vntd-content-element box-centered-outline icon-size-medium box-centered\"><div class=\"icon-box-icon color-gray\"><i class=\"fas fa-adjust\"><\/i><\/div><div class=\"icon-box-content\"><h5 class=\"icon-box-title\">Protection des retrait\u00e9s<\/h5><p class=\"icon-description\"><\/p><\/div><\/div>[vc_single_image image=\u00a0\u00bb7002860&Prime;][\/vc_column_inner][vc_column_inner width=\u00a0\u00bb1\/2&Prime;]<div class=\"vntd-icon-box vntd-content-element box-centered-outline icon-size-medium box-centered\"><div class=\"icon-box-icon color-gray\"><i class=\"fas fa-adjust\"><\/i><\/div><div class=\"icon-box-content\"><h5 class=\"icon-box-title\">Protection en cas de blessure accidentelle<\/h5><p class=\"icon-description\"><\/p><\/div><\/div>[vc_single_image image=\u00a0\u00bb7002843&Prime;][\/vc_column_inner][\/vc_row_inner][\/vc_tta_section][vc_tta_section title=\u00a0\u00bbAUTRES PRODUITS FACULTATIFS\u00a0\u00bb tab_id=\u00a0\u00bbother-vp\u00a0\u00bb][vc_row_inner el_class=\u00a0\u00bbother-vol-prod\u00a0\u00bb css=\u00a0\u00bb.vc_custom_1633035710995{padding-bottom: 30px !important;}\u00a0\u00bb][vc_column_inner width=\u00a0\u00bb1\/3&Prime;]<div class=\"vntd-icon-box vntd-content-element box-centered-outline icon-size-medium box-centered\"><div class=\"icon-box-icon color-gray\"><i class=\"fas fa-adjust\"><\/i><\/div><div class=\"icon-box-content\"><h5 class=\"icon-box-title\">T\u00e9l\u00e9m\u00e9decine <\/h5><p class=\"icon-description\"><\/p><\/div><\/div>[vc_single_image image=\u00a0\u00bb7002864&Prime;][vc_single_image image=\u00a0\u00bb7002871&Prime; img_size=\u00a0\u00bbmedium\u00a0\u00bb][\/vc_column_inner][vc_column_inner width=\u00a0\u00bb1\/3&Prime;]<div class=\"vntd-icon-box vntd-content-element box-centered-outline icon-size-medium box-centered\"><div class=\"icon-box-icon color-gray\"><i class=\"fas fa-adjust\"><\/i><\/div><div class=\"icon-box-content\"><h5 class=\"icon-box-title\">PAE en ligne : Parcours de vie<sup>MC <\/sup><\/h5><p class=\"icon-description\"><\/p><\/div><\/div>[vc_single_image image=\u00a0\u00bb7002865&Prime;][vc_single_image image=\u00a0\u00bb7002871&Prime; img_size=\u00a0\u00bbmedium\u00a0\u00bb][\/vc_column_inner][vc_column_inner width=\u00a0\u00bb1\/3&Prime;]<div class=\"vntd-icon-box vntd-content-element box-centered-outline icon-size-medium box-centered\"><div class=\"icon-box-icon color-gray\"><i class=\"fas fa-adjust\"><\/i><\/div><div class=\"icon-box-content\"><h5 class=\"icon-box-title\">Solutions de placement<\/h5><p class=\"icon-description\"><\/p><\/div><\/div>[vc_single_image image=\u00a0\u00bb7002866&Prime;][vc_single_image image=\u00a0\u00bb7002845&Prime; img_size=\u00a0\u00bbmedium\u00a0\u00bb][\/vc_column_inner][\/vc_row_inner][vc_row_inner el_class=\u00a0\u00bbother-vol-prod\u00a0\u00bb][vc_column_inner width=\u00a0\u00bb1\/3&Prime;]<div class=\"vntd-icon-box vntd-content-element box-centered-outline icon-size-medium box-centered\"><div class=\"icon-box-icon color-gray\"><i class=\"fas fa-adjust\"><\/i><\/div><div class=\"icon-box-content\"><h5 class=\"icon-box-title\">Rabais Workperks<\/h5><p class=\"icon-description\"><\/p><\/div><\/div>[vc_single_image image=\u00a0\u00bb7002861&Prime;][vc_single_image image=\u00a0\u00bb7002872&Prime; img_size=\u00a0\u00bb170&#215;40&Prime;][\/vc_column_inner][vc_column_inner width=\u00a0\u00bb1\/3&Prime;]<div class=\"vntd-icon-box vntd-content-element box-centered-outline icon-size-medium box-centered\"><div class=\"icon-box-icon color-gray\"><i class=\"fas fa-adjust\"><\/i><\/div><div class=\"icon-box-content\"><h5 class=\"icon-box-title\">Assurance pour animaux de compagnie<\/h5><p class=\"icon-description\"><\/p><\/div><\/div>[vc_single_image image=\u00a0\u00bb7002862&Prime;][vc_single_image img_size=\u00a0\u00bbmedium\u00a0\u00bb el_class=\u00a0\u00bbprod-no-img\u00a0\u00bb][\/vc_column_inner][vc_column_inner width=\u00a0\u00bb1\/3&Prime;]<div class=\"vntd-icon-box vntd-content-element box-centered-outline icon-size-medium box-centered\"><div class=\"icon-box-icon color-gray\"><i class=\"fas fa-adjust\"><\/i><\/div><div class=\"icon-box-content\"><h5 class=\"icon-box-title\">Assurance automobile<\/h5><p class=\"icon-description\"><\/p><\/div><\/div>[vc_single_image image=\u00a0\u00bb7002867&Prime;][vc_single_image img_size=\u00a0\u00bbmedium\u00a0\u00bb el_class=\u00a0\u00bbprod-no-img\u00a0\u00bb][\/vc_column_inner][\/vc_row_inner][vc_row_inner el_class=\u00a0\u00bbother-vol-prod\u00a0\u00bb][vc_column_inner width=\u00a0\u00bb1\/3&Prime;]<div class=\"vntd-icon-box vntd-content-element box-centered-outline icon-size-medium box-centered\"><div class=\"icon-box-icon color-gray\"><i class=\"fas fa-adjust\"><\/i><\/div><div class=\"icon-box-content\"><h5 class=\"icon-box-title\">Assurance habitation<\/h5><p class=\"icon-description\"><\/p><\/div><\/div>[vc_single_image image=\u00a0\u00bb7002863&Prime;][vc_single_image img_size=\u00a0\u00bbmedium\u00a0\u00bb el_class=\u00a0\u00bbprod-no-img\u00a0\u00bb][\/vc_column_inner][\/vc_row_inner][\/vc_tta_section][\/vc_tta_tabs][\/vc_column][\/vc_row][vc_row full_width=\u00a0\u00bbstretch_row_content_no_spaces\u00a0\u00bb bg_overlay=\u00a0\u00bbaccent\u00a0\u00bb css=\u00a0\u00bb.vc_custom_1628095853438{padding-top: 45px !important;padding-bottom: 40px !important;background-image: url(http:\/\/engage.veented.com\/demo-main\/wp-content\/uploads\/sites\/104\/2017\/09\/full-7.jpg?id=2024) !important;}\u00a0\u00bb el_id=\u00a0\u00bbservices &#8211; OTC\u00a0\u00bb][vc_column]<div class=\"vntd-cta cta-text-color-white bg-color-none cta-align-center\"><div class=\"container\"><div class=\"row\"><div class=\"cta-texts\"><h2 class=\"cta-heading\"><span>Vous \u00eates convaincus?<\/span><\/h2><p class=\"cta-subtitle\">Voyez comment vous pouvez profiter d\u2019une exp\u00e9rience en ligne!<\/p><\/div><div class=\"cta-buttons\"><a href=\"https:\/\/gesticonnect.com\/fr-ca\/nous-joindre\/\" title=\"Contact\" class=\"btn cta-btn1 btn-outline btn-white btn-hover-white\">NOUS JOINDRE<\/a><\/div><\/div><\/div><\/div>[\/vc_column][\/vc_row]<\/p>\n","protected":false},"excerpt":{"rendered":"<p>[vc_row equal_height=\u00a0\u00bbyes\u00a0\u00bb content_placement=\u00a0\u00bbmiddle\u00a0\u00bb css=\u00a0\u00bb.vc_custom_1633702834283{padding-top: 0px !important;padding-bottom: 20px !important;}\u00a0\u00bb el_class=\u00a0\u00bbdark-heading\u00a0\u00bb][vc_column width=\u00a0\u00bb1\/2&Prime; col_padding=\u00a0\u00bb2&Prime; col_padding_side=\u00a0\u00bbright\u00a0\u00bb][vc_column_text css=\u00a0\u00bb.vc_custom_1635780032771{margin-bottom: 18px !important;}\u00a0\u00bb] Une technologie qui vous donne des choix [\/vc_column_text][vc_column_text font_size=\u00a0\u00bbmedium\u00a0\u00bb] Faites \u00e9quipe avec des fournisseurs qui proposent des outils de pointe s\u2019int\u00e9grant facilement \u00e0 notre technologie pour donner aux employ\u00e9s la tranquillit\u00e9 d\u2019esprit. [\/vc_column_text][\/vc_column][vc_column width=\u00a0\u00bb1\/2&Prime; col_padding=\u00a0\u00bb1&Prime; [&hellip;]<\/p>\n","protected":false},"author":1,"featured_media":0,"parent":7002913,"menu_order":0,"comment_status":"closed","ping_status":"closed","template":"","meta":{"bgseo_title":"","bgseo_description":"","bgseo_robots_index":"index","bgseo_robots_follow":"follow","footnotes":""},"class_list":["post-7002882","page","type-page","status-publish","hentry"],"yoast_head":"<!-- This site is optimized with the Yoast SEO plugin v21.7 - https:\/\/yoast.com\/wordpress\/plugins\/seo\/ -->\n<title>March\u00e9 num\u00e9rique | Gesticonnect<\/title>\n<meta name=\"robots\" content=\"index, follow, max-snippet:-1, max-image-preview:large, max-video-preview:-1\" \/>\n<link rel=\"canonical\" href=\"https:\/\/gesticonnect.com\/fr-ca\/nos-solutions\/marche-numerique\/\" \/>\n<meta property=\"og:locale\" content=\"fr_CA\" \/>\n<meta property=\"og:type\" content=\"article\" \/>\n<meta property=\"og:title\" content=\"March\u00e9 num\u00e9rique - Gesticonnect\" \/>\n<meta property=\"og:description\" content=\"[vc_row equal_height=\u00a0\u00bbyes\u00a0\u00bb content_placement=\u00a0\u00bbmiddle\u00a0\u00bb css=\u00a0\u00bb.vc_custom_1633702834283{padding-top: 0px !important;padding-bottom: 20px !important;}\u00a0\u00bb el_class=\u00a0\u00bbdark-heading\u00a0\u00bb][vc_column width=\u00a0\u00bb1\/2&Prime; col_padding=\u00a0\u00bb2&Prime; col_padding_side=\u00a0\u00bbright\u00a0\u00bb][vc_column_text css=\u00a0\u00bb.vc_custom_1635780032771{margin-bottom: 18px !important;}\u00a0\u00bb] Une technologie qui vous donne des choix [\/vc_column_text][vc_column_text font_size=\u00a0\u00bbmedium\u00a0\u00bb] Faites \u00e9quipe avec des fournisseurs qui proposent des outils de pointe s\u2019int\u00e9grant facilement \u00e0 notre technologie pour donner aux employ\u00e9s la tranquillit\u00e9 d\u2019esprit. [\/vc_column_text][\/vc_column][vc_column width=\u00a0\u00bb1\/2&Prime; col_padding=\u00a0\u00bb1&Prime; [&hellip;]\" \/>\n<meta property=\"og:url\" content=\"https:\/\/gesticonnect.com\/fr-ca\/nos-solutions\/marche-numerique\/\" \/>\n<meta property=\"og:site_name\" content=\"Gesticonnect\" \/>\n<meta property=\"article:modified_time\" content=\"2021-11-01T15:27:40+00:00\" \/>\n<meta name=\"twitter:card\" content=\"summary_large_image\" \/>\n<meta name=\"twitter:label1\" content=\"Estimation du temps de lecture\" \/>\n\t<meta name=\"twitter:data1\" content=\"3 minutes\" \/>\n<script type=\"application\/ld+json\" class=\"yoast-schema-graph\">{\"@context\":\"https:\/\/schema.org\",\"@graph\":[{\"@type\":\"WebPage\",\"@id\":\"https:\/\/gesticonnect.com\/fr-ca\/nos-solutions\/marche-numerique\/\",\"url\":\"https:\/\/gesticonnect.com\/fr-ca\/nos-solutions\/marche-numerique\/\",\"name\":\"March\u00e9 num\u00e9rique - Gesticonnect\",\"isPartOf\":{\"@id\":\"https:\/\/gesticonnect.com\/#website\"},\"datePublished\":\"2021-10-29T16:03:45+00:00\",\"dateModified\":\"2021-11-01T15:27:40+00:00\",\"breadcrumb\":{\"@id\":\"https:\/\/gesticonnect.com\/fr-ca\/nos-solutions\/marche-numerique\/#breadcrumb\"},\"inLanguage\":\"fr-CA\",\"potentialAction\":[{\"@type\":\"ReadAction\",\"target\":[\"https:\/\/gesticonnect.com\/fr-ca\/nos-solutions\/marche-numerique\/\"]}]},{\"@type\":\"BreadcrumbList\",\"@id\":\"https:\/\/gesticonnect.com\/fr-ca\/nos-solutions\/marche-numerique\/#breadcrumb\",\"itemListElement\":[{\"@type\":\"ListItem\",\"position\":1,\"name\":\"Home\",\"item\":\"https:\/\/gesticonnect.com\/fr-ca\/accueil\/\"},{\"@type\":\"ListItem\",\"position\":2,\"name\":\"Nos solutions\",\"item\":\"https:\/\/gesticonnect.com\/fr-ca\/nos-solutions\/\"},{\"@type\":\"ListItem\",\"position\":3,\"name\":\"March\u00e9 num\u00e9rique\"}]},{\"@type\":\"WebSite\",\"@id\":\"https:\/\/gesticonnect.com\/#website\",\"url\":\"https:\/\/gesticonnect.com\/\",\"name\":\"Gesticonnect\",\"description\":\"\",\"potentialAction\":[{\"@type\":\"SearchAction\",\"target\":{\"@type\":\"EntryPoint\",\"urlTemplate\":\"https:\/\/gesticonnect.com\/?s={search_term_string}\"},\"query-input\":\"required name=search_term_string\"}],\"inLanguage\":\"fr-CA\"}]}<\/script>\n<!-- \/ Yoast SEO plugin. -->","yoast_head_json":{"title":"March\u00e9 num\u00e9rique | Gesticonnect","robots":{"index":"index","follow":"follow","max-snippet":"max-snippet:-1","max-image-preview":"max-image-preview:large","max-video-preview":"max-video-preview:-1"},"canonical":"https:\/\/gesticonnect.com\/fr-ca\/nos-solutions\/marche-numerique\/","og_locale":"fr_CA","og_type":"article","og_title":"March\u00e9 num\u00e9rique - Gesticonnect","og_description":"[vc_row equal_height=\u00a0\u00bbyes\u00a0\u00bb content_placement=\u00a0\u00bbmiddle\u00a0\u00bb css=\u00a0\u00bb.vc_custom_1633702834283{padding-top: 0px !important;padding-bottom: 20px !important;}\u00a0\u00bb el_class=\u00a0\u00bbdark-heading\u00a0\u00bb][vc_column width=\u00a0\u00bb1\/2&Prime; col_padding=\u00a0\u00bb2&Prime; col_padding_side=\u00a0\u00bbright\u00a0\u00bb][vc_column_text css=\u00a0\u00bb.vc_custom_1635780032771{margin-bottom: 18px !important;}\u00a0\u00bb] Une technologie qui vous donne des choix [\/vc_column_text][vc_column_text font_size=\u00a0\u00bbmedium\u00a0\u00bb] Faites \u00e9quipe avec des fournisseurs qui proposent des outils de pointe s\u2019int\u00e9grant facilement \u00e0 notre technologie pour donner aux employ\u00e9s la tranquillit\u00e9 d\u2019esprit. [\/vc_column_text][\/vc_column][vc_column width=\u00a0\u00bb1\/2&Prime; col_padding=\u00a0\u00bb1&Prime; [&hellip;]","og_url":"https:\/\/gesticonnect.com\/fr-ca\/nos-solutions\/marche-numerique\/","og_site_name":"Gesticonnect","article_modified_time":"2021-11-01T15:27:40+00:00","twitter_card":"summary_large_image","twitter_misc":{"Estimation du temps de lecture":"3 minutes"},"schema":{"@context":"https:\/\/schema.org","@graph":[{"@type":"WebPage","@id":"https:\/\/gesticonnect.com\/fr-ca\/nos-solutions\/marche-numerique\/","url":"https:\/\/gesticonnect.com\/fr-ca\/nos-solutions\/marche-numerique\/","name":"March\u00e9 num\u00e9rique - Gesticonnect","isPartOf":{"@id":"https:\/\/gesticonnect.com\/#website"},"datePublished":"2021-10-29T16:03:45+00:00","dateModified":"2021-11-01T15:27:40+00:00","breadcrumb":{"@id":"https:\/\/gesticonnect.com\/fr-ca\/nos-solutions\/marche-numerique\/#breadcrumb"},"inLanguage":"fr-CA","potentialAction":[{"@type":"ReadAction","target":["https:\/\/gesticonnect.com\/fr-ca\/nos-solutions\/marche-numerique\/"]}]},{"@type":"BreadcrumbList","@id":"https:\/\/gesticonnect.com\/fr-ca\/nos-solutions\/marche-numerique\/#breadcrumb","itemListElement":[{"@type":"ListItem","position":1,"name":"Home","item":"https:\/\/gesticonnect.com\/fr-ca\/accueil\/"},{"@type":"ListItem","position":2,"name":"Nos solutions","item":"https:\/\/gesticonnect.com\/fr-ca\/nos-solutions\/"},{"@type":"ListItem","position":3,"name":"March\u00e9 num\u00e9rique"}]},{"@type":"WebSite","@id":"https:\/\/gesticonnect.com\/#website","url":"https:\/\/gesticonnect.com\/","name":"Gesticonnect","description":"","potentialAction":[{"@type":"SearchAction","target":{"@type":"EntryPoint","urlTemplate":"https:\/\/gesticonnect.com\/?s={search_term_string}"},"query-input":"required name=search_term_string"}],"inLanguage":"fr-CA"}]}},"jetpack_sharing_enabled":true,"_links":{"self":[{"href":"https:\/\/gesticonnect.com\/fr-ca\/wp-json\/wp\/v2\/pages\/7002882","targetHints":{"allow":["GET"]}}],"collection":[{"href":"https:\/\/gesticonnect.com\/fr-ca\/wp-json\/wp\/v2\/pages"}],"about":[{"href":"https:\/\/gesticonnect.com\/fr-ca\/wp-json\/wp\/v2\/types\/page"}],"author":[{"embeddable":true,"href":"https:\/\/gesticonnect.com\/fr-ca\/wp-json\/wp\/v2\/users\/1"}],"replies":[{"embeddable":true,"href":"https:\/\/gesticonnect.com\/fr-ca\/wp-json\/wp\/v2\/comments?post=7002882"}],"version-history":[{"count":17,"href":"https:\/\/gesticonnect.com\/fr-ca\/wp-json\/wp\/v2\/pages\/7002882\/revisions"}],"predecessor-version":[{"id":7003170,"href":"https:\/\/gesticonnect.com\/fr-ca\/wp-json\/wp\/v2\/pages\/7002882\/revisions\/7003170"}],"up":[{"embeddable":true,"href":"https:\/\/gesticonnect.com\/fr-ca\/wp-json\/wp\/v2\/pages\/7002913"}],"wp:attachment":[{"href":"https:\/\/gesticonnect.com\/fr-ca\/wp-json\/wp\/v2\/media?parent=7002882"}],"curies":[{"name":"wp","href":"https:\/\/api.w.org\/{rel}","templated":true}]}}